{"id":29850,"date":"2021-12-09T22:46:00","date_gmt":"2021-12-09T21:46:00","guid":{"rendered":"https:\/\/pepiniereezavin.fr\/?post_type=product&#038;p=29850"},"modified":"2022-11-26T11:13:48","modified_gmt":"2022-11-26T10:13:48","slug":"sedum-subtile-pb-08-639","status":"publish","type":"product","link":"https:\/\/staging.pepiniereezavin.com\/en\/product\/sedum-subtile-pb-08-639\/","title":{"rendered":"Sedum subtile PB 08-639"},"content":{"rendered":"<p>Cette esp\u00e8ce \u00e0 petites feuilles est tr\u00e8s tapissante et a une grande vitesse de croissance. Se pla\u00eet ici tr\u00e8s bien \u00e0 l&rsquo;ombre humide&#8230; ce qui est original pour une plante grasse, mais c&rsquo;est dans ce milieu qu&rsquo;elle pousse naturellement, au Japon (archipel d&rsquo;Izu). Elle passe l&rsquo;hiver ici sous forme de rosettes denses qui red\u00e9marrent au printemps. Rustique -8\u00b0C depuis 4 ans.<\/p>\n<p><span style=\"text-decoration: underline;\">Hauteur adulte<\/span>\u00a0: 5\/10.\u00a0<span style=\"text-decoration: underline;\">Origine g\u00e9ographique<\/span>\u00a0: Chine, Vietnam.\u00a0<span style=\"text-decoration: underline;\">Persistance hiver<\/span>\u00a0: Persistant.\u00a0<span style=\"text-decoration: underline;\">Rusticit\u00e9 USDA<\/span>\u00a0: Zone 8, peut-\u00eatre moins.<\/p>","protected":false},"excerpt":{"rendered":"<p>Cette esp\u00e8ce \u00e0 petites feuilles est tr\u00e8s tapissante et a une grande vitesse de croissance. Se pla\u00eet ici tr\u00e8s bien \u00e0 l&rsquo;ombre humide&#8230; ce qui est original pour une plante grasse, mais c&rsquo;est dans ce milieu qu&rsquo;elle pousse naturellement, au Japon (archipel d&rsquo;Izu). Elle passe l&rsquo;hiver ici sous forme de rosettes denses qui red\u00e9marrent au printemps. Rustique -8\u00b0C depuis 4 ans.<\/p>\n<p><span style=\"text-decoration: underline;\">Hauteur adulte<\/span>\u00a0: 5\/100.\u00a0<span style=\"text-decoration: underline;\">Origine g\u00e9ographique<\/span>\u00a0: Chine, Vietnam.\u00a0<span style=\"text-decoration: underline;\">Persistance hiver<\/span>\u00a0: Persistant.\u00a0<span style=\"text-decoration: underline;\">Rusticit\u00e9 USDA<\/span>\u00a0: Zone 8, peut-\u00eatre moins.<\/p>","protected":false},"featured_media":29878,"template":"","meta":{"site-sidebar-layout":"default","site-content-layout":"default","ast-global-header-display":"","ast-main-header-display":"","ast-hfb-above-header-display":"","ast-hfb-below-header-display":"","ast-hfb-mobile-header-display":"","site-post-title":"","ast-breadcrumbs-content":"","ast-featured-img":"","footer-sml-layout":"","theme-transparent-header-meta":"default","adv-header-id-meta":"","stick-header-meta":"default","header-above-stick-meta":"","header-main-stick-meta":"","header-below-stick-meta":""},"product_cat":[537,554,552],"product_tag":[526,529,532,558,533,557],"class_list":["post-29850","product","type-product","status-publish","has-post-thumbnail","hentry","product_cat-autres-plantes","product_cat-autres-plantes-pour-terrarium","product_cat-autres-plantes-pour-climat-doux","product_tag-plantes-couvre-sol","product_tag-plantes-origine-asiatique","product_tag-plantes-pour-berges","product_tag-plantes-pour-climats-doux","product_tag-plantes-pour-mur-vegetaux","product_tag-plantes-pour-terrarium","pa_taille-du-pot-godet-carre-8x8-ou-9x9","desktop-align-center","tablet-align-center","mobile-align-center","ast-product-gallery-layout-horizontal","ast-product-gallery-with-no-image","ast-product-single-variable","ast-product-tabs-layout-horizontal","ast-qv-on-image"],"_links":{"self":[{"href":"https:\/\/staging.pepiniereezavin.com\/en\/wp-json\/wp\/v2\/product\/29850","targetHints":{"allow":["GET"]}}],"collection":[{"href":"https:\/\/staging.pepiniereezavin.com\/en\/wp-json\/wp\/v2\/product"}],"about":[{"href":"https:\/\/staging.pepiniereezavin.com\/en\/wp-json\/wp\/v2\/types\/product"}],"wp:featuredmedia":[{"embeddable":true,"href":"https:\/\/staging.pepiniereezavin.com\/en\/wp-json\/wp\/v2\/media\/29878"}],"wp:attachment":[{"href":"https:\/\/staging.pepiniereezavin.com\/en\/wp-json\/wp\/v2\/media?parent=29850"}],"wp:term":[{"taxonomy":"product_cat","embeddable":true,"href":"https:\/\/staging.pepiniereezavin.com\/en\/wp-json\/wp\/v2\/product_cat?post=29850"},{"taxonomy":"product_tag","embeddable":true,"href":"https:\/\/staging.pepiniereezavin.com\/en\/wp-json\/wp\/v2\/product_tag?post=29850"}],"curies":[{"name":"wp","href":"https:\/\/api.w.org\/{rel}","templated":true}]}}