{"id":29851,"date":"2021-12-09T22:46:00","date_gmt":"2021-12-09T21:46:00","guid":{"rendered":"https:\/\/pepiniereezavin.fr\/?post_type=product&#038;p=29851"},"modified":"2022-07-16T17:36:55","modified_gmt":"2022-07-16T15:36:55","slug":"seemannia-nematanthodes-evita","status":"publish","type":"product","link":"https:\/\/staging.pepiniereezavin.com\/en\/product\/seemannia-nematanthodes-evita\/","title":{"rendered":"Seemannia nematanthodes &lsquo;Evita&rsquo;"},"content":{"rendered":"<p>Cette herbac\u00e9e drageonnante (mini \u00ab\u00a0tubercules\u00a0\u00bb souterrains) forme un tapis de feuilles duveteuses se couvrant de <strong>fleurs rouge-orang\u00e9 tubulaires pendant toute l&rsquo;arri\u00e8re saison<\/strong>. Pour ombre claire \u00e0 soleil tamis\u00e9, arrosage r\u00e9gulier pendant la v\u00e9g\u00e9tation, c&rsquo;est un tr\u00e8s beau massif en mi-ombre. S&rsquo;adapte aussi tr\u00e8s\u00a0bien sur un <strong>mur v\u00e9g\u00e9tal<\/strong> et colonise. R-10\u00b0C environ.<\/p>\n<p><span style=\"text-decoration: underline;\">Hauteur adulte<\/span>\u00a0: 20\/40.\u00a0<span style=\"text-decoration: underline;\">Origine g\u00e9ographique<\/span>\u00a0: origine horticole.\u00a0<span style=\"text-decoration: underline;\">Persistance hiver<\/span>\u00a0: Caduque.\u00a0<span style=\"text-decoration: underline;\">Rusticit\u00e9 USDA<\/span> : Zone 8 (-12.2\u00b0C\/-6.7\u00b0C).<\/p>","protected":false},"excerpt":{"rendered":"<p>Cette herbac\u00e9e drageonnante (mini \u00ab\u00a0tubercules\u00a0\u00bb souterrains) forme un tapis de feuilles duveteuses se couvrant de <strong>fleurs rouge-orang\u00e9 tubulaires pendant toute l&rsquo;arri\u00e8re saison<\/strong>. Pour ombre claire \u00e0 soleil tamis\u00e9, arrosage r\u00e9gulier pendant la v\u00e9g\u00e9tation, c&rsquo;est un tr\u00e8s beau massif en mi-ombre. S&rsquo;adapte aussi tr\u00e8s\u00a0bien sur un <strong>mur v\u00e9g\u00e9tal<\/strong> et colonise. R-10\u00b0C environ.<\/p>\n<p><span style=\"text-decoration: underline;\">Hauteur adulte<\/span>\u00a0: 20\/40.\u00a0<span style=\"text-decoration: underline;\">Origine g\u00e9ographique<\/span>\u00a0: origine horticole.\u00a0<span style=\"text-decoration: underline;\">Persistance hiver<\/span>\u00a0: Caduque.\u00a0<span style=\"text-decoration: underline;\">Rusticit\u00e9 USDA<\/span> : Zone 8 (-12.2\u00b0C\/-6.7\u00b0C).<\/p>","protected":false},"featured_media":29879,"template":"","meta":{"site-sidebar-layout":"default","site-content-layout":"default","ast-global-header-display":"","ast-main-header-display":"","ast-hfb-above-header-display":"","ast-hfb-below-header-display":"","ast-hfb-mobile-header-display":"","site-post-title":"","ast-breadcrumbs-content":"","ast-featured-img":"","footer-sml-layout":"","theme-transparent-header-meta":"default","adv-header-id-meta":"","stick-header-meta":"default","header-above-stick-meta":"","header-main-stick-meta":"","header-below-stick-meta":""},"product_cat":[537,552,553],"product_tag":[526,528,558,559,533],"class_list":["post-29851","product","type-product","status-publish","has-post-thumbnail","hentry","product_cat-autres-plantes","product_cat-autres-plantes-pour-climat-doux","product_cat-autres-plantes-pour-climat-frais","product_tag-plantes-couvre-sol","product_tag-plantes-origine-americaine","product_tag-plantes-pour-climats-doux","product_tag-plantes-pour-climats-frais","product_tag-plantes-pour-mur-vegetaux","pa_taille-du-pot-pot-10-12-cm-diametre","desktop-align-center","tablet-align-center","mobile-align-center","ast-product-gallery-layout-horizontal","ast-product-gallery-with-no-image","ast-product-single-variable","ast-product-tabs-layout-horizontal","ast-qv-on-image"],"_links":{"self":[{"href":"https:\/\/staging.pepiniereezavin.com\/en\/wp-json\/wp\/v2\/product\/29851","targetHints":{"allow":["GET"]}}],"collection":[{"href":"https:\/\/staging.pepiniereezavin.com\/en\/wp-json\/wp\/v2\/product"}],"about":[{"href":"https:\/\/staging.pepiniereezavin.com\/en\/wp-json\/wp\/v2\/types\/product"}],"wp:featuredmedia":[{"embeddable":true,"href":"https:\/\/staging.pepiniereezavin.com\/en\/wp-json\/wp\/v2\/media\/29879"}],"wp:attachment":[{"href":"https:\/\/staging.pepiniereezavin.com\/en\/wp-json\/wp\/v2\/media?parent=29851"}],"wp:term":[{"taxonomy":"product_cat","embeddable":true,"href":"https:\/\/staging.pepiniereezavin.com\/en\/wp-json\/wp\/v2\/product_cat?post=29851"},{"taxonomy":"product_tag","embeddable":true,"href":"https:\/\/staging.pepiniereezavin.com\/en\/wp-json\/wp\/v2\/product_tag?post=29851"}],"curies":[{"name":"wp","href":"https:\/\/api.w.org\/{rel}","templated":true}]}}