{"id":29854,"date":"2021-12-09T22:46:01","date_gmt":"2021-12-09T21:46:01","guid":{"rendered":"https:\/\/pepiniereezavin.fr\/?post_type=product&#038;p=29854"},"modified":"2022-06-24T17:53:46","modified_gmt":"2022-06-24T15:53:46","slug":"solanum-aff-bonariense","status":"publish","type":"product","link":"https:\/\/staging.pepiniereezavin.com\/en\/product\/solanum-aff-bonariense\/","title":{"rendered":"Solanum  aff. bonariense"},"content":{"rendered":"<p>Arbuste drageonnant \u00e0 fleurs blanches tr\u00e8s parfum\u00e9es (noix de coco, jasmin,&#8230;) l&rsquo;\u00e9t\u00e9 et l&rsquo;automne. Voici une plante tr\u00e8s vigoureuse : quelle que soit la terre, au soleil, \u00e0 l&rsquo;ombre, au sec, dans les endroits frais. Feuilles peu lob\u00e9es, tiges portant de fines \u00e9pines cassantes. Elle s&rsquo;ins\u00e8re tr\u00e8s bien dans une haie vive. Les branches fleuries font de tr\u00e8s beaux bouquets qui embaument.<\/p>\n<p><span style=\"text-decoration: underline;\">Hauteur adulte<\/span>\u00a0: 100\/200.\u00a0<span style=\"text-decoration: underline;\">Origine g\u00e9ographique<\/span>\u00a0: Am\u00e9rique du Sud.\u00a0<span style=\"text-decoration: underline;\">Persistance hiver<\/span>\u00a0: Caduque.\u00a0<span style=\"text-decoration: underline;\">Rusticit\u00e9 USDA<\/span>\u00a0: Zone 7\/8.<\/p>","protected":false},"excerpt":{"rendered":"<p>Arbuste drageonnant \u00e0 fleurs blanches tr\u00e8s parfum\u00e9es (noix de coco, jasmin,&#8230;) l&rsquo;\u00e9t\u00e9 et l&rsquo;automne. Voici une plante tr\u00e8s vigoureuse : quelle que soit la terre, au soleil, \u00e0 l&rsquo;ombre, au sec, dans les endroits frais. Feuilles peu lob\u00e9es, tiges portant de fines \u00e9pines cassantes. Elle s&rsquo;ins\u00e8re tr\u00e8s bien dans une haie vive. Les branches fleuries font de tr\u00e8s beaux bouquets qui embaument.<\/p>\n<p><span style=\"text-decoration: underline;\">Hauteur adulte<\/span>\u00a0: 100\/200.\u00a0<span style=\"text-decoration: underline;\">Origine g\u00e9ographique<\/span>\u00a0: Am\u00e9rique du Sud.\u00a0<span style=\"text-decoration: underline;\">Persistance hiver<\/span>\u00a0: Caduque.\u00a0<span style=\"text-decoration: underline;\">Rusticit\u00e9 USDA<\/span>\u00a0: Zone 7\/8.<\/p>","protected":false},"featured_media":29882,"template":"","meta":{"site-sidebar-layout":"default","site-content-layout":"default","ast-global-header-display":"","ast-main-header-display":"","ast-hfb-above-header-display":"","ast-hfb-below-header-display":"","ast-hfb-mobile-header-display":"","site-post-title":"","ast-breadcrumbs-content":"","ast-featured-img":"","footer-sml-layout":"","theme-transparent-header-meta":"default","adv-header-id-meta":"","stick-header-meta":"default","header-above-stick-meta":"","header-main-stick-meta":"","header-below-stick-meta":""},"product_cat":[537,552,553],"product_tag":[528,558,559],"class_list":["post-29854","product","type-product","status-publish","has-post-thumbnail","hentry","product_cat-autres-plantes","product_cat-autres-plantes-pour-climat-doux","product_cat-autres-plantes-pour-climat-frais","product_tag-plantes-origine-americaine","product_tag-plantes-pour-climats-doux","product_tag-plantes-pour-climats-frais","pa_taille-du-pot-pot-12-14-cm-diametre","desktop-align-center","tablet-align-center","mobile-align-center","ast-product-gallery-layout-horizontal","ast-product-gallery-with-no-image","ast-product-single-variable","ast-product-tabs-layout-horizontal","ast-qv-on-image"],"_links":{"self":[{"href":"https:\/\/staging.pepiniereezavin.com\/en\/wp-json\/wp\/v2\/product\/29854","targetHints":{"allow":["GET"]}}],"collection":[{"href":"https:\/\/staging.pepiniereezavin.com\/en\/wp-json\/wp\/v2\/product"}],"about":[{"href":"https:\/\/staging.pepiniereezavin.com\/en\/wp-json\/wp\/v2\/types\/product"}],"wp:featuredmedia":[{"embeddable":true,"href":"https:\/\/staging.pepiniereezavin.com\/en\/wp-json\/wp\/v2\/media\/29882"}],"wp:attachment":[{"href":"https:\/\/staging.pepiniereezavin.com\/en\/wp-json\/wp\/v2\/media?parent=29854"}],"wp:term":[{"taxonomy":"product_cat","embeddable":true,"href":"https:\/\/staging.pepiniereezavin.com\/en\/wp-json\/wp\/v2\/product_cat?post=29854"},{"taxonomy":"product_tag","embeddable":true,"href":"https:\/\/staging.pepiniereezavin.com\/en\/wp-json\/wp\/v2\/product_tag?post=29854"}],"curies":[{"name":"wp","href":"https:\/\/api.w.org\/{rel}","templated":true}]}}