{"id":29855,"date":"2021-12-09T22:46:01","date_gmt":"2021-12-09T21:46:01","guid":{"rendered":"https:\/\/pepiniereezavin.fr\/?post_type=product&#038;p=29855"},"modified":"2022-11-01T16:01:08","modified_gmt":"2022-11-01T15:01:08","slug":"solanum-amygdalifolium","status":"publish","type":"product","link":"https:\/\/staging.pepiniereezavin.com\/en\/product\/solanum-amygdalifolium\/","title":{"rendered":"Solanum amygdalifolium"},"content":{"rendered":"<p><strong>Plante grimpante<\/strong> \u00e0 <strong>petites feuilles<\/strong> rapidement\u00a0caduques (rappelant celles de l&rsquo;amandier d&rsquo;apr\u00e8s son nom d&rsquo;esp\u00e8ce), les tiges sont vertes et assurent la photosynth\u00e8se.\u00a0Les grandes\u00a0fleurs bleu p\u00e2le apparaissent en grappes terminales pendant tout l&rsquo;\u00e9t\u00e9. C&rsquo;est une esp\u00e8ce tr\u00e8s vigoureuse, qui ravit par ses grandes fleurs et l&rsquo;absence de feuilles. Rustique en r\u00e9gion parisienne.<\/p>\n<p><span style=\"text-decoration: underline;\">Hauteur adulte<\/span>\u00a0: 300\/400.\u00a0<span style=\"text-decoration: underline;\">Origine g\u00e9ographique<\/span>\u00a0: Am\u00e9rique du Sud.\u00a0<span style=\"text-decoration: underline;\">Persistance hiver<\/span>\u00a0: Caduque.\u00a0<span style=\"text-decoration: underline;\">Rusticit\u00e9 USDA<\/span>\u00a0: Zone 7\/8.<\/p>","protected":false},"excerpt":{"rendered":"<p><strong>Plante grimpante<\/strong> \u00e0 <strong>petites feuilles<\/strong> rapidement\u00a0caduques (rappelant celles de l&rsquo;amandier d&rsquo;apr\u00e8s son nom d&rsquo;esp\u00e8ce), les tiges sont vertes et assurent la photosynth\u00e8se.\u00a0Les grandes\u00a0fleurs bleu p\u00e2le apparaissent en grappes terminales pendant tout l&rsquo;\u00e9t\u00e9. C&rsquo;est une esp\u00e8ce tr\u00e8s vigoureuse, qui ravit par ses grandes fleurs et l&rsquo;absence de feuilles. Rustique en r\u00e9gion parisienne.<\/p>\n<p><span style=\"text-decoration: underline;\">Hauteur adulte<\/span>\u00a0: 300\/400.\u00a0<span style=\"text-decoration: underline;\">Origine g\u00e9ographique<\/span>\u00a0: Am\u00e9rique du Sud.\u00a0<span style=\"text-decoration: underline;\">Persistance hiver<\/span>\u00a0: Caduque.\u00a0<span style=\"text-decoration: underline;\">Rusticit\u00e9 USDA<\/span>\u00a0: Zone 7\/8.<\/p>","protected":false},"featured_media":29883,"template":"","meta":{"site-sidebar-layout":"default","site-content-layout":"default","ast-global-header-display":"","ast-main-header-display":"","ast-hfb-above-header-display":"","ast-hfb-below-header-display":"","ast-hfb-mobile-header-display":"","site-post-title":"","ast-breadcrumbs-content":"","ast-featured-img":"","footer-sml-layout":"","theme-transparent-header-meta":"default","adv-header-id-meta":"","stick-header-meta":"default","header-above-stick-meta":"","header-main-stick-meta":"","header-below-stick-meta":""},"product_cat":[537,552],"product_tag":[528,532,558,533],"class_list":["post-29855","product","type-product","status-publish","has-post-thumbnail","hentry","product_cat-autres-plantes","product_cat-autres-plantes-pour-climat-doux","product_tag-plantes-origine-americaine","product_tag-plantes-pour-berges","product_tag-plantes-pour-climats-doux","product_tag-plantes-pour-mur-vegetaux","pa_taille-du-pot-pot-12-14-cm-diametre","desktop-align-center","tablet-align-center","mobile-align-center","ast-product-gallery-layout-horizontal","ast-product-single-variable","ast-product-tabs-layout-horizontal","ast-qv-on-image"],"_links":{"self":[{"href":"https:\/\/staging.pepiniereezavin.com\/en\/wp-json\/wp\/v2\/product\/29855","targetHints":{"allow":["GET"]}}],"collection":[{"href":"https:\/\/staging.pepiniereezavin.com\/en\/wp-json\/wp\/v2\/product"}],"about":[{"href":"https:\/\/staging.pepiniereezavin.com\/en\/wp-json\/wp\/v2\/types\/product"}],"wp:featuredmedia":[{"embeddable":true,"href":"https:\/\/staging.pepiniereezavin.com\/en\/wp-json\/wp\/v2\/media\/29883"}],"wp:attachment":[{"href":"https:\/\/staging.pepiniereezavin.com\/en\/wp-json\/wp\/v2\/media?parent=29855"}],"wp:term":[{"taxonomy":"product_cat","embeddable":true,"href":"https:\/\/staging.pepiniereezavin.com\/en\/wp-json\/wp\/v2\/product_cat?post=29855"},{"taxonomy":"product_tag","embeddable":true,"href":"https:\/\/staging.pepiniereezavin.com\/en\/wp-json\/wp\/v2\/product_tag?post=29855"}],"curies":[{"name":"wp","href":"https:\/\/api.w.org\/{rel}","templated":true}]}}