{"id":29857,"date":"2021-12-09T22:46:01","date_gmt":"2021-12-09T21:46:01","guid":{"rendered":"https:\/\/pepiniereezavin.fr\/?post_type=product&#038;p=29857"},"modified":"2022-10-03T15:06:55","modified_gmt":"2022-10-03T13:06:55","slug":"soleirolia-soleirolii","status":"publish","type":"product","link":"https:\/\/staging.pepiniereezavin.com\/en\/product\/soleirolia-soleirolii\/","title":{"rendered":"Soleirolia soleirolii"},"content":{"rendered":"<p>(= Helxine soleirolii) Excellent couvre sol \u00e0 minuscules feuilles. Pousse tr\u00e8s bien en sol frais. Sa croissance est rapide, et malgr\u00e9 les apparences, il a une bonne rusticit\u00e9 en climat m\u00e9diterran\u00e9en et oc\u00e9anique, quitte \u00e0 dispara\u00eetre l&rsquo;hiver, et recoloniser au printemps, \u00e0 partir d&rsquo;endroits prot\u00e9g\u00e9s o\u00f9 il aura hivern\u00e9. \u00a0Tient dehors \u00e0 Paris, et en environnement urbain. C&rsquo;est aussi une super plante d&rsquo;int\u00e9rieur, qui habillera volontiers la base d&rsquo;autres plantes d&rsquo;int\u00e9rieur.<\/p>\n<p><span style=\"text-decoration: underline;\">Hauteur adulte<\/span>\u00a0: 2\/5 cm.\u00a0<span style=\"text-decoration: underline;\">Origine g\u00e9ographique<\/span>\u00a0: Europe (Sardaigne, Corse).\u00a0<span style=\"text-decoration: underline;\">Persistance hiver<\/span>\u00a0: Persistant si hors gel, caduque sinon.\u00a0<span style=\"text-decoration: underline;\">Rusticit\u00e9 USDA<\/span>\u00a0: Zone 8.<\/p>","protected":false},"excerpt":{"rendered":"<p>(= Helxine soleirolii) Excellent couvre sol \u00e0 minuscules feuilles. Pousse tr\u00e8s bien en sol frais. Sa croissance est rapide, et malgr\u00e9 les apparences, il a une bonne rusticit\u00e9 en climat m\u00e9diterran\u00e9en et oc\u00e9anique, quitte \u00e0 dispara\u00eetre l&rsquo;hiver, et recoloniser au printemps, \u00e0 partir d&rsquo;endroits prot\u00e9g\u00e9s o\u00f9 il aura hivern\u00e9. \u00a0Tient dehors \u00e0 Paris, et en environnement urbain. C&rsquo;est aussi une super plante d&rsquo;int\u00e9rieur, qui habillera volontiers la base d&rsquo;autres plantes d&rsquo;int\u00e9rieur.<\/p>\n<p><span style=\"text-decoration: underline;\">Hauteur adulte<\/span>\u00a0: 2\/5 cm.\u00a0<span style=\"text-decoration: underline;\">Origine g\u00e9ographique<\/span>\u00a0: Europe (Sardaigne, Corse).\u00a0<span style=\"text-decoration: underline;\">Persistance hiver<\/span>\u00a0: Persistant si hors gel, caduque sinon.\u00a0<span style=\"text-decoration: underline;\">Rusticit\u00e9 USDA<\/span>\u00a0: Zone 8.<\/p>","protected":false},"featured_media":29886,"template":"","meta":{"site-sidebar-layout":"default","site-content-layout":"default","ast-global-header-display":"","ast-main-header-display":"","ast-hfb-above-header-display":"","ast-hfb-below-header-display":"","ast-hfb-mobile-header-display":"","site-post-title":"","ast-breadcrumbs-content":"","ast-featured-img":"","footer-sml-layout":"","theme-transparent-header-meta":"default","adv-header-id-meta":"","stick-header-meta":"default","header-above-stick-meta":"","header-main-stick-meta":"","header-below-stick-meta":""},"product_cat":[537,551,554,552],"product_tag":[524,526,530,532,556,558,533,557],"class_list":["post-29857","product","type-product","status-publish","has-post-thumbnail","hentry","product_cat-autres-plantes","product_cat-autres-plantes-d-interieur","product_cat-autres-plantes-pour-terrarium","product_cat-autres-plantes-pour-climat-doux","product_tag-plantes-famille-urticaceae","product_tag-plantes-couvre-sol","product_tag-plantes-origine-europeenne","product_tag-plantes-pour-berges","product_tag-plantes-pour-interieur","product_tag-plantes-pour-climats-doux","product_tag-plantes-pour-mur-vegetaux","product_tag-plantes-pour-terrarium","pa_taille-du-pot-godet-carre-8x8-ou-9x9","desktop-align-center","tablet-align-center","mobile-align-center","ast-product-gallery-layout-horizontal","ast-product-gallery-with-no-image","ast-product-single-variable","ast-product-tabs-layout-horizontal","ast-qv-on-image"],"_links":{"self":[{"href":"https:\/\/staging.pepiniereezavin.com\/en\/wp-json\/wp\/v2\/product\/29857","targetHints":{"allow":["GET"]}}],"collection":[{"href":"https:\/\/staging.pepiniereezavin.com\/en\/wp-json\/wp\/v2\/product"}],"about":[{"href":"https:\/\/staging.pepiniereezavin.com\/en\/wp-json\/wp\/v2\/types\/product"}],"wp:featuredmedia":[{"embeddable":true,"href":"https:\/\/staging.pepiniereezavin.com\/en\/wp-json\/wp\/v2\/media\/29886"}],"wp:attachment":[{"href":"https:\/\/staging.pepiniereezavin.com\/en\/wp-json\/wp\/v2\/media?parent=29857"}],"wp:term":[{"taxonomy":"product_cat","embeddable":true,"href":"https:\/\/staging.pepiniereezavin.com\/en\/wp-json\/wp\/v2\/product_cat?post=29857"},{"taxonomy":"product_tag","embeddable":true,"href":"https:\/\/staging.pepiniereezavin.com\/en\/wp-json\/wp\/v2\/product_tag?post=29857"}],"curies":[{"name":"wp","href":"https:\/\/api.w.org\/{rel}","templated":true}]}}