{"id":29861,"date":"2021-12-09T22:46:02","date_gmt":"2021-12-09T21:46:02","guid":{"rendered":"https:\/\/pepiniereezavin.fr\/?post_type=product&#038;p=29861"},"modified":"2022-07-29T11:17:26","modified_gmt":"2022-07-29T09:17:26","slug":"stephania-japonica","status":"publish","type":"product","link":"https:\/\/staging.pepiniereezavin.com\/en\/product\/stephania-japonica\/","title":{"rendered":"Stephania japonica"},"content":{"rendered":"<p>De la famille tropicale des Menispermaceae, cette plante grimpante se pla\u00eet en int\u00e9rieur ou en serre, v\u00e9randa. Elle est rustique en climat doux (supporte des petits gels), et tient m\u00eame \u00e0 Paris intra-muros. Elle est remarquable par le graphisme de ses feuilles pelt\u00e9es, arrondies, et pointues \u00e0 une extr\u00e9mit\u00e9. La plante est tr\u00e8s vigoureuse, et envoie des tiges volubiles jusqu&rsquo;\u00e0 2 \u00e0 3 m de haut sans probl\u00e8me. Id\u00e9ale pour un claustra. Persistante en climat doux ou en endroits prot\u00e9g\u00e9s.<\/p>\n<p><span style=\"text-decoration: underline;\">Hauteur adulte<\/span>\u00a0: 1\/2 (5) m.\u00a0<span style=\"text-decoration: underline;\">Origine g\u00e9ographique<\/span>\u00a0: Japon \u00e0 Inde. Australie et \u00eeles Pacifique.\u00a0.\u00a0<span style=\"text-decoration: underline;\">Persistance hiver<\/span>\u00a0: Caduque.\u00a0<span style=\"text-decoration: underline;\">Rusticit\u00e9 USDA<\/span> : Zone 9 (-6.7\u00b0C\/-1.1\u00b0C).<\/p>","protected":false},"excerpt":{"rendered":"<p>De la famille tropicale des Menispermaceae, cette plante grimpante se pla\u00eet en int\u00e9rieur ou en serre, v\u00e9randa. Elle est rustique en climat doux (supporte des petits gels), et tient m\u00eame \u00e0 Paris intra-muros. Elle est remarquable par le graphisme de ses feuilles pelt\u00e9es, arrondies, et pointues \u00e0 une extr\u00e9mit\u00e9. La plante est tr\u00e8s vigoureuse, et envoie des tiges volubiles jusqu&rsquo;\u00e0 2 \u00e0 3 m de haut sans probl\u00e8me. Id\u00e9ale pour un claustra. Persistante en climat doux ou en endroits prot\u00e9g\u00e9s.<\/p>\n<p><span style=\"text-decoration: underline;\">Hauteur adulte<\/span>\u00a0: 1\/2 (5) m.\u00a0<span style=\"text-decoration: underline;\">Origine g\u00e9ographique<\/span>\u00a0: Japon \u00e0 Inde. Australie et \u00eeles Pacifique.\u00a0.\u00a0<span style=\"text-decoration: underline;\">Persistance hiver<\/span>\u00a0: Caduque.\u00a0<span style=\"text-decoration: underline;\">Rusticit\u00e9 USDA<\/span> : Zone 9 (-6.7\u00b0C\/-1.1\u00b0C).<\/p>","protected":false},"featured_media":29888,"template":"","meta":{"site-sidebar-layout":"default","site-content-layout":"default","ast-global-header-display":"","ast-main-header-display":"","ast-hfb-above-header-display":"","ast-hfb-below-header-display":"","ast-hfb-mobile-header-display":"","site-post-title":"","ast-breadcrumbs-content":"","ast-featured-img":"","footer-sml-layout":"","theme-transparent-header-meta":"default","adv-header-id-meta":"","stick-header-meta":"default","header-above-stick-meta":"","header-main-stick-meta":"","header-below-stick-meta":""},"product_cat":[537,551,552],"product_tag":[529,556,558,533],"class_list":["post-29861","product","type-product","status-publish","has-post-thumbnail","hentry","product_cat-autres-plantes","product_cat-autres-plantes-d-interieur","product_cat-autres-plantes-pour-climat-doux","product_tag-plantes-origine-asiatique","product_tag-plantes-pour-interieur","product_tag-plantes-pour-climats-doux","product_tag-plantes-pour-mur-vegetaux","pa_taille-du-pot-pot-12-14-cm-diametre","desktop-align-center","tablet-align-center","mobile-align-center","ast-product-gallery-layout-horizontal","ast-product-gallery-with-no-image","ast-product-single-variable","ast-product-tabs-layout-horizontal","ast-qv-on-image"],"_links":{"self":[{"href":"https:\/\/staging.pepiniereezavin.com\/en\/wp-json\/wp\/v2\/product\/29861","targetHints":{"allow":["GET"]}}],"collection":[{"href":"https:\/\/staging.pepiniereezavin.com\/en\/wp-json\/wp\/v2\/product"}],"about":[{"href":"https:\/\/staging.pepiniereezavin.com\/en\/wp-json\/wp\/v2\/types\/product"}],"wp:featuredmedia":[{"embeddable":true,"href":"https:\/\/staging.pepiniereezavin.com\/en\/wp-json\/wp\/v2\/media\/29888"}],"wp:attachment":[{"href":"https:\/\/staging.pepiniereezavin.com\/en\/wp-json\/wp\/v2\/media?parent=29861"}],"wp:term":[{"taxonomy":"product_cat","embeddable":true,"href":"https:\/\/staging.pepiniereezavin.com\/en\/wp-json\/wp\/v2\/product_cat?post=29861"},{"taxonomy":"product_tag","embeddable":true,"href":"https:\/\/staging.pepiniereezavin.com\/en\/wp-json\/wp\/v2\/product_tag?post=29861"}],"curies":[{"name":"wp","href":"https:\/\/api.w.org\/{rel}","templated":true}]}}