{"id":29895,"date":"2021-12-09T22:46:23","date_gmt":"2021-12-09T21:46:23","guid":{"rendered":"https:\/\/pepiniereezavin.fr\/?post_type=product&#038;p=29895"},"modified":"2022-11-11T09:57:51","modified_gmt":"2022-11-11T08:57:51","slug":"tinantia-pringlei-variegata","status":"publish","type":"product","link":"https:\/\/staging.pepiniereezavin.com\/en\/product\/tinantia-pringlei-variegata\/","title":{"rendered":"Tinantia pringlei &lsquo;Variegata&rsquo;"},"content":{"rendered":"<p>Forme panach\u00e9e avec des rayures blanc cr\u00e8me. Fleurs un peu plus claires que le type. Sinon, m\u00eames caract\u00e9ristiques que le type :<\/p>\n<p>Cette ravissante Commelinaceae est un excellent couvre-sol au port rampant s&rsquo;enracinant aux noeuds. Les feuilles sont vert olive marbr\u00e9es de violet au dessus desquelles les fleurs bleues ressortent bien. La floraison dure du printemps \u00e0 l&rsquo;automne sans discontinuer. Rustique jusqu&rsquo;\u00e0 -15\u00b0C, elle red\u00e9marre du pied apr\u00e8s les gels, mais se ress\u00e8me aussi spontan\u00e9ment. C&rsquo;est une plante qui s&rsquo;installe dans bien des endroits du jardin (\u00e0 l&rsquo;ombre claire, au soleil, au sec ou en sol frais), mais aussi \u00e0 l&rsquo;int\u00e9rieur, o\u00f9 elle constitue une belle plante retombante.<\/p>\n<p><span style=\"text-decoration: underline;\">Hauteur adulte<\/span>\u00a0:\u00a010 cm au soleil, 30 cm \u00e0 l&rsquo;ombre, environ. \u00a0<span style=\"text-decoration: underline;\">Origine g\u00e9ographique<\/span>\u00a0: Mexique\u00a0. \u00a0<span style=\"text-decoration: underline;\">Persistance hiver<\/span>\u00a0: Caduque. \u00a0<span style=\"text-decoration: underline;\">Rusticit\u00e9 USDA<\/span>\u00a0: Zone 7\/8.<\/p>","protected":false},"excerpt":{"rendered":"<p>Forme panach\u00e9e avec des rayures blanc cr\u00e8me. Fleurs un peu plus claires que le type. Sinon, m\u00eames caract\u00e9ristiques que le type :<\/p>\n<p>Cette ravissante Commelinaceae est un excellent couvre-sol au port rampant s&rsquo;enracinant aux noeuds. Les feuilles sont vert olive marbr\u00e9es de violet au dessus desquelles les fleurs bleues ressortent bien. La floraison dure du printemps \u00e0 l&rsquo;automne sans discontinuer. Rustique jusqu&rsquo;\u00e0 -15\u00b0C, elle red\u00e9marre du pied apr\u00e8s les gels, mais se ress\u00e8me aussi spontan\u00e9ment. C&rsquo;est une plante qui s&rsquo;installe dans bien des endroits du jardin (\u00e0 l&rsquo;ombre claire, au soleil, au sec ou en sol frais), mais aussi \u00e0 l&rsquo;int\u00e9rieur, o\u00f9 elle constitue une belle plante retombante.<\/p>\n<p><span style=\"text-decoration: underline;\">Hauteur adulte<\/span>\u00a0:\u00a010 cm au soleil, 30 cm \u00e0 l&rsquo;ombre, environ. \u00a0<span style=\"text-decoration: underline;\">Origine g\u00e9ographique<\/span>\u00a0: Mexique\u00a0. \u00a0<span style=\"text-decoration: underline;\">Persistance hiver<\/span>\u00a0: Caduque. \u00a0<span style=\"text-decoration: underline;\">Rusticit\u00e9 USDA<\/span>\u00a0: Zone 7\/8.<\/p>","protected":false},"featured_media":29927,"template":"","meta":{"site-sidebar-layout":"default","site-content-layout":"default","ast-global-header-display":"","ast-main-header-display":"","ast-hfb-above-header-display":"","ast-hfb-below-header-display":"","ast-hfb-mobile-header-display":"","site-post-title":"","ast-breadcrumbs-content":"","ast-featured-img":"","footer-sml-layout":"","theme-transparent-header-meta":"default","adv-header-id-meta":"","stick-header-meta":"default","header-above-stick-meta":"","header-main-stick-meta":"","header-below-stick-meta":""},"product_cat":[537,551,552,553],"product_tag":[522,526,528,532,556,558,559,533,534],"class_list":["post-29895","product","type-product","status-publish","has-post-thumbnail","hentry","product_cat-autres-plantes","product_cat-autres-plantes-d-interieur","product_cat-autres-plantes-pour-climat-doux","product_cat-autres-plantes-pour-climat-frais","product_tag-plantes-famille-commelinacees","product_tag-plantes-couvre-sol","product_tag-plantes-origine-americaine","product_tag-plantes-pour-berges","product_tag-plantes-pour-interieur","product_tag-plantes-pour-climats-doux","product_tag-plantes-pour-climats-frais","product_tag-plantes-pour-mur-vegetaux","product_tag-plantes-pour-ombre-seche","pa_taille-du-pot-pot-12-14-cm-diametre","desktop-align-center","tablet-align-center","mobile-align-center","ast-product-gallery-layout-horizontal","ast-product-single-variable","ast-product-tabs-layout-horizontal","ast-qv-on-image"],"_links":{"self":[{"href":"https:\/\/staging.pepiniereezavin.com\/en\/wp-json\/wp\/v2\/product\/29895","targetHints":{"allow":["GET"]}}],"collection":[{"href":"https:\/\/staging.pepiniereezavin.com\/en\/wp-json\/wp\/v2\/product"}],"about":[{"href":"https:\/\/staging.pepiniereezavin.com\/en\/wp-json\/wp\/v2\/types\/product"}],"wp:featuredmedia":[{"embeddable":true,"href":"https:\/\/staging.pepiniereezavin.com\/en\/wp-json\/wp\/v2\/media\/29927"}],"wp:attachment":[{"href":"https:\/\/staging.pepiniereezavin.com\/en\/wp-json\/wp\/v2\/media?parent=29895"}],"wp:term":[{"taxonomy":"product_cat","embeddable":true,"href":"https:\/\/staging.pepiniereezavin.com\/en\/wp-json\/wp\/v2\/product_cat?post=29895"},{"taxonomy":"product_tag","embeddable":true,"href":"https:\/\/staging.pepiniereezavin.com\/en\/wp-json\/wp\/v2\/product_tag?post=29895"}],"curies":[{"name":"wp","href":"https:\/\/api.w.org\/{rel}","templated":true}]}}