{"id":29896,"date":"2021-12-09T22:46:23","date_gmt":"2021-12-09T21:46:23","guid":{"rendered":"https:\/\/pepiniereezavin.fr\/?post_type=product&#038;p=29896"},"modified":"2022-11-14T00:47:33","modified_gmt":"2022-11-13T23:47:33","slug":"tolmiea-menziesii","status":"publish","type":"product","link":"https:\/\/staging.pepiniereezavin.com\/en\/product\/tolmiea-menziesii\/","title":{"rendered":"Tolmiea menziesii"},"content":{"rendered":"<p>Ce couvre-sol d&rsquo;ombre \u00e0 mi-ombre fait partie de ces plantes anciennes, que l&rsquo;on trouvait aussi bien au jardin (souche rustique jusqu&rsquo;\u00e0 -12\u00b0C environ) qu&rsquo;en int\u00e9rieur au d\u00e9but du XX\u00e8me si\u00e8cle. Les rosettes de feuilles velues portent une jeune plantule\u00a0\u00e0 la base du limbe. Celle-ci se marcotte naturellement et permet \u00e0 la plante de faire rapidement un massif vert vif en sous-bois. Plante tr\u00e8s vigoureuse, de culture et de propagation facile.<\/p>\n<p><span style=\"text-decoration: underline;\">Hauteur adulte<\/span>\u00a0:\u00a020\/40 cm.\u00a0<span style=\"text-decoration: underline;\">Origine g\u00e9ographique<\/span>\u00a0: Am\u00e9rique du Nord.\u00a0<span style=\"text-decoration: underline;\">Persistance hiver<\/span>\u00a0: Semi-persistant.\u00a0<span style=\"text-decoration: underline;\">Rusticit\u00e9 USDA<\/span>\u00a0: Zone 7\/8.<\/p>","protected":false},"excerpt":{"rendered":"<p>Ce couvre-sol d&rsquo;ombre \u00e0 mi-ombre fait partie de ces plantes anciennes, que l&rsquo;on trouvait aussi bien au jardin (souche rustique jusqu&rsquo;\u00e0 -12\u00b0C environ) qu&rsquo;en int\u00e9rieur au d\u00e9but du XX\u00e8me si\u00e8cle. Les rosettes de feuilles velues portent une jeune plantule\u00a0\u00e0 la base du limbe. Celle-ci se marcotte naturellement et permet \u00e0 la plante de faire rapidement un massif vert vif en sous-bois. Plante tr\u00e8s vigoureuse, de culture et de propagation facile.<\/p>\n<p><span style=\"text-decoration: underline;\">Hauteur adulte<\/span>\u00a0:\u00a020\/40 cm.\u00a0<span style=\"text-decoration: underline;\">Origine g\u00e9ographique<\/span>\u00a0: Am\u00e9rique du Nord.\u00a0<span style=\"text-decoration: underline;\">Persistance hiver<\/span>\u00a0: Semi-persistant.\u00a0<span style=\"text-decoration: underline;\">Rusticit\u00e9 USDA<\/span>\u00a0: Zone 7\/8.<\/p>","protected":false},"featured_media":29928,"template":"","meta":{"site-sidebar-layout":"default","site-content-layout":"default","ast-global-header-display":"","ast-main-header-display":"","ast-hfb-above-header-display":"","ast-hfb-below-header-display":"","ast-hfb-mobile-header-display":"","site-post-title":"","ast-breadcrumbs-content":"","ast-featured-img":"","footer-sml-layout":"","theme-transparent-header-meta":"default","adv-header-id-meta":"","stick-header-meta":"default","header-above-stick-meta":"","header-main-stick-meta":"","header-below-stick-meta":""},"product_cat":[537,551,554,552,553],"product_tag":[526,528,532,533,557],"class_list":["post-29896","product","type-product","status-publish","has-post-thumbnail","hentry","product_cat-autres-plantes","product_cat-autres-plantes-d-interieur","product_cat-autres-plantes-pour-terrarium","product_cat-autres-plantes-pour-climat-doux","product_cat-autres-plantes-pour-climat-frais","product_tag-plantes-couvre-sol","product_tag-plantes-origine-americaine","product_tag-plantes-pour-berges","product_tag-plantes-pour-mur-vegetaux","product_tag-plantes-pour-terrarium","pa_taille-du-pot-pot-10-12-cm-diametre","desktop-align-center","tablet-align-center","mobile-align-center","ast-product-gallery-layout-horizontal","ast-product-gallery-with-no-image","ast-product-single-variable","ast-product-tabs-layout-horizontal","ast-qv-on-image"],"_links":{"self":[{"href":"https:\/\/staging.pepiniereezavin.com\/en\/wp-json\/wp\/v2\/product\/29896","targetHints":{"allow":["GET"]}}],"collection":[{"href":"https:\/\/staging.pepiniereezavin.com\/en\/wp-json\/wp\/v2\/product"}],"about":[{"href":"https:\/\/staging.pepiniereezavin.com\/en\/wp-json\/wp\/v2\/types\/product"}],"wp:featuredmedia":[{"embeddable":true,"href":"https:\/\/staging.pepiniereezavin.com\/en\/wp-json\/wp\/v2\/media\/29928"}],"wp:attachment":[{"href":"https:\/\/staging.pepiniereezavin.com\/en\/wp-json\/wp\/v2\/media?parent=29896"}],"wp:term":[{"taxonomy":"product_cat","embeddable":true,"href":"https:\/\/staging.pepiniereezavin.com\/en\/wp-json\/wp\/v2\/product_cat?post=29896"},{"taxonomy":"product_tag","embeddable":true,"href":"https:\/\/staging.pepiniereezavin.com\/en\/wp-json\/wp\/v2\/product_tag?post=29896"}],"curies":[{"name":"wp","href":"https:\/\/api.w.org\/{rel}","templated":true}]}}