{"id":29905,"date":"2021-12-09T22:46:24","date_gmt":"2021-12-09T21:46:24","guid":{"rendered":"https:\/\/pepiniereezavin.fr\/?post_type=product&#038;p=29905"},"modified":"2022-10-21T09:38:01","modified_gmt":"2022-10-21T07:38:01","slug":"tradescantia-hirta","status":"publish","type":"product","link":"https:\/\/staging.pepiniereezavin.com\/en\/product\/tradescantia-hirta\/","title":{"rendered":"Tradescantia hirta"},"content":{"rendered":"<p>(=Setcreasea villosa). Cette Commelinac\u00e9e mexicaine sera parfaitement heureuse dans votre rocaille s\u00e8che en bord de mer, ou avec vos cact\u00e9es \u00e0 l&rsquo;int\u00e9rieur! Un endroit en plein soleil, pas trop d&rsquo;eau, et une protection du gel feront aussi bien l&rsquo;affaire. Elle vous gratifiera d&rsquo;une superbe <strong>floraison rose vif<\/strong>, durant toute la belle saison. Le contraste entre le<strong> feuillage gris duveteux\u00a0<\/strong>et les fleurs roses est de toute beaut\u00e9. Supporte le calcaire. Culture facile, peu d&rsquo;entretien.<\/p>\n<p><span style=\"text-decoration: underline;\">Hauteur adulte<\/span>\u00a0: 40\/60 cm.\u00a0<span style=\"text-decoration: underline;\">Origine g\u00e9ographique<\/span>\u00a0: Mexique, sud des USA.\u00a0<span style=\"text-decoration: underline;\">Persistance hiver<\/span>\u00a0: Persistant. Caduque si gels brefs (garder au sec).\u00a0<span style=\"text-decoration: underline;\">Rusticit\u00e9 USDA<\/span>\u00a0: Zone 9.<\/p>","protected":false},"excerpt":{"rendered":"<p>(=Setcreasea villosa). Cette Commelinac\u00e9e mexicaine sera parfaitement heureuse dans votre rocaille s\u00e8che en bord de mer, ou avec vos cact\u00e9es \u00e0 l&rsquo;int\u00e9rieur! Un endroit en plein soleil, pas trop d&rsquo;eau, et une protection du gel feront aussi bien l&rsquo;affaire. Elle vous gratifiera d&rsquo;une superbe <strong>floraison rose vif<\/strong>, durant toute la belle saison. Le contraste entre le<strong> feuillage gris duveteux\u00a0<\/strong>et les fleurs roses est de toute beaut\u00e9. Supporte le calcaire. Culture facile, peu d&rsquo;entretien.<\/p>\n<p><span style=\"text-decoration: underline;\">Hauteur adulte<\/span>\u00a0: 40\/60 cm.\u00a0<span style=\"text-decoration: underline;\">Origine g\u00e9ographique<\/span>\u00a0: Mexique, sud des USA.\u00a0<span style=\"text-decoration: underline;\">Persistance hiver<\/span>\u00a0: Persistant. Caduque si gels brefs (garder au sec).\u00a0<span style=\"text-decoration: underline;\">Rusticit\u00e9 USDA<\/span>\u00a0: Zone 9.<\/p>","protected":false},"featured_media":29938,"template":"","meta":{"site-sidebar-layout":"default","site-content-layout":"default","ast-global-header-display":"","ast-main-header-display":"","ast-hfb-above-header-display":"","ast-hfb-below-header-display":"","ast-hfb-mobile-header-display":"","site-post-title":"","ast-breadcrumbs-content":"","ast-featured-img":"","footer-sml-layout":"","theme-transparent-header-meta":"default","adv-header-id-meta":"","stick-header-meta":"default","header-above-stick-meta":"","header-main-stick-meta":"","header-below-stick-meta":""},"product_cat":[537,551,552],"product_tag":[522,528,556,558,533,534],"class_list":["post-29905","product","type-product","status-publish","has-post-thumbnail","hentry","product_cat-autres-plantes","product_cat-autres-plantes-d-interieur","product_cat-autres-plantes-pour-climat-doux","product_tag-plantes-famille-commelinacees","product_tag-plantes-origine-americaine","product_tag-plantes-pour-interieur","product_tag-plantes-pour-climats-doux","product_tag-plantes-pour-mur-vegetaux","product_tag-plantes-pour-ombre-seche","pa_taille-du-pot-pot-12-14-cm-diametre","desktop-align-center","tablet-align-center","mobile-align-center","ast-product-gallery-layout-horizontal","ast-product-single-variable","ast-product-tabs-layout-horizontal","ast-qv-on-image"],"_links":{"self":[{"href":"https:\/\/staging.pepiniereezavin.com\/en\/wp-json\/wp\/v2\/product\/29905","targetHints":{"allow":["GET"]}}],"collection":[{"href":"https:\/\/staging.pepiniereezavin.com\/en\/wp-json\/wp\/v2\/product"}],"about":[{"href":"https:\/\/staging.pepiniereezavin.com\/en\/wp-json\/wp\/v2\/types\/product"}],"wp:featuredmedia":[{"embeddable":true,"href":"https:\/\/staging.pepiniereezavin.com\/en\/wp-json\/wp\/v2\/media\/29938"}],"wp:attachment":[{"href":"https:\/\/staging.pepiniereezavin.com\/en\/wp-json\/wp\/v2\/media?parent=29905"}],"wp:term":[{"taxonomy":"product_cat","embeddable":true,"href":"https:\/\/staging.pepiniereezavin.com\/en\/wp-json\/wp\/v2\/product_cat?post=29905"},{"taxonomy":"product_tag","embeddable":true,"href":"https:\/\/staging.pepiniereezavin.com\/en\/wp-json\/wp\/v2\/product_tag?post=29905"}],"curies":[{"name":"wp","href":"https:\/\/api.w.org\/{rel}","templated":true}]}}