{"id":29908,"date":"2021-12-09T22:46:24","date_gmt":"2021-12-09T21:46:24","guid":{"rendered":"https:\/\/pepiniereezavin.fr\/?post_type=product&#038;p=29908"},"modified":"2022-09-03T15:13:32","modified_gmt":"2022-09-03T13:13:32","slug":"tradescantia-purpurea","status":"publish","type":"product","link":"https:\/\/staging.pepiniereezavin.com\/en\/product\/tradescantia-purpurea\/","title":{"rendered":"Tradescantia purpurea"},"content":{"rendered":"<p>(=Setcreasea purpurea) Pour une rocaille ensoleill\u00e9e, voici une plante en touffe basse \u00e0 feuilles et tiges violettes vif. Les fleurs roses estivales tranchent bien sur le violet. Tiges et feuilles sont succulentes et couvertes de longs poils \u00e9pars dress\u00e9s. Tr\u00e8s r\u00e9sistant au sec et au froid (si d\u00e9gel pendant la journ\u00e9e).<\/p>\n<p><span style=\"text-decoration: underline;\">Hauteur adulte<\/span>\u00a0: 20\/40 cm.\u00a0<span style=\"text-decoration: underline;\">Origine g\u00e9ographique<\/span>\u00a0: Am\u00e9rique du Sud.\u00a0<span style=\"text-decoration: underline;\">Persistance hiver<\/span>\u00a0: Persistant \u00e0 l&rsquo;int\u00e9rieur, caduque dehors.\u00a0<span style=\"text-decoration: underline;\">Rusticit\u00e9 USDA<\/span>\u00a0: Zone 8\/9.<\/p>","protected":false},"excerpt":{"rendered":"<p>(=Setcreasea purpurea) Pour une rocaille ensoleill\u00e9e, voici une plante en touffe basse \u00e0 feuilles et tiges violettes vif. Les fleurs roses estivales tranchent bien sur le violet. Tiges et feuilles sont succulentes et couvertes de longs poils \u00e9pars dress\u00e9s. Tr\u00e8s r\u00e9sistant au sec et au froid (si d\u00e9gel pendant la journ\u00e9e).<\/p>\n<p><span style=\"text-decoration: underline;\">Hauteur adulte<\/span>\u00a0: 20\/40 cm.\u00a0<span style=\"text-decoration: underline;\">Origine g\u00e9ographique<\/span>\u00a0: Am\u00e9rique du Sud.\u00a0<span style=\"text-decoration: underline;\">Persistance hiver<\/span>\u00a0: Persistant \u00e0 l&rsquo;int\u00e9rieur, caduque dehors.\u00a0<span style=\"text-decoration: underline;\">Rusticit\u00e9 USDA<\/span>\u00a0: Zone 8\/9.<\/p>","protected":false},"featured_media":0,"template":"","meta":{"site-sidebar-layout":"default","site-content-layout":"default","ast-global-header-display":"","ast-main-header-display":"","ast-hfb-above-header-display":"","ast-hfb-below-header-display":"","ast-hfb-mobile-header-display":"","site-post-title":"","ast-breadcrumbs-content":"","ast-featured-img":"","footer-sml-layout":"","theme-transparent-header-meta":"default","adv-header-id-meta":"","stick-header-meta":"default","header-above-stick-meta":"","header-main-stick-meta":"","header-below-stick-meta":""},"product_cat":[537,551,552],"product_tag":[522,526,556,558,533,534],"class_list":["post-29908","product","type-product","status-publish","hentry","product_cat-autres-plantes","product_cat-autres-plantes-d-interieur","product_cat-autres-plantes-pour-climat-doux","product_tag-plantes-famille-commelinacees","product_tag-plantes-couvre-sol","product_tag-plantes-pour-interieur","product_tag-plantes-pour-climats-doux","product_tag-plantes-pour-mur-vegetaux","product_tag-plantes-pour-ombre-seche","pa_taille-du-pot-pot-12-14-cm-diametre","desktop-align-center","tablet-align-center","mobile-align-center","ast-product-gallery-layout-horizontal","ast-product-gallery-with-no-image","ast-product-single-variable","ast-product-tabs-layout-horizontal","ast-qv-on-image"],"_links":{"self":[{"href":"https:\/\/staging.pepiniereezavin.com\/en\/wp-json\/wp\/v2\/product\/29908","targetHints":{"allow":["GET"]}}],"collection":[{"href":"https:\/\/staging.pepiniereezavin.com\/en\/wp-json\/wp\/v2\/product"}],"about":[{"href":"https:\/\/staging.pepiniereezavin.com\/en\/wp-json\/wp\/v2\/types\/product"}],"wp:attachment":[{"href":"https:\/\/staging.pepiniereezavin.com\/en\/wp-json\/wp\/v2\/media?parent=29908"}],"wp:term":[{"taxonomy":"product_cat","embeddable":true,"href":"https:\/\/staging.pepiniereezavin.com\/en\/wp-json\/wp\/v2\/product_cat?post=29908"},{"taxonomy":"product_tag","embeddable":true,"href":"https:\/\/staging.pepiniereezavin.com\/en\/wp-json\/wp\/v2\/product_tag?post=29908"}],"curies":[{"name":"wp","href":"https:\/\/api.w.org\/{rel}","templated":true}]}}