{"id":29909,"date":"2021-12-09T22:46:24","date_gmt":"2021-12-09T21:46:24","guid":{"rendered":"https:\/\/pepiniereezavin.fr\/?post_type=product&#038;p=29909"},"modified":"2022-06-06T18:11:37","modified_gmt":"2022-06-06T16:11:37","slug":"tradescantia-sillamontana","status":"publish","type":"product","link":"https:\/\/staging.pepiniereezavin.com\/en\/product\/tradescantia-sillamontana\/","title":{"rendered":"Tradescantia sillamontana"},"content":{"rendered":"<p>Pour une rocaille ensoleill\u00e9e, voici une plante en touffe basse \u00e0 feuilles ovales recouvertes de poils blancs tous accroch\u00e9s ensemble. Grosses fleurs rose fonc\u00e9 le matin, qui tranchent beaucoup sur le feuillage quasi-blanc. Excellente plante de rocaille. R\u00e9siste bien \u00e0 0\u00b0 si au sec (zone littorale).<\/p>\n<p>A l&rsquo;int\u00e9rieur, c&rsquo;est une excellente plante \u00e0 garder avec les plantes grasses, en pleine lumi\u00e8re. Peu d&rsquo;entretien et d&rsquo;arrosage.<\/p>\n<p><span style=\"text-decoration: underline;\">Hauteur adulte<\/span>\u00a0: 20\/40 cm.\u00a0<span style=\"text-decoration: underline;\">Origine g\u00e9ographique<\/span>\u00a0: Mexique.\u00a0<span style=\"text-decoration: underline;\">Persistance hiver<\/span>\u00a0: Persistant \u00e0 l&rsquo;int\u00e9rieur, caduque dehors (au sec, et gels tr\u00e8s brefs).\u00a0<span style=\"text-decoration: underline;\">Rusticit\u00e9 USDA<\/span>\u00a0: Zone 9.<\/p>","protected":false},"excerpt":{"rendered":"<p>Pour une rocaille ensoleill\u00e9e, voici une plante en touffe basse \u00e0 feuilles ovales recouvertes de poils blancs tous accroch\u00e9s ensemble. Grosses fleurs rose fonc\u00e9 le matin, qui tranchent beaucoup sur le feuillage quasi-blanc. Excellente plante de rocaille. R\u00e9siste bien \u00e0 0\u00b0 si au sec (zone littorale).<\/p>\n<p>A l&rsquo;int\u00e9rieur, c&rsquo;est une excellente plante \u00e0 garder avec les plantes grasses, en pleine lumi\u00e8re. Peu d&rsquo;entretien et d&rsquo;arrosage.<\/p>\n<p><span style=\"text-decoration: underline;\">Hauteur adulte<\/span>\u00a0: 20\/40 cm.\u00a0<span style=\"text-decoration: underline;\">Origine g\u00e9ographique<\/span>\u00a0: Mexique.\u00a0<span style=\"text-decoration: underline;\">Persistance hiver<\/span>\u00a0: Persistant \u00e0 l&rsquo;int\u00e9rieur, caduque dehors (au sec, et gels tr\u00e8s brefs).\u00a0<span style=\"text-decoration: underline;\">Rusticit\u00e9 USDA<\/span>\u00a0: Zone 9.<\/p>\n<p>&nbsp;<\/p>","protected":false},"featured_media":29943,"template":"","meta":{"site-sidebar-layout":"default","site-content-layout":"default","ast-global-header-display":"","ast-main-header-display":"","ast-hfb-above-header-display":"","ast-hfb-below-header-display":"","ast-hfb-mobile-header-display":"","site-post-title":"","ast-breadcrumbs-content":"","ast-featured-img":"","footer-sml-layout":"","theme-transparent-header-meta":"default","adv-header-id-meta":"","stick-header-meta":"default","header-above-stick-meta":"","header-main-stick-meta":"","header-below-stick-meta":""},"product_cat":[537,551],"product_tag":[522,526,528,533,534],"class_list":["post-29909","product","type-product","status-publish","has-post-thumbnail","hentry","product_cat-autres-plantes","product_cat-autres-plantes-d-interieur","product_tag-plantes-famille-commelinacees","product_tag-plantes-couvre-sol","product_tag-plantes-origine-americaine","product_tag-plantes-pour-mur-vegetaux","product_tag-plantes-pour-ombre-seche","pa_taille-du-pot-pot-12-14-cm-diametre","desktop-align-center","tablet-align-center","mobile-align-center","ast-product-gallery-layout-horizontal","ast-product-gallery-with-no-image","ast-product-single-variable","ast-product-tabs-layout-horizontal","ast-qv-on-image"],"_links":{"self":[{"href":"https:\/\/staging.pepiniereezavin.com\/en\/wp-json\/wp\/v2\/product\/29909","targetHints":{"allow":["GET"]}}],"collection":[{"href":"https:\/\/staging.pepiniereezavin.com\/en\/wp-json\/wp\/v2\/product"}],"about":[{"href":"https:\/\/staging.pepiniereezavin.com\/en\/wp-json\/wp\/v2\/types\/product"}],"wp:featuredmedia":[{"embeddable":true,"href":"https:\/\/staging.pepiniereezavin.com\/en\/wp-json\/wp\/v2\/media\/29943"}],"wp:attachment":[{"href":"https:\/\/staging.pepiniereezavin.com\/en\/wp-json\/wp\/v2\/media?parent=29909"}],"wp:term":[{"taxonomy":"product_cat","embeddable":true,"href":"https:\/\/staging.pepiniereezavin.com\/en\/wp-json\/wp\/v2\/product_cat?post=29909"},{"taxonomy":"product_tag","embeddable":true,"href":"https:\/\/staging.pepiniereezavin.com\/en\/wp-json\/wp\/v2\/product_tag?post=29909"}],"curies":[{"name":"wp","href":"https:\/\/api.w.org\/{rel}","templated":true}]}}