{"id":29910,"date":"2021-12-09T22:46:24","date_gmt":"2021-12-09T21:46:24","guid":{"rendered":"https:\/\/pepiniereezavin.fr\/?post_type=product&#038;p=29910"},"modified":"2022-12-06T15:15:10","modified_gmt":"2022-12-06T14:15:10","slug":"tradescantia-maiden-blush","status":"publish","type":"product","link":"https:\/\/staging.pepiniereezavin.com\/en\/product\/tradescantia-maiden-blush\/","title":{"rendered":"Tradescantia &lsquo;Maiden Blush&rsquo;"},"content":{"rendered":"<p>Cette \u00e9tonnante plante couvre-sol \u00e9met des tiges\u00a0souterraines vigoureuses et des branches dress\u00e9es annuelles. Les feuilles terminales ont la base\u00a0blanche<strong>\u00a0<\/strong>au printemps et en \u00e9t\u00e9, ce qui cr\u00e9e un tr\u00e8s bel effet d\u00e9coratif, d&rsquo;autant que les jeunes feuilles sont souvent teint\u00e9es de rose. Fleurs\u00a0blanches\u00a0en \u00e9t\u00e9. Plante vigoureuse en zone 8, en sous-bois clair. Possible aussi comme plante d&rsquo;int\u00e9rieur, \u00e0 installer dans un endroit frais et lumineux pour que la coloration s&rsquo;exprime bien au printemps.<\/p>\n<p><span style=\"text-decoration: underline;\">Hauteur adulte<\/span>\u00a0: 20\/40 cm.\u00a0<span style=\"text-decoration: underline;\">Origine g\u00e9ographique<\/span>\u00a0: origine horticole.\u00a0<span style=\"text-decoration: underline;\">Persistance hiver<\/span>\u00a0: Persistant \u00e0 l&rsquo;int\u00e9rieur, caduque dehors.\u00a0<span style=\"text-decoration: underline;\">Rusticit\u00e9 USDA<\/span>\u00a0: Zone 8.<\/p>","protected":false},"excerpt":{"rendered":"<p>Cette \u00e9tonnante plante couvre-sol \u00e9met des tiges\u00a0souterraines vigoureuses et des branches dress\u00e9es annuelles. Les feuilles terminales ont la base\u00a0blanche<strong>\u00a0<\/strong>au printemps et en \u00e9t\u00e9, ce qui cr\u00e9e un tr\u00e8s bel effet d\u00e9coratif, d&rsquo;autant que les jeunes feuilles sont souvent teint\u00e9es de rose. Fleurs\u00a0blanches\u00a0en \u00e9t\u00e9. Plante vigoureuse en zone 8, en sous-bois clair. Possible aussi comme plante d&rsquo;int\u00e9rieur, \u00e0 installer dans un endroit frais et lumineux pour que la coloration s&rsquo;exprime bien au printemps.<\/p>\n<p><span style=\"text-decoration: underline;\">Hauteur adulte<\/span>\u00a0: 20\/40 cm.\u00a0<span style=\"text-decoration: underline;\">Origine g\u00e9ographique<\/span>\u00a0: origine horticole.\u00a0<span style=\"text-decoration: underline;\">Persistance hiver<\/span>\u00a0: Persistant \u00e0 l&rsquo;int\u00e9rieur, caduque dehors.\u00a0<span style=\"text-decoration: underline;\">Rusticit\u00e9 USDA<\/span>\u00a0: Zone 8.<\/p>","protected":false},"featured_media":29944,"template":"","meta":{"site-sidebar-layout":"default","site-content-layout":"default","ast-global-header-display":"","ast-main-header-display":"","ast-hfb-above-header-display":"","ast-hfb-below-header-display":"","ast-hfb-mobile-header-display":"","site-post-title":"","ast-breadcrumbs-content":"","ast-featured-img":"","footer-sml-layout":"","theme-transparent-header-meta":"default","adv-header-id-meta":"","stick-header-meta":"default","header-above-stick-meta":"","header-main-stick-meta":"","header-below-stick-meta":""},"product_cat":[537,551,552,553],"product_tag":[522,526,556,558,559,533],"class_list":["post-29910","product","type-product","status-publish","has-post-thumbnail","hentry","product_cat-autres-plantes","product_cat-autres-plantes-d-interieur","product_cat-autres-plantes-pour-climat-doux","product_cat-autres-plantes-pour-climat-frais","product_tag-plantes-famille-commelinacees","product_tag-plantes-couvre-sol","product_tag-plantes-pour-interieur","product_tag-plantes-pour-climats-doux","product_tag-plantes-pour-climats-frais","product_tag-plantes-pour-mur-vegetaux","pa_taille-du-pot-pot-12-14-cm-diametre","desktop-align-center","tablet-align-center","mobile-align-center","ast-product-gallery-layout-horizontal","ast-product-gallery-with-no-image","ast-product-single-variable","ast-product-tabs-layout-horizontal","ast-qv-on-image"],"_links":{"self":[{"href":"https:\/\/staging.pepiniereezavin.com\/en\/wp-json\/wp\/v2\/product\/29910","targetHints":{"allow":["GET"]}}],"collection":[{"href":"https:\/\/staging.pepiniereezavin.com\/en\/wp-json\/wp\/v2\/product"}],"about":[{"href":"https:\/\/staging.pepiniereezavin.com\/en\/wp-json\/wp\/v2\/types\/product"}],"wp:featuredmedia":[{"embeddable":true,"href":"https:\/\/staging.pepiniereezavin.com\/en\/wp-json\/wp\/v2\/media\/29944"}],"wp:attachment":[{"href":"https:\/\/staging.pepiniereezavin.com\/en\/wp-json\/wp\/v2\/media?parent=29910"}],"wp:term":[{"taxonomy":"product_cat","embeddable":true,"href":"https:\/\/staging.pepiniereezavin.com\/en\/wp-json\/wp\/v2\/product_cat?post=29910"},{"taxonomy":"product_tag","embeddable":true,"href":"https:\/\/staging.pepiniereezavin.com\/en\/wp-json\/wp\/v2\/product_tag?post=29910"}],"curies":[{"name":"wp","href":"https:\/\/api.w.org\/{rel}","templated":true}]}}