{"id":29912,"date":"2021-12-09T22:46:25","date_gmt":"2021-12-09T21:46:25","guid":{"rendered":"https:\/\/pepiniereezavin.fr\/?post_type=product&#038;p=29912"},"modified":"2022-12-03T10:49:07","modified_gmt":"2022-12-03T09:49:07","slug":"tradescantia-zebrina-purpusii","status":"publish","type":"product","link":"https:\/\/staging.pepiniereezavin.com\/en\/product\/tradescantia-zebrina-purpusii\/","title":{"rendered":"Tradescantia zebrina &lsquo;Purpusii&rsquo;"},"content":{"rendered":"<p>Un des grands classiques des plantes d&rsquo;int\u00e9rieur!\u00a0<strong>La face sup\u00e9rieure des feuilles est rouge lie de vin<\/strong> chez cette forme. Cette mis\u00e8re a une croissance <strong>vigoureuse<\/strong> et est tr\u00e8s variable : Plus elle est \u00e0 la lumi\u00e8re, plus la couleur rouge est marqu\u00e9e. Si la lumi\u00e8re est plus faible, des zones\u00a0marbr\u00e9es vertes\u00a0deviennent visibles\u00a0sur limbe.<\/p>\n<p><span style=\"text-decoration: underline;\">Hauteur adulte<\/span>\u00a0: 40\/60 cm.\u00a0<span style=\"text-decoration: underline;\">Origine g\u00e9ographique<\/span>\u00a0: origine horticole.\u00a0<span style=\"text-decoration: underline;\">Persistance hiver<\/span>\u00a0: Persistant.\u00a0<span style=\"text-decoration: underline;\">Rusticit\u00e9 USDA<\/span>\u00a0: Zone 10 hors gel.<\/p>","protected":false},"excerpt":{"rendered":"<p>Un des grands classiques des plantes d&rsquo;int\u00e9rieur!\u00a0<strong>La face sup\u00e9rieure des feuilles est rouge lie de vin<\/strong>\u00a0chez cette forme. Cette mis\u00e8re a une croissance\u00a0<strong>vigoureuse<\/strong>\u00a0et est tr\u00e8s variable : Plus elle est \u00e0 la lumi\u00e8re, plus la couleur rouge est marqu\u00e9e. Si la lumi\u00e8re est plus faible, des zones\u00a0marbr\u00e9es vertes\u00a0deviennent visibles\u00a0sur limbe.<\/p>\n<p><span style=\"text-decoration: underline;\">Hauteur adulte<\/span>\u00a0: 40\/60 cm.\u00a0<span style=\"text-decoration: underline;\">Origine g\u00e9ographique<\/span>\u00a0: origine horticole.\u00a0<span style=\"text-decoration: underline;\">Persistance hiver<\/span>\u00a0: Persistant.\u00a0<span style=\"text-decoration: underline;\">Rusticit\u00e9 USDA<\/span>\u00a0: Zone 10 hors gel.<\/p>","protected":false},"featured_media":29947,"template":"","meta":{"site-sidebar-layout":"default","site-content-layout":"default","ast-global-header-display":"","ast-main-header-display":"","ast-hfb-above-header-display":"","ast-hfb-below-header-display":"","ast-hfb-mobile-header-display":"","site-post-title":"","ast-breadcrumbs-content":"","ast-featured-img":"","footer-sml-layout":"","theme-transparent-header-meta":"default","adv-header-id-meta":"","stick-header-meta":"default","header-above-stick-meta":"","header-main-stick-meta":"","header-below-stick-meta":""},"product_cat":[537,551,554,552],"product_tag":[522,526,528,556,558,533,557],"class_list":["post-29912","product","type-product","status-publish","has-post-thumbnail","hentry","product_cat-autres-plantes","product_cat-autres-plantes-d-interieur","product_cat-autres-plantes-pour-terrarium","product_cat-autres-plantes-pour-climat-doux","product_tag-plantes-famille-commelinacees","product_tag-plantes-couvre-sol","product_tag-plantes-origine-americaine","product_tag-plantes-pour-interieur","product_tag-plantes-pour-climats-doux","product_tag-plantes-pour-mur-vegetaux","product_tag-plantes-pour-terrarium","pa_taille-du-pot-pot-12-14-cm-diametre","desktop-align-center","tablet-align-center","mobile-align-center","ast-product-gallery-layout-horizontal","ast-product-single-variable","ast-product-tabs-layout-horizontal","ast-qv-on-image"],"_links":{"self":[{"href":"https:\/\/staging.pepiniereezavin.com\/en\/wp-json\/wp\/v2\/product\/29912","targetHints":{"allow":["GET"]}}],"collection":[{"href":"https:\/\/staging.pepiniereezavin.com\/en\/wp-json\/wp\/v2\/product"}],"about":[{"href":"https:\/\/staging.pepiniereezavin.com\/en\/wp-json\/wp\/v2\/types\/product"}],"wp:featuredmedia":[{"embeddable":true,"href":"https:\/\/staging.pepiniereezavin.com\/en\/wp-json\/wp\/v2\/media\/29947"}],"wp:attachment":[{"href":"https:\/\/staging.pepiniereezavin.com\/en\/wp-json\/wp\/v2\/media?parent=29912"}],"wp:term":[{"taxonomy":"product_cat","embeddable":true,"href":"https:\/\/staging.pepiniereezavin.com\/en\/wp-json\/wp\/v2\/product_cat?post=29912"},{"taxonomy":"product_tag","embeddable":true,"href":"https:\/\/staging.pepiniereezavin.com\/en\/wp-json\/wp\/v2\/product_tag?post=29912"}],"curies":[{"name":"wp","href":"https:\/\/api.w.org\/{rel}","templated":true}]}}