{"id":29914,"date":"2021-12-09T22:46:25","date_gmt":"2021-12-09T21:46:25","guid":{"rendered":"https:\/\/pepiniereezavin.fr\/?post_type=product&#038;p=29914"},"modified":"2022-05-16T15:43:37","modified_gmt":"2022-05-16T13:43:37","slug":"tricyrtis-formosana-ink-spot-pb-09-1232","status":"publish","type":"product","link":"https:\/\/staging.pepiniereezavin.com\/en\/product\/tricyrtis-formosana-ink-spot-pb-09-1232\/","title":{"rendered":"Tricyrtis formosana &lsquo;Ink Spot&rsquo; PB 09-1232"},"content":{"rendered":"<p>Cette forme de Tricyrtis a \u00e9t\u00e9 d\u00e9nich\u00e9e \u00e0 Ta\u00efwan par Patrick Blanc en 2009. Ses feuilles, pouvant atteindre 20 cm de long par 7 de large, sont parsem\u00e9es de taches noires. La plante est tr\u00e8s drageonnante de la base, et produit, en automne, des grappes terminales de fleurs mauves mouchet\u00e9es de violet. Les boutons floraux sont mauves \u00e0 la base et violets \u00e0 l&rsquo;extr\u00e9mit\u00e9. Son port d\u00e9jet\u00e9 sur le c\u00f4t\u00e9 la pr\u00e9dispose \u00e0 une utilisation sur des murs v\u00e9g\u00e9taux ou en rocaille. Culture tr\u00e8s facile en tous sols frais.<\/p>\n<p><span style=\"text-decoration: underline;\">Hauteur adulte<\/span>\u00a0: 60\/80 cm.\u00a0<span style=\"text-decoration: underline;\">Origine g\u00e9ographique<\/span>\u00a0: Ta\u00efwan.\u00a0<span style=\"text-decoration: underline;\">Persistance hiver<\/span>\u00a0: Caduque.\u00a0<span style=\"text-decoration: underline;\">Rusticit\u00e9 USDA<\/span>\u00a0: Zone 7\/8.<\/p>","protected":false},"excerpt":{"rendered":"<p>Cette forme de Tricyrtis a \u00e9t\u00e9 d\u00e9nich\u00e9e \u00e0 Ta\u00efwan par Patrick Blanc en 2009. Ses feuilles, pouvant atteindre 20 cm de long par 7 de large, sont parsem\u00e9es de taches noires. La plante est tr\u00e8s drageonnante de la base, et produit, en automne, des grappes terminales de fleurs mauves mouchet\u00e9es de violet. Les boutons floraux sont mauves \u00e0 la base et violets \u00e0 l&rsquo;extr\u00e9mit\u00e9. Son port d\u00e9jet\u00e9 sur le c\u00f4t\u00e9 la pr\u00e9dispose \u00e0 une utilisation sur des murs v\u00e9g\u00e9taux ou en rocaille. Culture tr\u00e8s facile en tous sols frais.<\/p>\n<p><span style=\"text-decoration: underline;\">Hauteur adulte<\/span>\u00a0: 60\/80 cm.\u00a0<span style=\"text-decoration: underline;\">Origine g\u00e9ographique<\/span>\u00a0: Ta\u00efwan.\u00a0<span style=\"text-decoration: underline;\">Persistance hiver<\/span>\u00a0: Caduque.\u00a0<span style=\"text-decoration: underline;\">Rusticit\u00e9 USDA<\/span>\u00a0: Zone 7\/8.<\/p>","protected":false},"featured_media":29951,"template":"","meta":{"site-sidebar-layout":"default","site-content-layout":"default","ast-global-header-display":"","ast-main-header-display":"","ast-hfb-above-header-display":"","ast-hfb-below-header-display":"","ast-hfb-mobile-header-display":"","site-post-title":"","ast-breadcrumbs-content":"","ast-featured-img":"","footer-sml-layout":"","theme-transparent-header-meta":"default","adv-header-id-meta":"","stick-header-meta":"default","header-above-stick-meta":"","header-main-stick-meta":"","header-below-stick-meta":""},"product_cat":[537,552,553],"product_tag":[526,529,558,559,533],"class_list":["post-29914","product","type-product","status-publish","has-post-thumbnail","hentry","product_cat-autres-plantes","product_cat-autres-plantes-pour-climat-doux","product_cat-autres-plantes-pour-climat-frais","product_tag-plantes-couvre-sol","product_tag-plantes-origine-asiatique","product_tag-plantes-pour-climats-doux","product_tag-plantes-pour-climats-frais","product_tag-plantes-pour-mur-vegetaux","pa_taille-du-pot-pot-12-14-cm-diametre","desktop-align-center","tablet-align-center","mobile-align-center","ast-product-gallery-layout-horizontal","ast-product-single-variable","ast-product-tabs-layout-horizontal","ast-qv-on-image"],"_links":{"self":[{"href":"https:\/\/staging.pepiniereezavin.com\/en\/wp-json\/wp\/v2\/product\/29914","targetHints":{"allow":["GET"]}}],"collection":[{"href":"https:\/\/staging.pepiniereezavin.com\/en\/wp-json\/wp\/v2\/product"}],"about":[{"href":"https:\/\/staging.pepiniereezavin.com\/en\/wp-json\/wp\/v2\/types\/product"}],"wp:featuredmedia":[{"embeddable":true,"href":"https:\/\/staging.pepiniereezavin.com\/en\/wp-json\/wp\/v2\/media\/29951"}],"wp:attachment":[{"href":"https:\/\/staging.pepiniereezavin.com\/en\/wp-json\/wp\/v2\/media?parent=29914"}],"wp:term":[{"taxonomy":"product_cat","embeddable":true,"href":"https:\/\/staging.pepiniereezavin.com\/en\/wp-json\/wp\/v2\/product_cat?post=29914"},{"taxonomy":"product_tag","embeddable":true,"href":"https:\/\/staging.pepiniereezavin.com\/en\/wp-json\/wp\/v2\/product_tag?post=29914"}],"curies":[{"name":"wp","href":"https:\/\/api.w.org\/{rel}","templated":true}]}}