{"id":29959,"date":"2021-12-09T22:46:47","date_gmt":"2021-12-09T21:46:47","guid":{"rendered":"https:\/\/pepiniereezavin.fr\/?post_type=product&#038;p=29959"},"modified":"2022-05-30T16:55:56","modified_gmt":"2022-05-30T14:55:56","slug":"xanthosoma-sagittifolium","status":"publish","type":"product","link":"https:\/\/staging.pepiniereezavin.com\/en\/product\/xanthosoma-sagittifolium\/","title":{"rendered":"Xanthosoma sagittifolium"},"content":{"rendered":"<p>Un des \u00ab\u00a0<strong>Taro<\/strong>\u00a0\u00bb ou \u00ab\u00a0<strong>Songe<\/strong>\u00a0\u00bb (= <em>X. violaceum<\/em> = <em>X. edule<\/em>). Tr\u00e8s vigoureuse plante herbac\u00e9e \u00e0 stolons nombreux. Feuilles vert sombre satin\u00e9es, au bout de longs p\u00e9tioles violets. Lieux\u00a0 humides ou berges de bassin, en plein soleil. Peut aussi \u00eatre gard\u00e9 en pot en int\u00e9rieur (lumi\u00e8re).<\/p>\n<p><span style=\"text-decoration: underline;\">Hauteur adulte<\/span>\u00a0: 100\/200 cm.\u00a0<span style=\"text-decoration: underline;\">Origine g\u00e9ographique<\/span>\u00a0: Am\u00e9rique du Sud.\u00a0<span style=\"text-decoration: underline;\">Persistance hiver<\/span>\u00a0: Persistant si gard\u00e9 ors gel, caduque sinon.\u00a0<span style=\"text-decoration: underline;\">Rusticit\u00e9 USDA<\/span>\u00a0: Zone 8.<\/p>","protected":false},"excerpt":{"rendered":"<p>Un des \u00ab\u00a0<strong>Taro<\/strong>\u00a0\u00bb ou \u00ab\u00a0<strong>Songe<\/strong>\u00a0\u00bb (=\u00a0<em>X. violaceum<\/em>\u00a0=\u00a0<em>X. edule<\/em>). Tr\u00e8s vigoureuse plante herbac\u00e9e \u00e0 stolons nombreux. Feuilles vert sombre satin\u00e9es, au bout de longs p\u00e9tioles violets. Lieux\u00a0 humides ou berges de bassin, en plein soleil. Peut aussi \u00eatre gard\u00e9 en pot en int\u00e9rieur (lumi\u00e8re).<\/p>\n<p><span style=\"text-decoration: underline;\">Hauteur adulte<\/span>\u00a0: 100\/200 cm.\u00a0<span style=\"text-decoration: underline;\">Origine g\u00e9ographique<\/span>\u00a0: Am\u00e9rique du Sud.\u00a0<span style=\"text-decoration: underline;\">Persistance hiver<\/span>\u00a0: Persistant si gard\u00e9 ors gel, caduque sinon.\u00a0<span style=\"text-decoration: underline;\">Rusticit\u00e9 USDA<\/span>\u00a0: Zone 8.<\/p>","protected":false},"featured_media":29988,"template":"","meta":{"site-sidebar-layout":"default","site-content-layout":"default","ast-global-header-display":"","ast-main-header-display":"","ast-hfb-above-header-display":"","ast-hfb-below-header-display":"","ast-hfb-mobile-header-display":"","site-post-title":"","ast-breadcrumbs-content":"","ast-featured-img":"","footer-sml-layout":"","theme-transparent-header-meta":"default","adv-header-id-meta":"","stick-header-meta":"default","header-above-stick-meta":"","header-main-stick-meta":"","header-below-stick-meta":""},"product_cat":[537,551,552],"product_tag":[528,532,556,558,533],"class_list":["post-29959","product","type-product","status-publish","has-post-thumbnail","hentry","product_cat-autres-plantes","product_cat-autres-plantes-d-interieur","product_cat-autres-plantes-pour-climat-doux","product_tag-plantes-origine-americaine","product_tag-plantes-pour-berges","product_tag-plantes-pour-interieur","product_tag-plantes-pour-climats-doux","product_tag-plantes-pour-mur-vegetaux","pa_taille-du-pot-pot-12-14-cm-diametre","desktop-align-center","tablet-align-center","mobile-align-center","ast-product-gallery-layout-horizontal","ast-product-gallery-with-no-image","ast-product-single-variable","ast-product-tabs-layout-horizontal","ast-qv-on-image"],"_links":{"self":[{"href":"https:\/\/staging.pepiniereezavin.com\/en\/wp-json\/wp\/v2\/product\/29959","targetHints":{"allow":["GET"]}}],"collection":[{"href":"https:\/\/staging.pepiniereezavin.com\/en\/wp-json\/wp\/v2\/product"}],"about":[{"href":"https:\/\/staging.pepiniereezavin.com\/en\/wp-json\/wp\/v2\/types\/product"}],"wp:featuredmedia":[{"embeddable":true,"href":"https:\/\/staging.pepiniereezavin.com\/en\/wp-json\/wp\/v2\/media\/29988"}],"wp:attachment":[{"href":"https:\/\/staging.pepiniereezavin.com\/en\/wp-json\/wp\/v2\/media?parent=29959"}],"wp:term":[{"taxonomy":"product_cat","embeddable":true,"href":"https:\/\/staging.pepiniereezavin.com\/en\/wp-json\/wp\/v2\/product_cat?post=29959"},{"taxonomy":"product_tag","embeddable":true,"href":"https:\/\/staging.pepiniereezavin.com\/en\/wp-json\/wp\/v2\/product_tag?post=29959"}],"curies":[{"name":"wp","href":"https:\/\/api.w.org\/{rel}","templated":true}]}}