{"id":29962,"date":"2021-12-09T22:46:48","date_gmt":"2021-12-09T21:46:48","guid":{"rendered":"https:\/\/pepiniereezavin.fr\/?post_type=product&#038;p=29962"},"modified":"2022-12-29T09:42:29","modified_gmt":"2022-12-29T08:42:29","slug":"zingiber-mioga","status":"publish","type":"product","link":"https:\/\/staging.pepiniereezavin.com\/en\/product\/zingiber-mioga\/","title":{"rendered":"Zingiber mioga"},"content":{"rendered":"<p>Le\u00a0<strong>\u00ab\u00a0gingembre japonais\u00a0\u00bb\u00a0<\/strong>\u00e9met des tiges annuelles d&rsquo;environ 60 cm de haut, d&rsquo;allure tr\u00e8s exotique. En \u00e9t\u00e9 les fleurs jaunes p\u00e2les apparaissent \u00e0 la base des pousses. Ces sont les<strong>\u00a0boutons floraux<\/strong>, au d\u00e9licieux parfum,\u00a0qui sont consomm\u00e9s surtout au Japon. Le rhizome est aussi comestible. Cette plante est totalement rustique, jusqu&rsquo;en r\u00e9gion parisienne (infos rusticit\u00e9 bienvenues!). A cultiver en mi-ombre, en sol frais. Garder au sec en hiver si caduque. Arrosage normal. Les tiges apparaissent vers avril ici. Culture facile.<\/p>\n<p>Disponible sous forme de griffes (rhizomes) en saison de repos de la plante, et sous forme de pot en saison de v\u00e9g\u00e9tation.<\/p>\n<p><span style=\"text-decoration: underline;\">Hauteur adulte<\/span>\u00a0: 80\/100\u00a0cm.\u00a0<span style=\"text-decoration: underline;\">Origine g\u00e9ographique<\/span>\u00a0: Chine sud et centre, Japon.\u00a0<span style=\"text-decoration: underline;\">Persistance hiver<\/span>\u00a0: Persistant si gard\u00e9 hors gel, caduque sinon.\u00a0<span style=\"text-decoration: underline;\">Rusticit\u00e9 USDA<\/span>\u00a0: Zone 7.<\/p>","protected":false},"excerpt":{"rendered":"<p>Le\u00a0<strong>\u00ab\u00a0gingembre japonais\u00a0\u00bb\u00a0<\/strong>\u00e9met des tiges annuelles d&rsquo;environ 60 cm de haut, d&rsquo;allure tr\u00e8s exotique. En \u00e9t\u00e9 les fleurs jaunes p\u00e2les apparaissent \u00e0 la base des pousses. Ces sont les<strong>\u00a0boutons floraux<\/strong>, au d\u00e9licieux parfum,\u00a0qui sont consomm\u00e9s surtout au Japon. Le rhizome est aussi comestible. Cette plante est totalement rustique, jusqu&rsquo;en r\u00e9gion parisienne (infos rusticit\u00e9 bienvenues!). A cultiver en mi-ombre, en sol frais. Garder au sec en hiver si caduque. Arrosage normal. Les tiges apparaissent vers avril ici. Culture facile.<\/p>\n<p>Disponible sous forme de griffes (rhizomes) en saison de repos de la plante, et sous forme de pot en saison de v\u00e9g\u00e9tation.<\/p>\n<p><span style=\"text-decoration: underline;\">Hauteur adulte<\/span>\u00a0: 80\/100\u00a0cm.\u00a0<span style=\"text-decoration: underline;\">Origine g\u00e9ographique<\/span>\u00a0: Chine sud et centre, Japon.\u00a0<span style=\"text-decoration: underline;\">Persistance hiver<\/span>\u00a0: Persistant si gard\u00e9 hors gel, caduque sinon.\u00a0<span style=\"text-decoration: underline;\">Rusticit\u00e9 USDA<\/span>\u00a0: Zone 7.<\/p>","protected":false},"featured_media":29990,"template":"","meta":{"site-sidebar-layout":"default","site-content-layout":"default","ast-global-header-display":"","ast-main-header-display":"","ast-hfb-above-header-display":"","ast-hfb-below-header-display":"","ast-hfb-mobile-header-display":"","site-post-title":"","ast-breadcrumbs-content":"","ast-featured-img":"","footer-sml-layout":"","theme-transparent-header-meta":"default","adv-header-id-meta":"","stick-header-meta":"default","header-above-stick-meta":"","header-main-stick-meta":"","header-below-stick-meta":""},"product_cat":[537,551,552,553],"product_tag":[529,556,558,559,533],"class_list":["post-29962","product","type-product","status-publish","has-post-thumbnail","hentry","product_cat-autres-plantes","product_cat-autres-plantes-d-interieur","product_cat-autres-plantes-pour-climat-doux","product_cat-autres-plantes-pour-climat-frais","product_tag-plantes-origine-asiatique","product_tag-plantes-pour-interieur","product_tag-plantes-pour-climats-doux","product_tag-plantes-pour-climats-frais","product_tag-plantes-pour-mur-vegetaux","pa_taille-du-pot-pot-12-14-cm-diametre","desktop-align-center","tablet-align-center","mobile-align-center","ast-product-gallery-layout-horizontal","ast-product-single-variable","ast-product-tabs-layout-horizontal","ast-qv-on-image"],"_links":{"self":[{"href":"https:\/\/staging.pepiniereezavin.com\/en\/wp-json\/wp\/v2\/product\/29962","targetHints":{"allow":["GET"]}}],"collection":[{"href":"https:\/\/staging.pepiniereezavin.com\/en\/wp-json\/wp\/v2\/product"}],"about":[{"href":"https:\/\/staging.pepiniereezavin.com\/en\/wp-json\/wp\/v2\/types\/product"}],"wp:featuredmedia":[{"embeddable":true,"href":"https:\/\/staging.pepiniereezavin.com\/en\/wp-json\/wp\/v2\/media\/29990"}],"wp:attachment":[{"href":"https:\/\/staging.pepiniereezavin.com\/en\/wp-json\/wp\/v2\/media?parent=29962"}],"wp:term":[{"taxonomy":"product_cat","embeddable":true,"href":"https:\/\/staging.pepiniereezavin.com\/en\/wp-json\/wp\/v2\/product_cat?post=29962"},{"taxonomy":"product_tag","embeddable":true,"href":"https:\/\/staging.pepiniereezavin.com\/en\/wp-json\/wp\/v2\/product_tag?post=29962"}],"curies":[{"name":"wp","href":"https:\/\/api.w.org\/{rel}","templated":true}]}}