{"id":29965,"date":"2021-12-09T22:46:48","date_gmt":"2021-12-09T21:46:48","guid":{"rendered":"https:\/\/pepiniereezavin.fr\/?post_type=product&#038;p=29965"},"modified":"2022-04-21T12:04:01","modified_gmt":"2022-04-21T10:04:01","slug":"adiantum-capillus-veneris-mairisii","status":"publish","type":"product","link":"https:\/\/staging.pepiniereezavin.com\/en\/product\/adiantum-capillus-veneris-mairisii\/","title":{"rendered":"Adiantum capillus-veneris &lsquo;Mairisii&rsquo;"},"content":{"rendered":"<p>Cette s\u00e9lection, du <strong>d\u00e9but du XIX\u00e8me si\u00e8cle<\/strong>, a \u00e9t\u00e9 isol\u00e9e \u00e0 la p\u00e9pini\u00e8re Mairis &amp; Co, en Angleterre, et a \u00e9t\u00e9 d\u00e9crite comme <em>Adiantum x mairisii.<\/em> Elle <span style=\"text-decoration: underline;\">serait<\/span> issue du croisement de <em>A. capillus-veneris<\/em> et de <em>A. aethiopicum<\/em>&#8230; mais de nombreux ouvrages la classent maintenant comme une vari\u00e9t\u00e9 de <em>A. capillus.-veneris<\/em>&#8230;\u00a0 Toujours est-il que c&rsquo;est une <strong>forme plus grande<\/strong> que le type, avec des frondes plus ramifi\u00e9es, et qui serait dot\u00e9e d&rsquo;une meilleure rusticit\u00e9.<\/p>\n<p><span style=\"text-decoration: underline;\">Hauteur adulte<\/span>\u00a0: 40\/60 cm.\u00a0<span style=\"text-decoration: underline;\">Origine g\u00e9ographique<\/span>\u00a0: origine horticole.\u00a0<span style=\"text-decoration: underline;\">Persistance hiver<\/span>\u00a0: Semi-persistant.\u00a0<span style=\"text-decoration: underline;\">Rusticit\u00e9 USDA<\/span>\u00a0:\u00a0Zone 8 (-12.2\u00b0\/-6.7\u00b0C).<\/p>","protected":false},"excerpt":{"rendered":"<p>Cette s\u00e9lection, du <strong>d\u00e9but du XIX\u00e8me si\u00e8cle<\/strong>, a \u00e9t\u00e9 isol\u00e9e \u00e0 la p\u00e9pini\u00e8re Mairis &amp; Co, en Angleterre, et a \u00e9t\u00e9 d\u00e9crite comme <em>Adiantum x mairisii.<\/em> Elle <span style=\"text-decoration: underline;\">serait<\/span> issue du croisement de <em>A. capillus-veneris<\/em> et de <em>A. aethiopicum<\/em>&#8230; mais de nombreux ouvrages la classent maintenant comme une vari\u00e9t\u00e9 de <em>A. capillus.-veneris<\/em>&#8230;\u00a0 Toujours est-il que c&rsquo;est une <strong>forme plus grande<\/strong> que le type, avec des frondes plus ramifi\u00e9es, et qui serait dot\u00e9e d&rsquo;une meilleure rusticit\u00e9.<\/p>\n<p><span style=\"text-decoration: underline;\">Hauteur adulte<\/span>\u00a0: 40\/60 cm.\u00a0<span style=\"text-decoration: underline;\">Origine g\u00e9ographique<\/span>\u00a0: origine horticole.\u00a0<span style=\"text-decoration: underline;\">Persistance hiver<\/span>\u00a0: Semi-persistant.\u00a0<span style=\"text-decoration: underline;\">Rusticit\u00e9 USDA<\/span>\u00a0:\u00a0Zone 8 (-12.2\u00b0\/-6.7\u00b0C).<\/p>","protected":false},"featured_media":29993,"template":"","meta":{"site-sidebar-layout":"default","site-content-layout":"default","ast-global-header-display":"","ast-main-header-display":"","ast-hfb-above-header-display":"","ast-hfb-below-header-display":"","ast-hfb-mobile-header-display":"","site-post-title":"","ast-breadcrumbs-content":"","ast-featured-img":"","footer-sml-layout":"","theme-transparent-header-meta":"default","adv-header-id-meta":"","stick-header-meta":"default","header-above-stick-meta":"","header-main-stick-meta":"","header-below-stick-meta":""},"product_cat":[535,545],"product_tag":[526,532,556,533],"class_list":["post-29965","product","type-product","status-publish","has-post-thumbnail","hentry","product_cat-fougeres","product_cat-fougeres-climat-doux","product_tag-plantes-couvre-sol","product_tag-plantes-pour-berges","product_tag-plantes-pour-interieur","product_tag-plantes-pour-mur-vegetaux","pa_taille-du-pot-pot-12-14-cm-diametre","desktop-align-center","tablet-align-center","mobile-align-center","ast-product-gallery-layout-horizontal","ast-product-single-variable","ast-product-tabs-layout-horizontal","ast-qv-on-image"],"_links":{"self":[{"href":"https:\/\/staging.pepiniereezavin.com\/en\/wp-json\/wp\/v2\/product\/29965","targetHints":{"allow":["GET"]}}],"collection":[{"href":"https:\/\/staging.pepiniereezavin.com\/en\/wp-json\/wp\/v2\/product"}],"about":[{"href":"https:\/\/staging.pepiniereezavin.com\/en\/wp-json\/wp\/v2\/types\/product"}],"wp:featuredmedia":[{"embeddable":true,"href":"https:\/\/staging.pepiniereezavin.com\/en\/wp-json\/wp\/v2\/media\/29993"}],"wp:attachment":[{"href":"https:\/\/staging.pepiniereezavin.com\/en\/wp-json\/wp\/v2\/media?parent=29965"}],"wp:term":[{"taxonomy":"product_cat","embeddable":true,"href":"https:\/\/staging.pepiniereezavin.com\/en\/wp-json\/wp\/v2\/product_cat?post=29965"},{"taxonomy":"product_tag","embeddable":true,"href":"https:\/\/staging.pepiniereezavin.com\/en\/wp-json\/wp\/v2\/product_tag?post=29965"}],"curies":[{"name":"wp","href":"https:\/\/api.w.org\/{rel}","templated":true}]}}