{"id":30011,"date":"2021-12-09T22:47:05","date_gmt":"2021-12-09T21:47:05","guid":{"rendered":"https:\/\/pepiniereezavin.fr\/?post_type=product&#038;p=30011"},"modified":"2022-04-16T17:51:35","modified_gmt":"2022-04-16T15:51:35","slug":"adiantum-venustum","status":"publish","type":"product","link":"https:\/\/staging.pepiniereezavin.com\/en\/product\/adiantum-venustum\/","title":{"rendered":"Adiantum venustum"},"content":{"rendered":"<p>La<strong>\u00a0<\/strong><strong>Capillaire de l&rsquo;Himalaya<\/strong>, a une relativement\u00a0bonne tenue au froid (-15\u00b0C, peut-\u00eatre moins). Les segments foliaires sont cun\u00e9iformes et allong\u00e9s, les frondes ont un port arqu\u00e9.\u00a0<strong>Jeunes crosses roses<\/strong>\u00a0vers le mois d&rsquo;avril.\u00a0<strong>Port tra\u00e7ant et colonisant<\/strong>, pour lieux frais ou en rocaille ombrag\u00e9e.<\/p>\n<p>Hauteur adulte\u00a0: 20\/40 cm.\u00a0Origine g\u00e9ographique\u00a0: Chine, Japon&#8230;\u00a0Persistance hiver\u00a0: Semi-persistant.\u00a0Rusticit\u00e9 USDA\u00a0:\u00a0Zone 7 (-17.8\u00b0C\/-12.2\u00b0C).<\/p>","protected":false},"excerpt":{"rendered":"<p>La<strong>\u00a0<\/strong><strong>Capillaire de l&rsquo;Himalaya<\/strong>, a une relativement\u00a0bonne tenue au froid (-15\u00b0C, peut-\u00eatre moins). Les segments foliaires sont cun\u00e9iformes et allong\u00e9s, les frondes ont un port arqu\u00e9.\u00a0<strong>Jeunes crosses roses<\/strong>\u00a0vers le mois d&rsquo;avril.\u00a0<strong>Port tra\u00e7ant et colonisant<\/strong>, pour lieux frais ou en rocaille ombrag\u00e9e.<\/p>\n<p><span style=\"text-decoration: underline;\">Hauteur adulte<\/span>\u00a0: 20\/40 cm.\u00a0<span style=\"text-decoration: underline;\">Origine g\u00e9ographique<\/span>\u00a0: Chine, Japon&#8230;\u00a0<span style=\"text-decoration: underline;\">Persistance hiver<\/span>\u00a0: Semi-persistant.\u00a0<span style=\"text-decoration: underline;\">Rusticit\u00e9 USDA<\/span>\u00a0:\u00a0Zone 7 (-17.8\u00b0C\/-12.2\u00b0C).<\/p>","protected":false},"featured_media":30038,"template":"","meta":{"site-sidebar-layout":"default","site-content-layout":"default","ast-global-header-display":"","ast-main-header-display":"","ast-hfb-above-header-display":"","ast-hfb-below-header-display":"","ast-hfb-mobile-header-display":"","site-post-title":"","ast-breadcrumbs-content":"","ast-featured-img":"","footer-sml-layout":"","theme-transparent-header-meta":"default","adv-header-id-meta":"","stick-header-meta":"default","header-above-stick-meta":"","header-main-stick-meta":"","header-below-stick-meta":""},"product_cat":[535,545,546],"product_tag":[526,529,532,533],"class_list":["post-30011","product","type-product","status-publish","has-post-thumbnail","hentry","product_cat-fougeres","product_cat-fougeres-climat-doux","product_cat-fougeres-climat-frais","product_tag-plantes-couvre-sol","product_tag-plantes-origine-asiatique","product_tag-plantes-pour-berges","product_tag-plantes-pour-mur-vegetaux","pa_taille-du-pot-pot-12-14-cm-diametre","desktop-align-center","tablet-align-center","mobile-align-center","ast-product-gallery-layout-horizontal","ast-product-single-variable","ast-product-tabs-layout-horizontal","ast-qv-on-image"],"_links":{"self":[{"href":"https:\/\/staging.pepiniereezavin.com\/en\/wp-json\/wp\/v2\/product\/30011","targetHints":{"allow":["GET"]}}],"collection":[{"href":"https:\/\/staging.pepiniereezavin.com\/en\/wp-json\/wp\/v2\/product"}],"about":[{"href":"https:\/\/staging.pepiniereezavin.com\/en\/wp-json\/wp\/v2\/types\/product"}],"wp:featuredmedia":[{"embeddable":true,"href":"https:\/\/staging.pepiniereezavin.com\/en\/wp-json\/wp\/v2\/media\/30038"}],"wp:attachment":[{"href":"https:\/\/staging.pepiniereezavin.com\/en\/wp-json\/wp\/v2\/media?parent=30011"}],"wp:term":[{"taxonomy":"product_cat","embeddable":true,"href":"https:\/\/staging.pepiniereezavin.com\/en\/wp-json\/wp\/v2\/product_cat?post=30011"},{"taxonomy":"product_tag","embeddable":true,"href":"https:\/\/staging.pepiniereezavin.com\/en\/wp-json\/wp\/v2\/product_tag?post=30011"}],"curies":[{"name":"wp","href":"https:\/\/api.w.org\/{rel}","templated":true}]}}