{"id":30013,"date":"2021-12-09T22:47:06","date_gmt":"2021-12-09T21:47:06","guid":{"rendered":"https:\/\/pepiniereezavin.fr\/?post_type=product&#038;p=30013"},"modified":"2022-11-08T17:59:09","modified_gmt":"2022-11-08T16:59:09","slug":"arachniodes-aristata","status":"publish","type":"product","link":"https:\/\/staging.pepiniereezavin.com\/en\/product\/arachniodes-aristata\/","title":{"rendered":"Arachniodes aristata"},"content":{"rendered":"<p>Cette foug\u00e8re des sous-bois japonais se reconnait par ses frondes verniss\u00e9es \u00e0 segments pointus. C&rsquo;est une esp\u00e8ce tr\u00e8s d\u00e9corative par la finesse\u00a0 et la teinte vert \u00e9meraude de son feuillage. Une des plus belles esp\u00e8ces que\u00a0 nous proposions. Croissance assez lente. Superbe en rocaille.<\/p>\n<p><span style=\"text-decoration: underline;\">Hauteur adulte<\/span>\u00a0: 40\/60 (100) cm.\u00a0<span style=\"text-decoration: underline;\">Origine g\u00e9ographique<\/span>\u00a0: Afrique, Oc\u00e9anie,\u00a0Japon.\u00a0<span style=\"text-decoration: underline;\">Persistance hiver<\/span>\u00a0: Persistant.\u00a0<span style=\"text-decoration: underline;\">Rusticit\u00e9 USDA<\/span> : Zone 7 (-17.8\u00b0C\/-12.2\u00b0C)<\/p>","protected":false},"excerpt":{"rendered":"<p>Cette foug\u00e8re des sous-bois japonais se reconnait par ses frondes verniss\u00e9es \u00e0 segments pointus. C&rsquo;est une esp\u00e8ce tr\u00e8s d\u00e9corative par la finesse\u00a0 et la teinte vert \u00e9meraude de son feuillage. Une des plus belles esp\u00e8ces que\u00a0 nous proposions. Croissance assez lente. Superbe en rocaille.<\/p>\n<p><span style=\"text-decoration: underline;\">Hauteur adulte<\/span>\u00a0: 40\/60 (100) cm.\u00a0<span style=\"text-decoration: underline;\">Origine g\u00e9ographique<\/span>\u00a0: Afrique, Oc\u00e9anie,\u00a0Japon.\u00a0<span style=\"text-decoration: underline;\">Persistance hiver<\/span>\u00a0: Persistant.\u00a0<span style=\"text-decoration: underline;\">Rusticit\u00e9 USDA<\/span> : Zone 7 (-17.8\u00b0C\/-12.2\u00b0C)<\/p>","protected":false},"featured_media":30041,"template":"","meta":{"site-sidebar-layout":"default","site-content-layout":"default","ast-global-header-display":"","ast-main-header-display":"","ast-hfb-above-header-display":"","ast-hfb-below-header-display":"","ast-hfb-mobile-header-display":"","site-post-title":"","ast-breadcrumbs-content":"","ast-featured-img":"","footer-sml-layout":"","theme-transparent-header-meta":"default","adv-header-id-meta":"","stick-header-meta":"default","header-above-stick-meta":"","header-main-stick-meta":"","header-below-stick-meta":""},"product_cat":[535,543,545],"product_tag":[529,531,556,533],"class_list":["post-30013","product","type-product","status-publish","has-post-thumbnail","hentry","product_cat-fougeres","product_cat-fougeres-interieur","product_cat-fougeres-climat-doux","product_tag-plantes-origine-asiatique","product_tag-plantes-origine-oceanienne","product_tag-plantes-pour-interieur","product_tag-plantes-pour-mur-vegetaux","pa_taille-du-pot-pot-12-14-cm-diametre","desktop-align-center","tablet-align-center","mobile-align-center","ast-product-gallery-layout-horizontal","ast-product-single-variable","ast-product-tabs-layout-horizontal","ast-qv-on-image"],"_links":{"self":[{"href":"https:\/\/staging.pepiniereezavin.com\/en\/wp-json\/wp\/v2\/product\/30013","targetHints":{"allow":["GET"]}}],"collection":[{"href":"https:\/\/staging.pepiniereezavin.com\/en\/wp-json\/wp\/v2\/product"}],"about":[{"href":"https:\/\/staging.pepiniereezavin.com\/en\/wp-json\/wp\/v2\/types\/product"}],"wp:featuredmedia":[{"embeddable":true,"href":"https:\/\/staging.pepiniereezavin.com\/en\/wp-json\/wp\/v2\/media\/30041"}],"wp:attachment":[{"href":"https:\/\/staging.pepiniereezavin.com\/en\/wp-json\/wp\/v2\/media?parent=30013"}],"wp:term":[{"taxonomy":"product_cat","embeddable":true,"href":"https:\/\/staging.pepiniereezavin.com\/en\/wp-json\/wp\/v2\/product_cat?post=30013"},{"taxonomy":"product_tag","embeddable":true,"href":"https:\/\/staging.pepiniereezavin.com\/en\/wp-json\/wp\/v2\/product_tag?post=30013"}],"curies":[{"name":"wp","href":"https:\/\/api.w.org\/{rel}","templated":true}]}}