{"id":30018,"date":"2021-12-09T22:47:06","date_gmt":"2021-12-09T21:47:06","guid":{"rendered":"https:\/\/pepiniereezavin.fr\/?post_type=product&#038;p=30018"},"modified":"2023-01-06T08:12:05","modified_gmt":"2023-01-06T07:12:05","slug":"asplenium-bulbiferum","status":"publish","type":"product","link":"https:\/\/staging.pepiniereezavin.com\/en\/product\/asplenium-bulbiferum\/","title":{"rendered":"Asplenium bulbiferum"},"content":{"rendered":"<p><em>Asplenium bulbiferum<\/em> est une \u00e9l\u00e9gante foug\u00e8re en touffe dress\u00e9e \u00e0 port \u00e9vas\u00e9, portant des bulbilles vert-vif \u00e0 la surface des frondes vert-sombre en fin de saison. Garder hors gel et mi-ombre humide, sol riche, tr\u00e8s d\u00e9coratif en int\u00e9rieur ou en v\u00e9randa. En ext\u00e9rieur dans les endroits hors gel du littoral. Culture facile et croissance rapide.<\/p>\n<p><span style=\"text-decoration: underline;\">Hauteur adulte<\/span>\u00a0: 60\/80 (150) cm.\u00a0<span style=\"text-decoration: underline;\">Origine g\u00e9ographique<\/span>\u00a0: Australie, Nouvelle-Z\u00e9lande.\u00a0<span style=\"text-decoration: underline;\">Persistance hiver<\/span>\u00a0: Persistant.\u00a0<span style=\"text-decoration: underline;\">Rusticit\u00e9 USDA<\/span>\u00a0: Zone 9.<\/p>","protected":false},"excerpt":{"rendered":"<p><em>Asplenium bulbiferum<\/em> est une \u00e9l\u00e9gante foug\u00e8re en touffe dress\u00e9e \u00e0 port \u00e9vas\u00e9, portant des bulbilles vert-vif \u00e0 la surface des frondes vert-sombre en fin de saison. Garder hors gel et mi-ombre humide, sol riche, tr\u00e8s d\u00e9coratif en int\u00e9rieur ou en v\u00e9randa. En ext\u00e9rieur dans les endroits hors gel du littoral. Culture facile et croissance rapide.<\/p>\n<p><span style=\"text-decoration: underline;\">Hauteur adulte<\/span>\u00a0: 60\/80 (150) cm.\u00a0<span style=\"text-decoration: underline;\">Origine g\u00e9ographique<\/span>\u00a0: Australie, Nouvelle-Z\u00e9lande.\u00a0<span style=\"text-decoration: underline;\">Persistance hiver<\/span>\u00a0: Persistant.\u00a0<span style=\"text-decoration: underline;\">Rusticit\u00e9 USDA<\/span>\u00a0: Zone 9.<\/p>","protected":false},"featured_media":30049,"template":"","meta":{"site-sidebar-layout":"default","site-content-layout":"default","ast-global-header-display":"","ast-main-header-display":"","ast-hfb-above-header-display":"","ast-hfb-below-header-display":"","ast-hfb-mobile-header-display":"","site-post-title":"","ast-breadcrumbs-content":"","ast-featured-img":"","footer-sml-layout":"","theme-transparent-header-meta":"default","adv-header-id-meta":"","stick-header-meta":"default","header-above-stick-meta":"","header-main-stick-meta":"","header-below-stick-meta":""},"product_cat":[535,543,545],"product_tag":[525,531,556,558,533],"class_list":["post-30018","product","type-product","status-publish","has-post-thumbnail","hentry","product_cat-fougeres","product_cat-fougeres-interieur","product_cat-fougeres-climat-doux","product_tag-plantes-a-feuillage-coriace","product_tag-plantes-origine-oceanienne","product_tag-plantes-pour-interieur","product_tag-plantes-pour-climats-doux","product_tag-plantes-pour-mur-vegetaux","pa_taille-du-pot-pot-15-18-cm-diametre","desktop-align-center","tablet-align-center","mobile-align-center","ast-product-gallery-layout-horizontal","ast-product-single-variable","ast-product-tabs-layout-horizontal","ast-qv-on-image"],"_links":{"self":[{"href":"https:\/\/staging.pepiniereezavin.com\/en\/wp-json\/wp\/v2\/product\/30018","targetHints":{"allow":["GET"]}}],"collection":[{"href":"https:\/\/staging.pepiniereezavin.com\/en\/wp-json\/wp\/v2\/product"}],"about":[{"href":"https:\/\/staging.pepiniereezavin.com\/en\/wp-json\/wp\/v2\/types\/product"}],"wp:featuredmedia":[{"embeddable":true,"href":"https:\/\/staging.pepiniereezavin.com\/en\/wp-json\/wp\/v2\/media\/30049"}],"wp:attachment":[{"href":"https:\/\/staging.pepiniereezavin.com\/en\/wp-json\/wp\/v2\/media?parent=30018"}],"wp:term":[{"taxonomy":"product_cat","embeddable":true,"href":"https:\/\/staging.pepiniereezavin.com\/en\/wp-json\/wp\/v2\/product_cat?post=30018"},{"taxonomy":"product_tag","embeddable":true,"href":"https:\/\/staging.pepiniereezavin.com\/en\/wp-json\/wp\/v2\/product_tag?post=30018"}],"curies":[{"name":"wp","href":"https:\/\/api.w.org\/{rel}","templated":true}]}}