{"id":30023,"date":"2021-12-09T22:47:07","date_gmt":"2021-12-09T21:47:07","guid":{"rendered":"https:\/\/pepiniereezavin.fr\/?post_type=product&#038;p=30023"},"modified":"2022-12-06T09:16:44","modified_gmt":"2022-12-06T08:16:44","slug":"asplenium-scolopendrium-groupe-fimbriatum","status":"publish","type":"product","link":"https:\/\/staging.pepiniereezavin.com\/en\/product\/asplenium-scolopendrium-groupe-fimbriatum\/","title":{"rendered":"Asplenium scolopendrium groupe &lsquo;Fimbriatum&rsquo;"},"content":{"rendered":"<p>Les frondes de cette forme sont \u00e9troites, et finement dent\u00e9es sur les c\u00f4t\u00e9s. Les sores apparaissent sur les bords de ces lac\u00e9rations, et sont visibles parfois du dessus de la fronde. M\u00eame rusticit\u00e9 et m\u00eame vigueur que l&rsquo;Asplenium scolopendrium normal. Cette forme est s\u00e9lectionn\u00e9e \u00e0 partir de variations apparues spontan\u00e9ment dans des semis de la forme sauvage.<\/p>\n<p><span style=\"text-decoration: underline;\">Hauteur adulte<\/span> : 20\/40(60). <span style=\"text-decoration: underline;\">Origine g\u00e9ographique<\/span> : horticole. <span style=\"text-decoration: underline;\">Persistance hiver<\/span> : Semi-persistant. <span style=\"text-decoration: underline;\">Rusticit\u00e9 USDA<\/span> : Zone 7 (-17.8\u00b0C\/-12.2\u00b0C).<\/p>","protected":false},"excerpt":{"rendered":"<p>Les frondes de cette forme sont \u00e9troites, et finement dent\u00e9es sur les c\u00f4t\u00e9s. Les sores apparaissent sur les bords de ces lac\u00e9rations, et sont visibles parfois du dessus de la fronde. M\u00eame rusticit\u00e9 et m\u00eame vigueur que l&rsquo;Asplenium scolopendrium normal. Cette forme est s\u00e9lectionn\u00e9e \u00e0 partir de variations apparues spontan\u00e9ment dans des semis de la forme sauvage.<\/p>\n<p><span style=\"text-decoration: underline;\">Hauteur adulte<\/span> : 20\/40(60). <span style=\"text-decoration: underline;\">Origine g\u00e9ographique<\/span> : horticole. <span style=\"text-decoration: underline;\">Persistance hiver<\/span> : Semi-persistant. <span style=\"text-decoration: underline;\">Rusticit\u00e9 USDA<\/span> : Zone 7 (-17.8\u00b0C\/-12.2\u00b0C).<\/p>","protected":false},"featured_media":33614,"template":"","meta":{"site-sidebar-layout":"default","site-content-layout":"default","ast-global-header-display":"","ast-main-header-display":"","ast-hfb-above-header-display":"","ast-hfb-below-header-display":"","ast-hfb-mobile-header-display":"","site-post-title":"","ast-breadcrumbs-content":"","ast-featured-img":"","footer-sml-layout":"","theme-transparent-header-meta":"default","adv-header-id-meta":"","stick-header-meta":"default","header-above-stick-meta":"","header-main-stick-meta":"","header-below-stick-meta":""},"product_cat":[535,545,546,537],"product_tag":[525,532],"class_list":["post-30023","product","type-product","status-publish","has-post-thumbnail","hentry","product_cat-fougeres","product_cat-fougeres-climat-doux","product_cat-fougeres-climat-frais","product_cat-autres-plantes","product_tag-plantes-a-feuillage-coriace","product_tag-plantes-pour-berges","pa_taille-du-pot-pot-12-14-cm-diametre","desktop-align-center","tablet-align-center","mobile-align-center","ast-product-gallery-layout-horizontal","ast-product-single-variable","ast-product-tabs-layout-horizontal","ast-qv-on-image"],"_links":{"self":[{"href":"https:\/\/staging.pepiniereezavin.com\/en\/wp-json\/wp\/v2\/product\/30023","targetHints":{"allow":["GET"]}}],"collection":[{"href":"https:\/\/staging.pepiniereezavin.com\/en\/wp-json\/wp\/v2\/product"}],"about":[{"href":"https:\/\/staging.pepiniereezavin.com\/en\/wp-json\/wp\/v2\/types\/product"}],"wp:featuredmedia":[{"embeddable":true,"href":"https:\/\/staging.pepiniereezavin.com\/en\/wp-json\/wp\/v2\/media\/33614"}],"wp:attachment":[{"href":"https:\/\/staging.pepiniereezavin.com\/en\/wp-json\/wp\/v2\/media?parent=30023"}],"wp:term":[{"taxonomy":"product_cat","embeddable":true,"href":"https:\/\/staging.pepiniereezavin.com\/en\/wp-json\/wp\/v2\/product_cat?post=30023"},{"taxonomy":"product_tag","embeddable":true,"href":"https:\/\/staging.pepiniereezavin.com\/en\/wp-json\/wp\/v2\/product_tag?post=30023"}],"curies":[{"name":"wp","href":"https:\/\/api.w.org\/{rel}","templated":true}]}}