{"id":30029,"date":"2021-12-09T22:47:07","date_gmt":"2021-12-09T21:47:07","guid":{"rendered":"https:\/\/pepiniereezavin.fr\/?post_type=product&#038;p=30029"},"modified":"2022-11-24T19:27:49","modified_gmt":"2022-11-24T18:27:49","slug":"athyrium-niponicum-rouge","status":"publish","type":"product","link":"https:\/\/staging.pepiniereezavin.com\/en\/product\/athyrium-niponicum-rouge\/","title":{"rendered":"Athyrium niponicum &lsquo;Rouge&rsquo;"},"content":{"rendered":"<p>S\u00e9lection personnelle. Cette magnifique forme de la\u00a0<strong>foug\u00e8re japonaise<\/strong> pr\u00e9sente au printemps et en \u00e9t\u00e9 une large ligne <strong>rouge<\/strong> lie-de-vin de part et d&rsquo;autre de la nervure centrale, et le reste du limbe est vert argent\u00e9. Pour garder les caract\u00e8res morphologiques, cette vari\u00e9t\u00e9 est multipli\u00e9e v\u00e9g\u00e9tativement. Les jeunes crosses au printemps sortent du sol avec une couleur rouge lie-de-vin. Tr\u00e8s graphique.<\/p>\n<p>De culture facile et rustique partout en France,\u00a0cette foug\u00e8re s&rsquo;\u00e9tale lentement pour former des taches en sous bois. Elle\u00a0appr\u00e9cie un environnement frais et ombrag\u00e9.<\/p>\n<p><span style=\"text-decoration: underline;\">Hauteur adulte<\/span>\u00a0: 40\/60.\u00a0<span style=\"text-decoration: underline;\">Origine g\u00e9ographique<\/span>\u00a0: Chine, Cor\u00e9e, Japon.\u00a0<span style=\"text-decoration: underline;\">Persistance hiver<\/span>\u00a0: Caduque.\u00a0<span style=\"text-decoration: underline;\">Rusticit\u00e9 USDA<\/span>\u00a0:\u00a0Zone 4 (-34.4\u00b0C\/-28.9\u00b0C).<\/p>","protected":false},"excerpt":{"rendered":"<p>S\u00e9lection personnelle. Cette magnifique forme de la\u00a0<strong>foug\u00e8re japonaise<\/strong> pr\u00e9sente au printemps et en \u00e9t\u00e9 une large ligne <strong>rouge<\/strong> lie-de-vin de part et d&rsquo;autre de la nervure centrale, et le reste du limbe est vert argent\u00e9. Pour garder les caract\u00e8res morphologiques, cette vari\u00e9t\u00e9 est multipli\u00e9e v\u00e9g\u00e9tativement. Les jeunes crosses au printemps sortent du sol avec une couleur rouge lie-de-vin. Tr\u00e8s graphique.<\/p>\n<p>De culture facile et rustique partout en France,\u00a0cette foug\u00e8re s&rsquo;\u00e9tale lentement pour former des taches en sous bois. Elle\u00a0appr\u00e9cie un environnement frais et ombrag\u00e9.<\/p>\n<p><span style=\"text-decoration: underline;\">Hauteur adulte<\/span>\u00a0: 40\/60.\u00a0<span style=\"text-decoration: underline;\">Origine g\u00e9ographique<\/span>\u00a0: Chine, Cor\u00e9e, Japon.\u00a0<span style=\"text-decoration: underline;\">Persistance hiver<\/span>\u00a0: Caduque.\u00a0<span style=\"text-decoration: underline;\">Rusticit\u00e9 USDA<\/span>\u00a0:\u00a0Zone 4 (-34.4\u00b0C\/-28.9\u00b0C).<\/p>","protected":false},"featured_media":30069,"template":"","meta":{"site-sidebar-layout":"default","site-content-layout":"default","ast-global-header-display":"","ast-main-header-display":"","ast-hfb-above-header-display":"","ast-hfb-below-header-display":"","ast-hfb-mobile-header-display":"","site-post-title":"","ast-breadcrumbs-content":"","ast-featured-img":"","footer-sml-layout":"","theme-transparent-header-meta":"default","adv-header-id-meta":"","stick-header-meta":"default","header-above-stick-meta":"","header-main-stick-meta":"","header-below-stick-meta":""},"product_cat":[535,545,546],"product_tag":[529,532,558,559,533],"class_list":["post-30029","product","type-product","status-publish","has-post-thumbnail","hentry","product_cat-fougeres","product_cat-fougeres-climat-doux","product_cat-fougeres-climat-frais","product_tag-plantes-origine-asiatique","product_tag-plantes-pour-berges","product_tag-plantes-pour-climats-doux","product_tag-plantes-pour-climats-frais","product_tag-plantes-pour-mur-vegetaux","pa_taille-du-pot-pot-12-14-cm-diametre","desktop-align-center","tablet-align-center","mobile-align-center","ast-product-gallery-layout-horizontal","ast-product-gallery-with-no-image","ast-product-single-variable","ast-product-tabs-layout-horizontal","ast-qv-on-image"],"_links":{"self":[{"href":"https:\/\/staging.pepiniereezavin.com\/en\/wp-json\/wp\/v2\/product\/30029","targetHints":{"allow":["GET"]}}],"collection":[{"href":"https:\/\/staging.pepiniereezavin.com\/en\/wp-json\/wp\/v2\/product"}],"about":[{"href":"https:\/\/staging.pepiniereezavin.com\/en\/wp-json\/wp\/v2\/types\/product"}],"wp:featuredmedia":[{"embeddable":true,"href":"https:\/\/staging.pepiniereezavin.com\/en\/wp-json\/wp\/v2\/media\/30069"}],"wp:attachment":[{"href":"https:\/\/staging.pepiniereezavin.com\/en\/wp-json\/wp\/v2\/media?parent=30029"}],"wp:term":[{"taxonomy":"product_cat","embeddable":true,"href":"https:\/\/staging.pepiniereezavin.com\/en\/wp-json\/wp\/v2\/product_cat?post=30029"},{"taxonomy":"product_tag","embeddable":true,"href":"https:\/\/staging.pepiniereezavin.com\/en\/wp-json\/wp\/v2\/product_tag?post=30029"}],"curies":[{"name":"wp","href":"https:\/\/api.w.org\/{rel}","templated":true}]}}