{"id":30030,"date":"2021-12-09T22:47:07","date_gmt":"2021-12-09T21:47:07","guid":{"rendered":"https:\/\/pepiniereezavin.fr\/?post_type=product&#038;p=30030"},"modified":"2022-12-01T14:30:04","modified_gmt":"2022-12-01T13:30:04","slug":"athyrium-niponicum-silver-falls","status":"publish","type":"product","link":"https:\/\/staging.pepiniereezavin.com\/en\/product\/athyrium-niponicum-silver-falls\/","title":{"rendered":"Athyrium niponicum &lsquo;Silver Falls&rsquo;"},"content":{"rendered":"<p>C&rsquo;est la <strong>forme toute argent\u00e9e<\/strong>, les nervures rouges sont beaucoup plus discr\u00e8tes. Sa coloration reste<strong>\u00a0<\/strong>argent\u00e9e tout l&rsquo;\u00e9t\u00e9, et tourne doucement au vert en fin d&rsquo;automne. M\u00eame culture que <em>Athyrium niponicum pictum<\/em> : \u00a0Cette foug\u00e8re est parfaite pour \u00e9clairer un endroit sombre. C&rsquo;est une plante facile, tr\u00e8s robuste, qui pr\u00e9f\u00e8re les situations fra\u00eeches en permanence. Indispensable pour tous les endroits frais, o\u00f9 elle s&rsquo;\u00e9panouira de nombreuses ann\u00e9es.<\/p>\n<p><span style=\"text-decoration: underline;\">Hauteur adulte<\/span>\u00a0: 40\/60.\u00a0<span style=\"text-decoration: underline;\">Origine g\u00e9ographique<\/span>\u00a0: origine horticole.\u00a0<span style=\"text-decoration: underline;\">Persistance hiver<\/span>\u00a0: Caduque.\u00a0<span style=\"text-decoration: underline;\">Rusticit\u00e9 USDA<\/span>\u00a0: Zone 3\/4.<\/p>","protected":false},"excerpt":{"rendered":"<p>C&rsquo;est la <strong>forme toute argent\u00e9e<\/strong>, les nervures rouges sont beaucoup plus discr\u00e8tes. Sa coloration reste<strong>\u00a0<\/strong>argent\u00e9e tout l&rsquo;\u00e9t\u00e9, et tourne doucement au vert en fin d&rsquo;automne. M\u00eame culture que <em>Athyrium niponicum pictum<\/em> : \u00a0Cette foug\u00e8re est parfaite pour \u00e9clairer un endroit sombre. C&rsquo;est une plante facile, tr\u00e8s robuste, qui pr\u00e9f\u00e8re les situations fra\u00eeches en permanence. Indispensable pour tous les endroits frais, o\u00f9 elle s&rsquo;\u00e9panouira de nombreuses ann\u00e9es.<\/p>\n<p><span style=\"text-decoration: underline;\">Hauteur adulte<\/span>\u00a0: 40\/60.\u00a0<span style=\"text-decoration: underline;\">Origine g\u00e9ographique<\/span>\u00a0: origine horticole.\u00a0<span style=\"text-decoration: underline;\">Persistance hiver<\/span>\u00a0: Caduque.\u00a0<span style=\"text-decoration: underline;\">Rusticit\u00e9 USDA<\/span>\u00a0: Zone 3\/4.<\/p>","protected":false},"featured_media":33185,"template":"","meta":{"site-sidebar-layout":"default","site-content-layout":"default","ast-global-header-display":"","ast-main-header-display":"","ast-hfb-above-header-display":"","ast-hfb-below-header-display":"","ast-hfb-mobile-header-display":"","site-post-title":"","ast-breadcrumbs-content":"","ast-featured-img":"","footer-sml-layout":"","theme-transparent-header-meta":"default","adv-header-id-meta":"","stick-header-meta":"default","header-above-stick-meta":"","header-main-stick-meta":"","header-below-stick-meta":""},"product_cat":[535,545,546],"product_tag":[529,532,558,559],"class_list":["post-30030","product","type-product","status-publish","has-post-thumbnail","hentry","product_cat-fougeres","product_cat-fougeres-climat-doux","product_cat-fougeres-climat-frais","product_tag-plantes-origine-asiatique","product_tag-plantes-pour-berges","product_tag-plantes-pour-climats-doux","product_tag-plantes-pour-climats-frais","pa_taille-du-pot-pot-12-14-cm-diametre","desktop-align-center","tablet-align-center","mobile-align-center","ast-product-gallery-layout-horizontal","ast-product-tabs-layout-horizontal","ast-qv-on-image"],"_links":{"self":[{"href":"https:\/\/staging.pepiniereezavin.com\/en\/wp-json\/wp\/v2\/product\/30030","targetHints":{"allow":["GET"]}}],"collection":[{"href":"https:\/\/staging.pepiniereezavin.com\/en\/wp-json\/wp\/v2\/product"}],"about":[{"href":"https:\/\/staging.pepiniereezavin.com\/en\/wp-json\/wp\/v2\/types\/product"}],"wp:featuredmedia":[{"embeddable":true,"href":"https:\/\/staging.pepiniereezavin.com\/en\/wp-json\/wp\/v2\/media\/33185"}],"wp:attachment":[{"href":"https:\/\/staging.pepiniereezavin.com\/en\/wp-json\/wp\/v2\/media?parent=30030"}],"wp:term":[{"taxonomy":"product_cat","embeddable":true,"href":"https:\/\/staging.pepiniereezavin.com\/en\/wp-json\/wp\/v2\/product_cat?post=30030"},{"taxonomy":"product_tag","embeddable":true,"href":"https:\/\/staging.pepiniereezavin.com\/en\/wp-json\/wp\/v2\/product_tag?post=30030"}],"curies":[{"name":"wp","href":"https:\/\/api.w.org\/{rel}","templated":true}]}}