{"id":30032,"date":"2021-12-09T22:47:07","date_gmt":"2021-12-09T21:47:07","guid":{"rendered":"https:\/\/pepiniereezavin.fr\/?post_type=product&#038;p=30032"},"modified":"2022-12-20T13:58:27","modified_gmt":"2022-12-20T12:58:27","slug":"blechnum-appendiculatum","status":"publish","type":"product","link":"https:\/\/staging.pepiniereezavin.com\/en\/product\/blechnum-appendiculatum\/","title":{"rendered":"Blechnum appendiculatum"},"content":{"rendered":"<p>(anciennement sous le nom de <em>Blechnum occidentale<\/em>) Plante formant des touffes tr\u00e8s \u00e9rig\u00e9es, \u00e9mettant des stolons qui s&rsquo;enracinent de proche en proche. Les jeunes frondes roses, puis cuivr\u00e9es puis vertes, et les stolons nombreux en font un excellent couvre sol en climat doux. Fait de splendides pot\u00e9es en v\u00e9randa. Tient \u00e9tonnement ici jusqu&rsquo;\u00e0 -5\u00b0C (avec d\u00e9gel quotidien) et tol\u00e8re les arrosages \u00e0 l&rsquo;eau calcaire&#8230; ce qui est assez rare chez les Blechnum.<\/p>\n<p><span style=\"text-decoration: underline;\">Hauteur adulte<\/span>\u00a0: 40\/60.\u00a0<span style=\"text-decoration: underline;\">Origine g\u00e9ographique<\/span>\u00a0:\u00a0Sud-Est Am\u00e9rique du Nord, Am\u00e9rique centrale.\u00a0<span style=\"text-decoration: underline;\">Persistance hiver<\/span>\u00a0: Semi-persistant.\u00a0<span style=\"text-decoration: underline;\">Rusticit\u00e9 USDA<\/span>\u00a0: Zone 3\/4.<\/p>","protected":false},"excerpt":{"rendered":"<p>(anciennement sous le nom de <em>Blechnum occidentale<\/em>) Plante formant des touffes tr\u00e8s \u00e9rig\u00e9es, \u00e9mettant des stolons qui s&rsquo;enracinent de proche en proche. Les jeunes frondes roses, puis cuivr\u00e9es puis vertes, et les stolons nombreux en font un excellent couvre sol en climat doux. Fait de splendides pot\u00e9es en v\u00e9randa. Tient \u00e9tonnement ici jusqu&rsquo;\u00e0 -5\u00b0C (avec d\u00e9gel quotidien) et tol\u00e8re les arrosages \u00e0 l&rsquo;eau calcaire&#8230; ce qui est assez rare chez les Blechnum.<\/p>\n<p><span style=\"text-decoration: underline;\">Hauteur adulte<\/span>\u00a0: 40\/60.\u00a0<span style=\"text-decoration: underline;\">Origine g\u00e9ographique<\/span>\u00a0:\u00a0Sud-Est Am\u00e9rique du Nord, Am\u00e9rique centrale.\u00a0<span style=\"text-decoration: underline;\">Persistance hiver<\/span>\u00a0: Semi-persistant.\u00a0<span style=\"text-decoration: underline;\">Rusticit\u00e9 USDA<\/span>\u00a0: Zone 3\/4.<\/p>","protected":false},"featured_media":30100,"template":"","meta":{"site-sidebar-layout":"default","site-content-layout":"default","ast-global-header-display":"","ast-main-header-display":"","ast-hfb-above-header-display":"","ast-hfb-below-header-display":"","ast-hfb-mobile-header-display":"","site-post-title":"","ast-breadcrumbs-content":"","ast-featured-img":"","footer-sml-layout":"","theme-transparent-header-meta":"default","adv-header-id-meta":"","stick-header-meta":"default","header-above-stick-meta":"","header-main-stick-meta":"","header-below-stick-meta":""},"product_cat":[535,543,544,545],"product_tag":[528,556,533,557],"class_list":["post-30032","product","type-product","status-publish","has-post-thumbnail","hentry","product_cat-fougeres","product_cat-fougeres-interieur","product_cat-fougeres-terrarium","product_cat-fougeres-climat-doux","product_tag-plantes-origine-americaine","product_tag-plantes-pour-interieur","product_tag-plantes-pour-mur-vegetaux","product_tag-plantes-pour-terrarium","pa_taille-du-pot-pot-12-14-cm-diametre","desktop-align-center","tablet-align-center","mobile-align-center","ast-product-gallery-layout-horizontal","ast-product-single-variable","ast-product-tabs-layout-horizontal","ast-qv-on-image"],"_links":{"self":[{"href":"https:\/\/staging.pepiniereezavin.com\/en\/wp-json\/wp\/v2\/product\/30032","targetHints":{"allow":["GET"]}}],"collection":[{"href":"https:\/\/staging.pepiniereezavin.com\/en\/wp-json\/wp\/v2\/product"}],"about":[{"href":"https:\/\/staging.pepiniereezavin.com\/en\/wp-json\/wp\/v2\/types\/product"}],"wp:featuredmedia":[{"embeddable":true,"href":"https:\/\/staging.pepiniereezavin.com\/en\/wp-json\/wp\/v2\/media\/30100"}],"wp:attachment":[{"href":"https:\/\/staging.pepiniereezavin.com\/en\/wp-json\/wp\/v2\/media?parent=30032"}],"wp:term":[{"taxonomy":"product_cat","embeddable":true,"href":"https:\/\/staging.pepiniereezavin.com\/en\/wp-json\/wp\/v2\/product_cat?post=30032"},{"taxonomy":"product_tag","embeddable":true,"href":"https:\/\/staging.pepiniereezavin.com\/en\/wp-json\/wp\/v2\/product_tag?post=30032"}],"curies":[{"name":"wp","href":"https:\/\/api.w.org\/{rel}","templated":true}]}}