{"id":30086,"date":"2021-12-09T22:47:32","date_gmt":"2021-12-09T21:47:32","guid":{"rendered":"https:\/\/pepiniereezavin.fr\/?post_type=product&#038;p=30086"},"modified":"2022-12-13T12:16:07","modified_gmt":"2022-12-13T11:16:07","slug":"colysis-elliptica-pb-04-362","status":"publish","type":"product","link":"https:\/\/staging.pepiniereezavin.com\/en\/product\/colysis-elliptica-pb-04-362\/","title":{"rendered":"Colysis elliptica PB 04-362"},"content":{"rendered":"<p><em>Colysis elliptica<\/em> est une foug\u00e8re de sous-bois frais, souvent sur les rochers en bord de ruisseaux. Elle forme un couvre-sol gr\u00e2ce \u00e0 un rhizome \u00e9pais ramifi\u00e9, rampant juste sous la liti\u00e8re. \u00a0Le feuillage coriace et luisant est simplement splendide. A cultiver en gardant bien le rhizome proche de la surface du sol. Croissance lente mais culture facile. Le feuillage peut dispara\u00eetre au cours de l&rsquo;hiver, et r\u00e9appara\u00eet alors en avril mai. Rustique en zone 8. Test\u00e9 avec succ\u00e8s comme plante d&rsquo;int\u00e9rieur, les frondes vert vif de <em>Colysis elliptica<\/em> sont persistantes, et peuvent atteindre 50 \u00e0 60 cm.<\/p>\n<p><span style=\"text-decoration: underline;\">Hauteur adulte<\/span>\u00a0: 40\/60 (80) cm.\u00a0<span style=\"text-decoration: underline;\">Origine g\u00e9ographique<\/span>\u00a0: Japon, Chine, Ta\u00efwan.\u00a0<span style=\"text-decoration: underline;\">Persistance hiver<\/span>\u00a0: Semi-persistant. \u00a0<span style=\"text-decoration: underline;\">Rusticit\u00e9 USDA<\/span> : Zone 8 (-12.2\u00b0C\/-6.7\u00b0C).<\/p>\n<p>&nbsp;<\/p>","protected":false},"excerpt":{"rendered":"<p><em>Colysis elliptica<\/em> est une foug\u00e8re de sous-bois frais, souvent sur les rochers en bord de ruisseaux. Elle forme un couvre-sol gr\u00e2ce \u00e0 un rhizome \u00e9pais ramifi\u00e9, rampant juste sous la liti\u00e8re. \u00a0Le feuillage coriace et luisant est simplement splendide. A cultiver en gardant bien le rhizome proche de la surface du sol. Croissance lente mais culture facile. Le feuillage peut dispara\u00eetre au cours de l&rsquo;hiver, et r\u00e9appara\u00eet alors en avril mai. Rustique en zone 8. Test\u00e9 avec succ\u00e8s comme plante d&rsquo;int\u00e9rieur, les frondes vert vif de <em>Colysis elliptica<\/em> sont persistantes, et peuvent atteindre 50 \u00e0 60 cm.<\/p>\n<p><span style=\"text-decoration: underline;\">Hauteur adulte<\/span>\u00a0: 40\/60 (80) cm.\u00a0<span style=\"text-decoration: underline;\">Origine g\u00e9ographique<\/span>\u00a0: Japon, Chine, Ta\u00efwan.\u00a0<span style=\"text-decoration: underline;\">Persistance hiver<\/span>\u00a0: Semi-persistant. \u00a0<span style=\"text-decoration: underline;\">Rusticit\u00e9 USDA<\/span> : Zone 8 (-12.2\u00b0C\/-6.7\u00b0C).<\/p>\n<p>&nbsp;<\/p>","protected":false},"featured_media":30118,"template":"","meta":{"site-sidebar-layout":"default","site-content-layout":"default","ast-global-header-display":"","ast-main-header-display":"","ast-hfb-above-header-display":"","ast-hfb-below-header-display":"","ast-hfb-mobile-header-display":"","site-post-title":"","ast-breadcrumbs-content":"","ast-featured-img":"","footer-sml-layout":"","theme-transparent-header-meta":"default","adv-header-id-meta":"","stick-header-meta":"default","header-above-stick-meta":"","header-main-stick-meta":"","header-below-stick-meta":""},"product_cat":[535,543,544,545],"product_tag":[525,526,529,556,558,533],"class_list":["post-30086","product","type-product","status-publish","has-post-thumbnail","hentry","product_cat-fougeres","product_cat-fougeres-interieur","product_cat-fougeres-terrarium","product_cat-fougeres-climat-doux","product_tag-plantes-a-feuillage-coriace","product_tag-plantes-couvre-sol","product_tag-plantes-origine-asiatique","product_tag-plantes-pour-interieur","product_tag-plantes-pour-climats-doux","product_tag-plantes-pour-mur-vegetaux","pa_taille-du-pot-pot-12-14-cm-diametre","desktop-align-center","tablet-align-center","mobile-align-center","ast-product-gallery-layout-horizontal","ast-product-single-variable","ast-product-tabs-layout-horizontal","ast-qv-on-image"],"_links":{"self":[{"href":"https:\/\/staging.pepiniereezavin.com\/en\/wp-json\/wp\/v2\/product\/30086","targetHints":{"allow":["GET"]}}],"collection":[{"href":"https:\/\/staging.pepiniereezavin.com\/en\/wp-json\/wp\/v2\/product"}],"about":[{"href":"https:\/\/staging.pepiniereezavin.com\/en\/wp-json\/wp\/v2\/types\/product"}],"wp:featuredmedia":[{"embeddable":true,"href":"https:\/\/staging.pepiniereezavin.com\/en\/wp-json\/wp\/v2\/media\/30118"}],"wp:attachment":[{"href":"https:\/\/staging.pepiniereezavin.com\/en\/wp-json\/wp\/v2\/media?parent=30086"}],"wp:term":[{"taxonomy":"product_cat","embeddable":true,"href":"https:\/\/staging.pepiniereezavin.com\/en\/wp-json\/wp\/v2\/product_cat?post=30086"},{"taxonomy":"product_tag","embeddable":true,"href":"https:\/\/staging.pepiniereezavin.com\/en\/wp-json\/wp\/v2\/product_tag?post=30086"}],"curies":[{"name":"wp","href":"https:\/\/api.w.org\/{rel}","templated":true}]}}