{"id":30087,"date":"2021-12-09T22:47:32","date_gmt":"2021-12-09T21:47:32","guid":{"rendered":"https:\/\/pepiniereezavin.fr\/?post_type=product&#038;p=30087"},"modified":"2022-12-20T13:58:27","modified_gmt":"2022-12-20T12:58:27","slug":"coniogramme-emeiensis","status":"publish","type":"product","link":"https:\/\/staging.pepiniereezavin.com\/en\/product\/coniogramme-emeiensis\/","title":{"rendered":"Coniogramme emeiensis"},"content":{"rendered":"<p>Originaire du Mont Emei, en Chine (Sichuan), cette grande esp\u00e8ce a de magnifiques frondes penn\u00e9es \u00e0 bipenn\u00e9es \u00e0 la base, dont les nervures principales des segments sont\u00a0 jaunes. Cette \u00ab\u00a0foug\u00e8re-bambou\u00a0\u00bb a un port dress\u00e9 tr\u00e8s \u00e9l\u00e9gant et une croissance plus rapide que <em>C. japonica<\/em>. Totalement rustique en r\u00e9gion parisienne. Tient aussi tr\u00e8s bien en int\u00e9rieur ou en v\u00e9randa. En ext\u00e9rieur, c&rsquo;est une plante qui d\u00e9marre tard en saison (ici au moins), fin avril \/ d\u00e9but mai. Plantes sem\u00e9es et multipli\u00e9es traditionnellement, sans technique \u00ab\u00a0in vitro\u00a0\u00bb.<\/p>\n<p><span style=\"text-decoration: underline;\">Hauteur adulte<\/span>\u00a0: 40\/60 (80) cm.\u00a0<span style=\"text-decoration: underline;\">Origine g\u00e9ographique<\/span>\u00a0: Chine.\u00a0<span style=\"text-decoration: underline;\">Persistance hiver<\/span>\u00a0: Caduque. Semi-persistant si en v\u00e9randa.\u00a0<span style=\"text-decoration: underline;\">Rusticit\u00e9 USDA<\/span>\u00a0: Zone 8.<\/p>\n<p>&nbsp;<\/p>","protected":false},"excerpt":{"rendered":"<p>Originaire du Mont Emei, en Chine (Sichuan), cette grande esp\u00e8ce a de magnifiques frondes penn\u00e9es \u00e0 bipenn\u00e9es \u00e0 la base, dont les nervures principales des segments sont\u00a0 jaunes. Cette \u00ab\u00a0foug\u00e8re-bambou\u00a0\u00bb a un port dress\u00e9 tr\u00e8s \u00e9l\u00e9gant et une croissance plus rapide que <em>C. japonica<\/em>. Totalement rustique en r\u00e9gion parisienne. Tient aussi tr\u00e8s bien en int\u00e9rieur ou en v\u00e9randa. En ext\u00e9rieur, c&rsquo;est une plante qui d\u00e9marre tard en saison (ici au moins), fin avril \/ d\u00e9but mai. Plantes sem\u00e9es et multipli\u00e9es traditionnellement, sans technique \u00ab\u00a0in vitro\u00a0\u00bb.<\/p>\n<p><span style=\"text-decoration: underline;\">Hauteur adulte<\/span>\u00a0: 40\/60 (80) cm.\u00a0<span style=\"text-decoration: underline;\">Origine g\u00e9ographique<\/span>\u00a0: Chine.\u00a0<span style=\"text-decoration: underline;\">Persistance hiver<\/span>\u00a0: Caduque. Semi-persistant si en v\u00e9randa.\u00a0<span style=\"text-decoration: underline;\">Rusticit\u00e9 USDA<\/span>\u00a0: Zone 8.<\/p>\n<p>&nbsp;<\/p>","protected":false},"featured_media":30123,"template":"","meta":{"site-sidebar-layout":"default","site-content-layout":"default","ast-global-header-display":"","ast-main-header-display":"","ast-hfb-above-header-display":"","ast-hfb-below-header-display":"","ast-hfb-mobile-header-display":"","site-post-title":"","ast-breadcrumbs-content":"","ast-featured-img":"","footer-sml-layout":"","theme-transparent-header-meta":"default","adv-header-id-meta":"","stick-header-meta":"default","header-above-stick-meta":"","header-main-stick-meta":"","header-below-stick-meta":""},"product_cat":[535,543,545,546],"product_tag":[525,529,556,558,559,533],"class_list":["post-30087","product","type-product","status-publish","has-post-thumbnail","hentry","product_cat-fougeres","product_cat-fougeres-interieur","product_cat-fougeres-climat-doux","product_cat-fougeres-climat-frais","product_tag-plantes-a-feuillage-coriace","product_tag-plantes-origine-asiatique","product_tag-plantes-pour-interieur","product_tag-plantes-pour-climats-doux","product_tag-plantes-pour-climats-frais","product_tag-plantes-pour-mur-vegetaux","pa_taille-du-pot-pot-12-14-cm-diametre","desktop-align-center","tablet-align-center","mobile-align-center","ast-product-gallery-layout-horizontal","ast-product-single-variable","ast-product-tabs-layout-horizontal","ast-qv-on-image"],"_links":{"self":[{"href":"https:\/\/staging.pepiniereezavin.com\/en\/wp-json\/wp\/v2\/product\/30087","targetHints":{"allow":["GET"]}}],"collection":[{"href":"https:\/\/staging.pepiniereezavin.com\/en\/wp-json\/wp\/v2\/product"}],"about":[{"href":"https:\/\/staging.pepiniereezavin.com\/en\/wp-json\/wp\/v2\/types\/product"}],"wp:featuredmedia":[{"embeddable":true,"href":"https:\/\/staging.pepiniereezavin.com\/en\/wp-json\/wp\/v2\/media\/30123"}],"wp:attachment":[{"href":"https:\/\/staging.pepiniereezavin.com\/en\/wp-json\/wp\/v2\/media?parent=30087"}],"wp:term":[{"taxonomy":"product_cat","embeddable":true,"href":"https:\/\/staging.pepiniereezavin.com\/en\/wp-json\/wp\/v2\/product_cat?post=30087"},{"taxonomy":"product_tag","embeddable":true,"href":"https:\/\/staging.pepiniereezavin.com\/en\/wp-json\/wp\/v2\/product_tag?post=30087"}],"curies":[{"name":"wp","href":"https:\/\/api.w.org\/{rel}","templated":true}]}}