{"id":30089,"date":"2021-12-09T22:47:32","date_gmt":"2021-12-09T21:47:32","guid":{"rendered":"https:\/\/pepiniereezavin.fr\/?post_type=product&#038;p=30089"},"modified":"2022-10-19T10:51:46","modified_gmt":"2022-10-19T08:51:46","slug":"coniogramme-japonica-variegata","status":"publish","type":"product","link":"https:\/\/staging.pepiniereezavin.com\/en\/product\/coniogramme-japonica-variegata\/","title":{"rendered":"Coniogramme japonica variegata"},"content":{"rendered":"<p>Cette forme panach\u00e9e de la <strong>foug\u00e8re-bambou<\/strong> est tout aussi robuste que la forme verte. Les frondes sont coriaces, vert brillant, avec macules vert clair \u00e0 jaune \u00e0 la base de chaque segment. Culture facile. Prot\u00e9ger des limaces et escargots. D\u00e9marrage tardif au printemps.<\/p>\n<p><span style=\"text-decoration: underline;\">Hauteur adulte<\/span>\u00a0: 40\/60 cm.\u00a0<span style=\"text-decoration: underline;\">Origine g\u00e9ographique<\/span>\u00a0: Variation qui appara\u00eet dans la nature. Chine, Japon, Cor\u00e9e.\u00a0<span style=\"text-decoration: underline;\">Persistance hiver<\/span>\u00a0: Caduque. Semi-persistant si en v\u00e9randa.\u00a0<span style=\"text-decoration: underline;\">Rusticit\u00e9 USDA<\/span> : Zone 8 (-12.2\u00b0C\/-6.7\u00b0C).<\/p>","protected":false},"excerpt":{"rendered":"<p>Cette forme panach\u00e9e de la <strong>foug\u00e8re-bambou<\/strong> est tout aussi robuste que la forme verte. Les frondes sont coriaces, vert brillant, avec macules vert clair \u00e0 jaune \u00e0 la base de chaque segment. Culture facile. Prot\u00e9ger des limaces et escargots. D\u00e9marrage tardif au printemps.<\/p>\n<p><span style=\"text-decoration: underline;\">Hauteur adulte<\/span>\u00a0: 40\/60 cm.\u00a0<span style=\"text-decoration: underline;\">Origine g\u00e9ographique<\/span>\u00a0: Variation qui appara\u00eet dans la nature. Chine, Japon, Cor\u00e9e.\u00a0<span style=\"text-decoration: underline;\">Persistance hiver<\/span>\u00a0: Caduque. Semi-persistant si en v\u00e9randa.\u00a0<span style=\"text-decoration: underline;\">Rusticit\u00e9 USDA<\/span> : Zone 8 (-12.2\u00b0C\/-6.7\u00b0C).<\/p>","protected":false},"featured_media":30128,"template":"","meta":{"site-sidebar-layout":"default","site-content-layout":"default","ast-global-header-display":"","ast-main-header-display":"","ast-hfb-above-header-display":"","ast-hfb-below-header-display":"","ast-hfb-mobile-header-display":"","site-post-title":"","ast-breadcrumbs-content":"","ast-featured-img":"","footer-sml-layout":"","theme-transparent-header-meta":"default","adv-header-id-meta":"","stick-header-meta":"default","header-above-stick-meta":"","header-main-stick-meta":"","header-below-stick-meta":""},"product_cat":[535,543,545,546],"product_tag":[525,529,556,533],"class_list":["post-30089","product","type-product","status-publish","has-post-thumbnail","hentry","product_cat-fougeres","product_cat-fougeres-interieur","product_cat-fougeres-climat-doux","product_cat-fougeres-climat-frais","product_tag-plantes-a-feuillage-coriace","product_tag-plantes-origine-asiatique","product_tag-plantes-pour-interieur","product_tag-plantes-pour-mur-vegetaux","pa_taille-du-pot-pot-12-14-cm-diametre","desktop-align-center","tablet-align-center","mobile-align-center","ast-product-gallery-layout-horizontal","ast-product-gallery-with-no-image","ast-product-single-variable","ast-product-tabs-layout-horizontal","ast-qv-on-image"],"_links":{"self":[{"href":"https:\/\/staging.pepiniereezavin.com\/en\/wp-json\/wp\/v2\/product\/30089","targetHints":{"allow":["GET"]}}],"collection":[{"href":"https:\/\/staging.pepiniereezavin.com\/en\/wp-json\/wp\/v2\/product"}],"about":[{"href":"https:\/\/staging.pepiniereezavin.com\/en\/wp-json\/wp\/v2\/types\/product"}],"wp:featuredmedia":[{"embeddable":true,"href":"https:\/\/staging.pepiniereezavin.com\/en\/wp-json\/wp\/v2\/media\/30128"}],"wp:attachment":[{"href":"https:\/\/staging.pepiniereezavin.com\/en\/wp-json\/wp\/v2\/media?parent=30089"}],"wp:term":[{"taxonomy":"product_cat","embeddable":true,"href":"https:\/\/staging.pepiniereezavin.com\/en\/wp-json\/wp\/v2\/product_cat?post=30089"},{"taxonomy":"product_tag","embeddable":true,"href":"https:\/\/staging.pepiniereezavin.com\/en\/wp-json\/wp\/v2\/product_tag?post=30089"}],"curies":[{"name":"wp","href":"https:\/\/api.w.org\/{rel}","templated":true}]}}