{"id":30093,"date":"2021-12-09T22:47:33","date_gmt":"2021-12-09T21:47:33","guid":{"rendered":"https:\/\/pepiniereezavin.fr\/?post_type=product&#038;p=30093"},"modified":"2023-01-05T07:15:20","modified_gmt":"2023-01-05T06:15:20","slug":"cyrtomidictyum-lepidocaulon","status":"publish","type":"product","link":"https:\/\/staging.pepiniereezavin.com\/en\/product\/cyrtomidictyum-lepidocaulon\/","title":{"rendered":"Cyrtomidictyum lepidocaulon"},"content":{"rendered":"<p>(= <em>Polystichum lepidocaulon<\/em>) Plante formant une rosette de frondes brillantes, rappelant celles de <em>Cyrtomium falcatum<\/em>, en plus effil\u00e9. Les frondes sortent dress\u00e9es, puis s&rsquo;arquent d\u00e9licatement. Certaines portent un <strong>bourgeon v\u00e9g\u00e9tatif<\/strong> \u00e0 leur extr\u00e9mit\u00e9, qui, en se marcottant, assure une croissance colonisante \u00e0 cette esp\u00e8ce. Adapt\u00e9e pour coloniser un sous-bois ou une rocaille humif\u00e8re. Compl\u00e8tement rustique ici, et jusqu&rsquo;\u00e0 Lyon au moins.<\/p>\n<p><span style=\"text-decoration: underline;\">Hauteur adulte<\/span>\u00a0: 20\/40 (60) cm\u00a0.\u00a0<span style=\"text-decoration: underline;\">Origine g\u00e9ographique<\/span>\u00a0:\u00a0Japon, Chine, Cor\u00e9e du Sud.\u00a0<span style=\"text-decoration: underline;\">Persistance hiver<\/span>\u00a0: Persistant.\u00a0<span style=\"text-decoration: underline;\">Rusticit\u00e9 USDA<\/span>\u00a0: Zone 7\/8.<\/p>","protected":false},"excerpt":{"rendered":"<p>(= <em>Polystichum lepidocaulon<\/em>) Plante formant une rosette de frondes brillantes, rappelant celles de <em>Cyrtomium falcatum<\/em>, en plus effil\u00e9. Les frondes sortent dress\u00e9es, puis s&rsquo;arquent d\u00e9licatement. Certaines portent un <strong>bourgeon v\u00e9g\u00e9tatif<\/strong> \u00e0 leur extr\u00e9mit\u00e9, qui, en se marcottant, assure une croissance colonisante \u00e0 cette esp\u00e8ce. Adapt\u00e9e pour coloniser un sous-bois ou une rocaille humif\u00e8re. Compl\u00e8tement rustique ici, et jusqu&rsquo;\u00e0 Lyon au moins.<\/p>\n<p><span style=\"text-decoration: underline;\">Hauteur adulte<\/span>\u00a0: 20\/40 (60) cm\u00a0.\u00a0<span style=\"text-decoration: underline;\">Origine g\u00e9ographique<\/span>\u00a0:\u00a0Japon, Chine, Cor\u00e9e du Sud.\u00a0<span style=\"text-decoration: underline;\">Persistance hiver<\/span>\u00a0: Persistant.\u00a0<span style=\"text-decoration: underline;\">Rusticit\u00e9 USDA<\/span>\u00a0: Zone 7\/8.<\/p>","protected":false},"featured_media":30156,"template":"","meta":{"site-sidebar-layout":"default","site-content-layout":"default","ast-global-header-display":"","ast-main-header-display":"","ast-hfb-above-header-display":"","ast-hfb-below-header-display":"","ast-hfb-mobile-header-display":"","site-post-title":"","ast-breadcrumbs-content":"","ast-featured-img":"","footer-sml-layout":"","theme-transparent-header-meta":"default","adv-header-id-meta":"","stick-header-meta":"default","header-above-stick-meta":"","header-main-stick-meta":"","header-below-stick-meta":""},"product_cat":[535,543,545,546],"product_tag":[525,526,529,556,558,559,533],"class_list":["post-30093","product","type-product","status-publish","has-post-thumbnail","hentry","product_cat-fougeres","product_cat-fougeres-interieur","product_cat-fougeres-climat-doux","product_cat-fougeres-climat-frais","product_tag-plantes-a-feuillage-coriace","product_tag-plantes-couvre-sol","product_tag-plantes-origine-asiatique","product_tag-plantes-pour-interieur","product_tag-plantes-pour-climats-doux","product_tag-plantes-pour-climats-frais","product_tag-plantes-pour-mur-vegetaux","pa_taille-du-pot-pot-12-14-cm-diametre","desktop-align-center","tablet-align-center","mobile-align-center","ast-product-gallery-layout-horizontal","ast-product-single-variable","ast-product-tabs-layout-horizontal","ast-qv-on-image"],"_links":{"self":[{"href":"https:\/\/staging.pepiniereezavin.com\/en\/wp-json\/wp\/v2\/product\/30093","targetHints":{"allow":["GET"]}}],"collection":[{"href":"https:\/\/staging.pepiniereezavin.com\/en\/wp-json\/wp\/v2\/product"}],"about":[{"href":"https:\/\/staging.pepiniereezavin.com\/en\/wp-json\/wp\/v2\/types\/product"}],"wp:featuredmedia":[{"embeddable":true,"href":"https:\/\/staging.pepiniereezavin.com\/en\/wp-json\/wp\/v2\/media\/30156"}],"wp:attachment":[{"href":"https:\/\/staging.pepiniereezavin.com\/en\/wp-json\/wp\/v2\/media?parent=30093"}],"wp:term":[{"taxonomy":"product_cat","embeddable":true,"href":"https:\/\/staging.pepiniereezavin.com\/en\/wp-json\/wp\/v2\/product_cat?post=30093"},{"taxonomy":"product_tag","embeddable":true,"href":"https:\/\/staging.pepiniereezavin.com\/en\/wp-json\/wp\/v2\/product_tag?post=30093"}],"curies":[{"name":"wp","href":"https:\/\/api.w.org\/{rel}","templated":true}]}}