{"id":30095,"date":"2021-12-09T22:47:33","date_gmt":"2021-12-09T21:47:33","guid":{"rendered":"https:\/\/pepiniereezavin.fr\/?post_type=product&#038;p=30095"},"modified":"2022-12-13T12:16:07","modified_gmt":"2022-12-13T11:16:07","slug":"cyrtomium-falcatum-rochefordianum","status":"publish","type":"product","link":"https:\/\/staging.pepiniereezavin.com\/en\/product\/cyrtomium-falcatum-rochefordianum\/","title":{"rendered":"Cyrtomium falcatum Rochefordianum"},"content":{"rendered":"<p><strong>La Foug\u00e8re Houx<\/strong> forme une touffe de frondes\u00a0 souples d&rsquo;un vert \u00e9meraude brillant.\u00a0 Elle appr\u00e9cie un sol frais, humif\u00e8re et n&rsquo;a pas besoin de beaucoup de lumi\u00e8re. Couramment utilis\u00e9e au XIX\u00e8me si\u00e8cle en jardin d&rsquo;hiver, elle est pourtant rustique en r\u00e9gion parisienne. Int\u00e9rieur et ext\u00e9rieur.<\/p>\n<p>Chez cette forme apparaissant naturellement dans la nature (et dans les semis), les marges des segments foliaires sont ondul\u00e9es \u00e0 cr\u00e9nel\u00e9es.<\/p>\n<p><span style=\"text-decoration: underline;\">Hauteur adulte<\/span>\u00a0: 60\/80 cm\u00a0. <span style=\"text-decoration: underline;\">Origine g\u00e9ographique<\/span>\u00a0: Toute l&rsquo;Asie, Afrique du Sud. <span style=\"text-decoration: underline;\">Persistance hiver<\/span>\u00a0: Persistant. <span style=\"text-decoration: underline;\">Rusticit\u00e9 USDA<\/span> : Zone 7 (-17.8\u00b0C\/-12.2\u00b0C). Caduque dans le sud de l&rsquo;Allemagne.<\/p>","protected":false},"excerpt":{"rendered":"<p><strong>La Foug\u00e8re Houx<\/strong> forme une touffe de frondes\u00a0 souples d&rsquo;un vert \u00e9meraude brillant.\u00a0 Elle appr\u00e9cie un sol frais, humif\u00e8re et n&rsquo;a pas besoin de beaucoup de lumi\u00e8re. Couramment utilis\u00e9e au XIX\u00e8me si\u00e8cle en jardin d&rsquo;hiver, elle est pourtant rustique en r\u00e9gion parisienne. Int\u00e9rieur et ext\u00e9rieur.<\/p>\n<p>Chez cette forme apparaissant naturellement dans la nature (et dans les semis), les marges des segments foliaires sont ondul\u00e9es \u00e0 cr\u00e9nel\u00e9es.<\/p>\n<p><span style=\"text-decoration: underline;\">Hauteur adulte<\/span>\u00a0: 60\/80 cm\u00a0. <span style=\"text-decoration: underline;\">Origine g\u00e9ographique<\/span>\u00a0: Toute l&rsquo;Asie, Afrique du Sud. <span style=\"text-decoration: underline;\">Persistance hiver<\/span>\u00a0: Persistant. <span style=\"text-decoration: underline;\">Rusticit\u00e9 USDA<\/span> : Zone 7 (-17.8\u00b0C\/-12.2\u00b0C). Caduque dans le sud de l&rsquo;Allemagne.<\/p>","protected":false},"featured_media":30160,"template":"","meta":{"site-sidebar-layout":"default","site-content-layout":"default","ast-global-header-display":"","ast-main-header-display":"","ast-hfb-above-header-display":"","ast-hfb-below-header-display":"","ast-hfb-mobile-header-display":"","site-post-title":"","ast-breadcrumbs-content":"","ast-featured-img":"","footer-sml-layout":"","theme-transparent-header-meta":"default","adv-header-id-meta":"","stick-header-meta":"default","header-above-stick-meta":"","header-main-stick-meta":"","header-below-stick-meta":""},"product_cat":[535,543,545,546],"product_tag":[525,529,556,533],"class_list":["post-30095","product","type-product","status-publish","has-post-thumbnail","hentry","product_cat-fougeres","product_cat-fougeres-interieur","product_cat-fougeres-climat-doux","product_cat-fougeres-climat-frais","product_tag-plantes-a-feuillage-coriace","product_tag-plantes-origine-asiatique","product_tag-plantes-pour-interieur","product_tag-plantes-pour-mur-vegetaux","pa_taille-du-pot-pot-12-14-cm-diametre","desktop-align-center","tablet-align-center","mobile-align-center","ast-product-gallery-layout-horizontal","ast-product-single-variable","ast-product-tabs-layout-horizontal","ast-qv-on-image"],"_links":{"self":[{"href":"https:\/\/staging.pepiniereezavin.com\/en\/wp-json\/wp\/v2\/product\/30095","targetHints":{"allow":["GET"]}}],"collection":[{"href":"https:\/\/staging.pepiniereezavin.com\/en\/wp-json\/wp\/v2\/product"}],"about":[{"href":"https:\/\/staging.pepiniereezavin.com\/en\/wp-json\/wp\/v2\/types\/product"}],"wp:featuredmedia":[{"embeddable":true,"href":"https:\/\/staging.pepiniereezavin.com\/en\/wp-json\/wp\/v2\/media\/30160"}],"wp:attachment":[{"href":"https:\/\/staging.pepiniereezavin.com\/en\/wp-json\/wp\/v2\/media?parent=30095"}],"wp:term":[{"taxonomy":"product_cat","embeddable":true,"href":"https:\/\/staging.pepiniereezavin.com\/en\/wp-json\/wp\/v2\/product_cat?post=30095"},{"taxonomy":"product_tag","embeddable":true,"href":"https:\/\/staging.pepiniereezavin.com\/en\/wp-json\/wp\/v2\/product_tag?post=30095"}],"curies":[{"name":"wp","href":"https:\/\/api.w.org\/{rel}","templated":true}]}}