{"id":30098,"date":"2021-12-09T22:47:33","date_gmt":"2021-12-09T21:47:33","guid":{"rendered":"https:\/\/pepiniereezavin.fr\/?post_type=product&#038;p=30098"},"modified":"2022-11-14T00:47:33","modified_gmt":"2022-11-13T23:47:33","slug":"cystopteris-bulbifera","status":"publish","type":"product","link":"https:\/\/staging.pepiniereezavin.com\/en\/product\/cystopteris-bulbifera\/","title":{"rendered":"Cystopteris bulbifera"},"content":{"rendered":"<p>Cette foug\u00e8re calcicole, tr\u00e8s rustique, fait des touffes \u00e9tal\u00e9es de longues frondes vert clair.\u00a0\u00bbbulbifera\u00a0\u00bb signifie qu&rsquo;elle produit des bulbilles, sous les frondes, pendant toute la saison de v\u00e9g\u00e9tation. Les bulbilles tombent au sol et germent, formant rapidement un tapis en sous-bois humide. La capacit\u00e9 d&rsquo;adaptation de cette plante, le vert tendre du feuillage, et une exceptionnelle rusticit\u00e9 sont des atouts pour l&rsquo;int\u00e9grer dans une rocaille ou un massif d&rsquo;ombre.<\/p>\n<p><span style=\"text-decoration: underline;\">Hauteur adulte<\/span>\u00a0: 20\/40 cm\u00a0.\u00a0<span style=\"text-decoration: underline;\">Origine g\u00e9ographique<\/span>\u00a0: Am\u00e9rique du Nord (Nord des USA, Canada).\u00a0<span style=\"text-decoration: underline;\">Persistance hiver<\/span>\u00a0: Caduque.\u00a0<span style=\"text-decoration: underline;\">Rusticit\u00e9 USDA<\/span> : Zone 3 (-40\u00b0C\/-34.4\u00b0C).<\/p>","protected":false},"excerpt":{"rendered":"<p>Cette foug\u00e8re calcicole, tr\u00e8s rustique, fait des touffes \u00e9tal\u00e9es de longues frondes vert clair.\u00a0\u00bbbulbifera\u00a0\u00bb signifie qu&rsquo;elle produit des bulbilles, sous les frondes, pendant toute la saison de v\u00e9g\u00e9tation. Les bulbilles tombent au sol et germent, formant rapidement un tapis en sous-bois humide. La capacit\u00e9 d&rsquo;adaptation de cette plante, le vert tendre du feuillage, et une exceptionnelle rusticit\u00e9 sont des atouts pour l&rsquo;int\u00e9grer dans une rocaille ou un massif d&rsquo;ombre.<\/p>\n<p><span style=\"text-decoration: underline;\">Hauteur adulte<\/span>\u00a0: 20\/40 cm\u00a0.\u00a0<span style=\"text-decoration: underline;\">Origine g\u00e9ographique<\/span>\u00a0: Am\u00e9rique du Nord (Nord des USA, Canada).\u00a0<span style=\"text-decoration: underline;\">Persistance hiver<\/span>\u00a0: Caduque.\u00a0<span style=\"text-decoration: underline;\">Rusticit\u00e9 USDA<\/span> : Zone 3 (-40\u00b0C\/-34.4\u00b0C).<\/p>","protected":false},"featured_media":30168,"template":"","meta":{"site-sidebar-layout":"default","site-content-layout":"default","ast-global-header-display":"","ast-main-header-display":"","ast-hfb-above-header-display":"","ast-hfb-below-header-display":"","ast-hfb-mobile-header-display":"","site-post-title":"","ast-breadcrumbs-content":"","ast-featured-img":"","footer-sml-layout":"","theme-transparent-header-meta":"default","adv-header-id-meta":"","stick-header-meta":"default","header-above-stick-meta":"","header-main-stick-meta":"","header-below-stick-meta":""},"product_cat":[535,544,545,546],"product_tag":[528,532,558,559,533,557],"class_list":["post-30098","product","type-product","status-publish","has-post-thumbnail","hentry","product_cat-fougeres","product_cat-fougeres-terrarium","product_cat-fougeres-climat-doux","product_cat-fougeres-climat-frais","product_tag-plantes-origine-americaine","product_tag-plantes-pour-berges","product_tag-plantes-pour-climats-doux","product_tag-plantes-pour-climats-frais","product_tag-plantes-pour-mur-vegetaux","product_tag-plantes-pour-terrarium","pa_taille-du-pot-pot-12-14-cm-diametre","desktop-align-center","tablet-align-center","mobile-align-center","ast-product-gallery-layout-horizontal","ast-product-single-variable","ast-product-tabs-layout-horizontal","ast-qv-on-image"],"_links":{"self":[{"href":"https:\/\/staging.pepiniereezavin.com\/en\/wp-json\/wp\/v2\/product\/30098","targetHints":{"allow":["GET"]}}],"collection":[{"href":"https:\/\/staging.pepiniereezavin.com\/en\/wp-json\/wp\/v2\/product"}],"about":[{"href":"https:\/\/staging.pepiniereezavin.com\/en\/wp-json\/wp\/v2\/types\/product"}],"wp:featuredmedia":[{"embeddable":true,"href":"https:\/\/staging.pepiniereezavin.com\/en\/wp-json\/wp\/v2\/media\/30168"}],"wp:attachment":[{"href":"https:\/\/staging.pepiniereezavin.com\/en\/wp-json\/wp\/v2\/media?parent=30098"}],"wp:term":[{"taxonomy":"product_cat","embeddable":true,"href":"https:\/\/staging.pepiniereezavin.com\/en\/wp-json\/wp\/v2\/product_cat?post=30098"},{"taxonomy":"product_tag","embeddable":true,"href":"https:\/\/staging.pepiniereezavin.com\/en\/wp-json\/wp\/v2\/product_tag?post=30098"}],"curies":[{"name":"wp","href":"https:\/\/api.w.org\/{rel}","templated":true}]}}