{"id":30147,"date":"2021-12-09T22:47:57","date_gmt":"2021-12-09T21:47:57","guid":{"rendered":"https:\/\/pepiniereezavin.fr\/?post_type=product&#038;p=30147"},"modified":"2022-07-09T18:19:27","modified_gmt":"2022-07-09T16:19:27","slug":"davallia-canariensis","status":"publish","type":"product","link":"https:\/\/staging.pepiniereezavin.com\/en\/product\/davallia-canariensis\/","title":{"rendered":"Davallia canariensis"},"content":{"rendered":"<p>Cette <strong>foug\u00e8re patte de lapin<\/strong>\u00a0a un rhizome \u00e9pais (1-2 cm de diam\u00e8tre), et des frondes amples, delto\u00efdes, finement d\u00e9coup\u00e9es. Sa croissance est lente, et<em> Davallia canariensis<\/em> r\u00e9siste bien aux s\u00e9cheresses estivales, quitte \u00e0 perdre ses frondes. Tenir au sec en p\u00e9riode froide. Supporte des gels brefs. Possible en int\u00e9rieur ou sur un mur v\u00e9g\u00e9tal, o\u00f9 son gros rhizome sera mis en valeur.<\/p>\n<p><span style=\"text-decoration: underline;\">Hauteur adulte<\/span>\u00a0: 40\/60 cm\u00a0.\u00a0<span style=\"text-decoration: underline;\">Origine g\u00e9ographique<\/span>\u00a0: Iles Canaries, Espagne, Portugal.\u00a0<span style=\"text-decoration: underline;\">Persistance hiver<\/span>\u00a0: Semi-persistant.\u00a0<span style=\"text-decoration: underline;\">Rusticit\u00e9 USDA<\/span>\u00a0: Zone 8\/9.<\/p>","protected":false},"excerpt":{"rendered":"<p>Cette <strong>foug\u00e8re patte de lapin<\/strong>\u00a0a un rhizome \u00e9pais (1-2 cm de diam\u00e8tre), et des frondes amples, delto\u00efdes, finement d\u00e9coup\u00e9es. Sa croissance est lente, et<em> Davallia canariensis<\/em> r\u00e9siste bien aux s\u00e9cheresses estivales, quitte \u00e0 perdre ses frondes. Tenir au sec en p\u00e9riode froide. Supporte des gels brefs. Possible en int\u00e9rieur ou sur un mur v\u00e9g\u00e9tal, o\u00f9 son gros rhizome sera mis en valeur.<\/p>\n<p><span style=\"text-decoration: underline;\">Hauteur adulte<\/span>\u00a0: 40\/60 cm\u00a0.\u00a0<span style=\"text-decoration: underline;\">Origine g\u00e9ographique<\/span>\u00a0: Iles Canaries, Espagne, Portugal.\u00a0<span style=\"text-decoration: underline;\">Persistance hiver<\/span>\u00a0: Semi-persistant.\u00a0<span style=\"text-decoration: underline;\">Rusticit\u00e9 USDA<\/span>\u00a0: Zone 8\/9.<\/p>","protected":false},"featured_media":30178,"template":"","meta":{"site-sidebar-layout":"default","site-content-layout":"default","ast-global-header-display":"","ast-main-header-display":"","ast-hfb-above-header-display":"","ast-hfb-below-header-display":"","ast-hfb-mobile-header-display":"","site-post-title":"","ast-breadcrumbs-content":"","ast-featured-img":"","footer-sml-layout":"","theme-transparent-header-meta":"default","adv-header-id-meta":"","stick-header-meta":"default","header-above-stick-meta":"","header-main-stick-meta":"","header-below-stick-meta":""},"product_cat":[535,543,545],"product_tag":[527,530,556,558,533,534],"class_list":["post-30147","product","type-product","status-publish","has-post-thumbnail","hentry","product_cat-fougeres","product_cat-fougeres-interieur","product_cat-fougeres-climat-doux","product_tag-plantes-origine-africaine","product_tag-plantes-origine-europeenne","product_tag-plantes-pour-interieur","product_tag-plantes-pour-climats-doux","product_tag-plantes-pour-mur-vegetaux","product_tag-plantes-pour-ombre-seche","pa_taille-du-pot-pot-12-14-cm-diametre","desktop-align-center","tablet-align-center","mobile-align-center","ast-product-gallery-layout-horizontal","ast-product-single-variable","ast-product-tabs-layout-horizontal","ast-qv-on-image"],"_links":{"self":[{"href":"https:\/\/staging.pepiniereezavin.com\/en\/wp-json\/wp\/v2\/product\/30147","targetHints":{"allow":["GET"]}}],"collection":[{"href":"https:\/\/staging.pepiniereezavin.com\/en\/wp-json\/wp\/v2\/product"}],"about":[{"href":"https:\/\/staging.pepiniereezavin.com\/en\/wp-json\/wp\/v2\/types\/product"}],"wp:featuredmedia":[{"embeddable":true,"href":"https:\/\/staging.pepiniereezavin.com\/en\/wp-json\/wp\/v2\/media\/30178"}],"wp:attachment":[{"href":"https:\/\/staging.pepiniereezavin.com\/en\/wp-json\/wp\/v2\/media?parent=30147"}],"wp:term":[{"taxonomy":"product_cat","embeddable":true,"href":"https:\/\/staging.pepiniereezavin.com\/en\/wp-json\/wp\/v2\/product_cat?post=30147"},{"taxonomy":"product_tag","embeddable":true,"href":"https:\/\/staging.pepiniereezavin.com\/en\/wp-json\/wp\/v2\/product_tag?post=30147"}],"curies":[{"name":"wp","href":"https:\/\/api.w.org\/{rel}","templated":true}]}}