{"id":30148,"date":"2021-12-09T22:47:57","date_gmt":"2021-12-09T21:47:57","guid":{"rendered":"https:\/\/pepiniereezavin.fr\/?post_type=product&#038;p=30148"},"modified":"2022-12-01T20:17:50","modified_gmt":"2022-12-01T19:17:50","slug":"davallia-mariesii-pb-03-601","status":"publish","type":"product","link":"https:\/\/staging.pepiniereezavin.com\/en\/product\/davallia-mariesii-pb-03-601\/","title":{"rendered":"Davallia mariesii PB 03 601"},"content":{"rendered":"<p>Cette <strong>foug\u00e8re patte de lapin<\/strong> est une des esp\u00e8ces les plus rustiques que nous ayons test\u00e9es. Les rhizomes sont couverts d&rsquo;\u00e9cailles beiges. La\u00a0souche que nous multiplions est celle ramen\u00e9e par Patrick blanc de Cor\u00e9e en 2003. Rustique -8\u00b0C, voire moins vu son climat d&rsquo;origine (souche collect\u00e9e \u00e0 S\u00e9oul).\u00a0 Croissance lente, mais plante vigoureuse. Extra en rocaille ou sur un mur v\u00e9g\u00e9tal.<\/p>\n<p><span style=\"text-decoration: underline;\">Hauteur adulte<\/span>\u00a0: 20\/40 cm\u00a0. <span style=\"text-decoration: underline;\">Origine g\u00e9ographique<\/span>\u00a0: Japon, Cor\u00e9e du Sud, Ta\u00efwan, Chine. <span style=\"text-decoration: underline;\">Persistance hiver<\/span>\u00a0: Persistant si climat doux, caduque si gel. <span style=\"text-decoration: underline;\">Rusticit\u00e9 USDA<\/span>\u00a0: Zone 7.<\/p>","protected":false},"excerpt":{"rendered":"<p>Cette <strong>foug\u00e8re patte de lapin<\/strong> est une des esp\u00e8ces les plus rustiques que nous ayons test\u00e9es. Les rhizomes sont couverts d&rsquo;\u00e9cailles beiges. La\u00a0souche que nous multiplions est celle ramen\u00e9e par Patrick blanc de Cor\u00e9e en 2003. Rustique -8\u00b0C, voire moins vu son climat d&rsquo;origine (souche collect\u00e9e \u00e0 S\u00e9oul).\u00a0 Croissance lente, mais plante vigoureuse. Extra en rocaille ou sur un mur v\u00e9g\u00e9tal.<\/p>\n<p><span style=\"text-decoration: underline;\">Hauteur adulte<\/span>\u00a0: 20\/40 cm\u00a0. <span style=\"text-decoration: underline;\">Origine g\u00e9ographique<\/span>\u00a0: Japon, Cor\u00e9e du Sud, Ta\u00efwan, Chine. <span style=\"text-decoration: underline;\">Persistance hiver<\/span>\u00a0: Persistant si climat doux, caduque si gel. <span style=\"text-decoration: underline;\">Rusticit\u00e9 USDA<\/span>\u00a0: Zone 7.<\/p>","protected":false},"featured_media":30181,"template":"","meta":{"site-sidebar-layout":"default","site-content-layout":"default","ast-global-header-display":"","ast-main-header-display":"","ast-hfb-above-header-display":"","ast-hfb-below-header-display":"","ast-hfb-mobile-header-display":"","site-post-title":"","ast-breadcrumbs-content":"","ast-featured-img":"","footer-sml-layout":"","theme-transparent-header-meta":"default","adv-header-id-meta":"","stick-header-meta":"default","header-above-stick-meta":"","header-main-stick-meta":"","header-below-stick-meta":""},"product_cat":[535,543,544,545],"product_tag":[529,556,558,533,557],"class_list":["post-30148","product","type-product","status-publish","has-post-thumbnail","hentry","product_cat-fougeres","product_cat-fougeres-interieur","product_cat-fougeres-terrarium","product_cat-fougeres-climat-doux","product_tag-plantes-origine-asiatique","product_tag-plantes-pour-interieur","product_tag-plantes-pour-climats-doux","product_tag-plantes-pour-mur-vegetaux","product_tag-plantes-pour-terrarium","pa_taille-du-pot-pot-12-14-cm-diametre","desktop-align-center","tablet-align-center","mobile-align-center","ast-product-gallery-layout-horizontal","ast-product-single-variable","ast-product-tabs-layout-horizontal","ast-qv-on-image"],"_links":{"self":[{"href":"https:\/\/staging.pepiniereezavin.com\/en\/wp-json\/wp\/v2\/product\/30148","targetHints":{"allow":["GET"]}}],"collection":[{"href":"https:\/\/staging.pepiniereezavin.com\/en\/wp-json\/wp\/v2\/product"}],"about":[{"href":"https:\/\/staging.pepiniereezavin.com\/en\/wp-json\/wp\/v2\/types\/product"}],"wp:featuredmedia":[{"embeddable":true,"href":"https:\/\/staging.pepiniereezavin.com\/en\/wp-json\/wp\/v2\/media\/30181"}],"wp:attachment":[{"href":"https:\/\/staging.pepiniereezavin.com\/en\/wp-json\/wp\/v2\/media?parent=30148"}],"wp:term":[{"taxonomy":"product_cat","embeddable":true,"href":"https:\/\/staging.pepiniereezavin.com\/en\/wp-json\/wp\/v2\/product_cat?post=30148"},{"taxonomy":"product_tag","embeddable":true,"href":"https:\/\/staging.pepiniereezavin.com\/en\/wp-json\/wp\/v2\/product_tag?post=30148"}],"curies":[{"name":"wp","href":"https:\/\/api.w.org\/{rel}","templated":true}]}}