{"id":30185,"date":"2021-12-09T22:48:17","date_gmt":"2021-12-09T21:48:17","guid":{"rendered":"https:\/\/pepiniereezavin.fr\/?post_type=product&#038;p=30185"},"modified":"2022-04-21T12:24:58","modified_gmt":"2022-04-21T10:24:58","slug":"davallia-tasmani","status":"publish","type":"product","link":"https:\/\/staging.pepiniereezavin.com\/en\/product\/davallia-tasmani\/","title":{"rendered":"Davallia tasmani"},"content":{"rendered":"<p>Cette foug\u00e8re pousse sur les\u00a0rochers et bases de troncs humides dans les for\u00eats de Nouvelle-Z\u00e9lande. Ses frondes coriaces sont triangulaires sur un long p\u00e9tiole. Les \u00e9cailles du gros rhizome sont appliqu\u00e9es, gris clair \u00e0 beige et sont poilues sur les c\u00f4t\u00e9s. Test\u00e9 au jardin depuis 3 ans, o\u00f9 il s&rsquo;\u00e9panouit en mi-ombre, avec des hivers \u00e0 -7\u00b0C, sans perdre et m\u00eame ab\u00eemer une fronde. <em>Davallia tasmani<\/em> est aussi une tr\u00e8s bonne plante d&rsquo;int\u00e9rieur : mati\u00e8re coriace brillante du feuillage et croissance\u00a0 lente mais vigoureuse.<\/p>\n<p><span style=\"text-decoration: underline;\">Hauteur adulte<\/span>\u00a0: 20\/40 cm.\u00a0<span style=\"text-decoration: underline;\">Origine g\u00e9ographique<\/span>\u00a0: Nouvelle-Z\u00e9lande.\u00a0<span style=\"text-decoration: underline;\">Persistance hiver<\/span>\u00a0: Persistant.\u00a0<span style=\"text-decoration: underline;\">Rusticit\u00e9 USDA<\/span>\u00a0: Zone 8\/9.<\/p>","protected":false},"excerpt":{"rendered":"<p>Cette foug\u00e8re pousse sur les\u00a0rochers et bases de troncs humides dans les for\u00eats de Nouvelle-Z\u00e9lande. Ses frondes coriaces sont triangulaires sur un long p\u00e9tiole. Les \u00e9cailles du gros rhizome sont appliqu\u00e9es, gris clair \u00e0 beige et sont poilues sur les c\u00f4t\u00e9s. Test\u00e9 au jardin depuis 3 ans, o\u00f9 il s&rsquo;\u00e9panouit en mi-ombre, avec des hivers \u00e0 -7\u00b0C, sans perdre et m\u00eame ab\u00eemer une fronde. <em>Davallia tasmani<\/em> est aussi une tr\u00e8s bonne plante d&rsquo;int\u00e9rieur : mati\u00e8re coriace brillante du feuillage et croissance\u00a0 lente mais vigoureuse.<\/p>\n<p><span style=\"text-decoration: underline;\">Hauteur adulte<\/span>\u00a0: 20\/40 cm.\u00a0<span style=\"text-decoration: underline;\">Origine g\u00e9ographique<\/span>\u00a0: Nouvelle-Z\u00e9lande.\u00a0<span style=\"text-decoration: underline;\">Persistance hiver<\/span>\u00a0: Persistant.\u00a0<span style=\"text-decoration: underline;\">Rusticit\u00e9 USDA<\/span>\u00a0: Zone 8\/9.<\/p>","protected":false},"featured_media":30219,"template":"","meta":{"site-sidebar-layout":"default","site-content-layout":"default","ast-global-header-display":"","ast-main-header-display":"","ast-hfb-above-header-display":"","ast-hfb-below-header-display":"","ast-hfb-mobile-header-display":"","site-post-title":"","ast-breadcrumbs-content":"","ast-featured-img":"","footer-sml-layout":"","theme-transparent-header-meta":"default","adv-header-id-meta":"","stick-header-meta":"default","header-above-stick-meta":"","header-main-stick-meta":"","header-below-stick-meta":""},"product_cat":[535,543,544,545],"product_tag":[525,531,556,558,533,557],"class_list":["post-30185","product","type-product","status-publish","has-post-thumbnail","hentry","product_cat-fougeres","product_cat-fougeres-interieur","product_cat-fougeres-terrarium","product_cat-fougeres-climat-doux","product_tag-plantes-a-feuillage-coriace","product_tag-plantes-origine-oceanienne","product_tag-plantes-pour-interieur","product_tag-plantes-pour-climats-doux","product_tag-plantes-pour-mur-vegetaux","product_tag-plantes-pour-terrarium","pa_taille-du-pot-pot-12-14-cm-diametre","desktop-align-center","tablet-align-center","mobile-align-center","ast-product-gallery-layout-horizontal","ast-product-single-variable","ast-product-tabs-layout-horizontal","ast-qv-on-image"],"_links":{"self":[{"href":"https:\/\/staging.pepiniereezavin.com\/en\/wp-json\/wp\/v2\/product\/30185","targetHints":{"allow":["GET"]}}],"collection":[{"href":"https:\/\/staging.pepiniereezavin.com\/en\/wp-json\/wp\/v2\/product"}],"about":[{"href":"https:\/\/staging.pepiniereezavin.com\/en\/wp-json\/wp\/v2\/types\/product"}],"wp:featuredmedia":[{"embeddable":true,"href":"https:\/\/staging.pepiniereezavin.com\/en\/wp-json\/wp\/v2\/media\/30219"}],"wp:attachment":[{"href":"https:\/\/staging.pepiniereezavin.com\/en\/wp-json\/wp\/v2\/media?parent=30185"}],"wp:term":[{"taxonomy":"product_cat","embeddable":true,"href":"https:\/\/staging.pepiniereezavin.com\/en\/wp-json\/wp\/v2\/product_cat?post=30185"},{"taxonomy":"product_tag","embeddable":true,"href":"https:\/\/staging.pepiniereezavin.com\/en\/wp-json\/wp\/v2\/product_tag?post=30185"}],"curies":[{"name":"wp","href":"https:\/\/api.w.org\/{rel}","templated":true}]}}