{"id":30186,"date":"2021-12-09T22:48:17","date_gmt":"2021-12-09T21:48:17","guid":{"rendered":"https:\/\/pepiniereezavin.fr\/?post_type=product&#038;p=30186"},"modified":"2023-01-05T18:51:32","modified_gmt":"2023-01-05T17:51:32","slug":"davallia-tyermannii","status":"publish","type":"product","link":"https:\/\/staging.pepiniereezavin.com\/en\/product\/davallia-tyermannii\/","title":{"rendered":"Davallia tyermannii"},"content":{"rendered":"<p>Cette foug\u00e8re \u00ab\u00a0patte de lapin\u00a0\u00bb a un rhizome recouvert de larges \u00e9cailles blanches. Plante tapissante \u00e0 croissance lente, mais rustique en milieu abrit\u00e9 jusqu&rsquo;en r\u00e9gions parisienne et londonienne. <span style=\"text-decoration: underline;\">Frondes brillantes vert fonc\u00e9, jeunes crosses rouges, bronze, puis vertes<\/span>. Tr\u00e8s jolie plante de rocaille (au sec en hiver). Culture possible en int\u00e9rieur, plante tr\u00e8s solide et graphique en int\u00e9rieur.<\/p>\n<p><span style=\"text-decoration: underline;\">Hauteur adulte<\/span>\u00a0: 20\/40 cm\u00a0.\u00a0<span style=\"text-decoration: underline;\">Origine g\u00e9ographique<\/span>\u00a0: Asie du Sud-Est.\u00a0<span style=\"text-decoration: underline;\">Persistance hiver<\/span>\u00a0: Semi-persistant. <span style=\"text-decoration: underline;\">Rusticit\u00e9 USDA<\/span> : Zone 9 (-6.7\u00b0C\/-1.1\u00b0C), zone 8 si abrit\u00e9.<\/p>","protected":false},"excerpt":{"rendered":"<p>Cette foug\u00e8re \u00ab\u00a0patte de lapin\u00a0\u00bb a un rhizome recouvert de larges \u00e9cailles blanches. Plante tapissante \u00e0 croissance lente, mais rustique en milieu abrit\u00e9 jusqu&rsquo;en r\u00e9gions parisienne et londonienne. <span style=\"text-decoration: underline;\">Frondes brillantes vert fonc\u00e9, jeunes crosses rouges, bronze, puis vertes<\/span>. Tr\u00e8s jolie plante de rocaille (au sec en hiver). Culture possible en int\u00e9rieur, plante tr\u00e8s solide et graphique en int\u00e9rieur.<\/p>\n<p><span style=\"text-decoration: underline;\">Hauteur adulte<\/span>\u00a0: 20\/40 cm\u00a0.\u00a0<span style=\"text-decoration: underline;\">Origine g\u00e9ographique<\/span>\u00a0: Asie du Sud-Est.\u00a0<span style=\"text-decoration: underline;\">Persistance hiver<\/span>\u00a0: Semi-persistant. <span style=\"text-decoration: underline;\">Rusticit\u00e9 USDA<\/span> : Zone 9 (-6.7\u00b0C\/-1.1\u00b0C), zone 8 si abrit\u00e9.<\/p>","protected":false},"featured_media":30222,"template":"","meta":{"site-sidebar-layout":"default","site-content-layout":"default","ast-global-header-display":"","ast-main-header-display":"","ast-hfb-above-header-display":"","ast-hfb-below-header-display":"","ast-hfb-mobile-header-display":"","site-post-title":"","ast-breadcrumbs-content":"","ast-featured-img":"","footer-sml-layout":"","theme-transparent-header-meta":"default","adv-header-id-meta":"","stick-header-meta":"default","header-above-stick-meta":"","header-main-stick-meta":"","header-below-stick-meta":""},"product_cat":[535,543,545],"product_tag":[525,529,556,558,533],"class_list":["post-30186","product","type-product","status-publish","has-post-thumbnail","hentry","product_cat-fougeres","product_cat-fougeres-interieur","product_cat-fougeres-climat-doux","product_tag-plantes-a-feuillage-coriace","product_tag-plantes-origine-asiatique","product_tag-plantes-pour-interieur","product_tag-plantes-pour-climats-doux","product_tag-plantes-pour-mur-vegetaux","pa_taille-du-pot-pot-12-14-cm-diametre","desktop-align-center","tablet-align-center","mobile-align-center","ast-product-gallery-layout-horizontal","ast-product-single-variable","ast-product-tabs-layout-horizontal","ast-qv-on-image"],"_links":{"self":[{"href":"https:\/\/staging.pepiniereezavin.com\/en\/wp-json\/wp\/v2\/product\/30186","targetHints":{"allow":["GET"]}}],"collection":[{"href":"https:\/\/staging.pepiniereezavin.com\/en\/wp-json\/wp\/v2\/product"}],"about":[{"href":"https:\/\/staging.pepiniereezavin.com\/en\/wp-json\/wp\/v2\/types\/product"}],"wp:featuredmedia":[{"embeddable":true,"href":"https:\/\/staging.pepiniereezavin.com\/en\/wp-json\/wp\/v2\/media\/30222"}],"wp:attachment":[{"href":"https:\/\/staging.pepiniereezavin.com\/en\/wp-json\/wp\/v2\/media?parent=30186"}],"wp:term":[{"taxonomy":"product_cat","embeddable":true,"href":"https:\/\/staging.pepiniereezavin.com\/en\/wp-json\/wp\/v2\/product_cat?post=30186"},{"taxonomy":"product_tag","embeddable":true,"href":"https:\/\/staging.pepiniereezavin.com\/en\/wp-json\/wp\/v2\/product_tag?post=30186"}],"curies":[{"name":"wp","href":"https:\/\/api.w.org\/{rel}","templated":true}]}}