{"id":30187,"date":"2021-12-09T22:48:17","date_gmt":"2021-12-09T21:48:17","guid":{"rendered":"https:\/\/pepiniereezavin.fr\/?post_type=product&#038;p=30187"},"modified":"2022-11-14T20:45:37","modified_gmt":"2022-11-14T19:45:37","slug":"dennstaedtia-davallioides","status":"publish","type":"product","link":"https:\/\/staging.pepiniereezavin.com\/en\/product\/dennstaedtia-davallioides\/","title":{"rendered":"Dennstaedtia davallioides"},"content":{"rendered":"<p><strong>Vigoureux couvre-sol<\/strong>\u00a0\u00e0 rhizome tra\u00e7ant souterrain. Le\u00a0limbe des frondes est delto\u00efde \u00e0 lanc\u00e9ol\u00e9, port\u00e9 par un long p\u00e9tiole dress\u00e9. En ombre ou mi-ombre c&rsquo;est une excellente plante pour former de<strong> larges massifs en sous-bois<\/strong>. Possible en v\u00e9randa\u00a0(p\u00e9riode de repos alors tr\u00e8s peu marqu\u00e9e). La finesse de la mati\u00e8re du feuillage est remarquable. M\u00eame famille que la foug\u00e8re-aigle, mais beaucoup plus facile \u00e0 contenir, car le rhizome est plus en surface que chez celle-ci. Pousse au soleil en Bretagne. Dans le Sud, elle s&rsquo;\u00e9panouit dans le jardin depuis 18 ans, mais reste \u00e0 l&rsquo;ombre.<\/p>\n<p><span style=\"text-decoration: underline;\">Hauteur adulte<\/span>\u00a0: 60\/80 (150) cm\u00a0.\u00a0<span style=\"text-decoration: underline;\">Origine g\u00e9ographique<\/span>\u00a0: Australie.\u00a0<span style=\"text-decoration: underline;\">Persistance hiver<\/span>\u00a0: Caduque.\u00a0<span style=\"text-decoration: underline;\">Rusticit\u00e9 USDA<\/span>\u00a0: Zone 8. A tester en zone 7.<\/p>","protected":false},"excerpt":{"rendered":"<p><strong>Vigoureux couvre-sol<\/strong>\u00a0\u00e0 rhizome tra\u00e7ant souterrain. Le\u00a0limbe des frondes est delto\u00efde \u00e0 lanc\u00e9ol\u00e9, port\u00e9 par un long p\u00e9tiole dress\u00e9. En ombre ou mi-ombre c&rsquo;est une excellente plante pour former de<strong> larges massifs en sous-bois<\/strong>. Possible en v\u00e9randa\u00a0(p\u00e9riode de repos alors tr\u00e8s peu marqu\u00e9e). La finesse de la mati\u00e8re du feuillage est remarquable. M\u00eame famille que la foug\u00e8re-aigle, mais beaucoup plus facile \u00e0 contenir, car le rhizome est plus en surface que chez celle-ci. Pousse au soleil en Bretagne. Dans le Sud, elle s&rsquo;\u00e9panouit dans le jardin depuis 18 ans, mais reste \u00e0 l&rsquo;ombre.<\/p>\n<p><span style=\"text-decoration: underline;\">Hauteur adulte<\/span>\u00a0: 60\/80 (150) cm\u00a0.\u00a0<span style=\"text-decoration: underline;\">Origine g\u00e9ographique<\/span>\u00a0: Australie.\u00a0<span style=\"text-decoration: underline;\">Persistance hiver<\/span>\u00a0: Caduque.\u00a0<span style=\"text-decoration: underline;\">Rusticit\u00e9 USDA<\/span>\u00a0: Zone 8. A tester en zone 7.<\/p>","protected":false},"featured_media":30226,"template":"","meta":{"site-sidebar-layout":"default","site-content-layout":"default","ast-global-header-display":"","ast-main-header-display":"","ast-hfb-above-header-display":"","ast-hfb-below-header-display":"","ast-hfb-mobile-header-display":"","site-post-title":"","ast-breadcrumbs-content":"","ast-featured-img":"","footer-sml-layout":"","theme-transparent-header-meta":"default","adv-header-id-meta":"","stick-header-meta":"default","header-above-stick-meta":"","header-main-stick-meta":"","header-below-stick-meta":""},"product_cat":[535,543,545],"product_tag":[531,532,556,558,533],"class_list":["post-30187","product","type-product","status-publish","has-post-thumbnail","hentry","product_cat-fougeres","product_cat-fougeres-interieur","product_cat-fougeres-climat-doux","product_tag-plantes-origine-oceanienne","product_tag-plantes-pour-berges","product_tag-plantes-pour-interieur","product_tag-plantes-pour-climats-doux","product_tag-plantes-pour-mur-vegetaux","pa_taille-du-pot-pot-12-14-cm-diametre","desktop-align-center","tablet-align-center","mobile-align-center","ast-product-gallery-layout-horizontal","ast-product-single-variable","ast-product-tabs-layout-horizontal","ast-qv-on-image"],"_links":{"self":[{"href":"https:\/\/staging.pepiniereezavin.com\/en\/wp-json\/wp\/v2\/product\/30187","targetHints":{"allow":["GET"]}}],"collection":[{"href":"https:\/\/staging.pepiniereezavin.com\/en\/wp-json\/wp\/v2\/product"}],"about":[{"href":"https:\/\/staging.pepiniereezavin.com\/en\/wp-json\/wp\/v2\/types\/product"}],"wp:featuredmedia":[{"embeddable":true,"href":"https:\/\/staging.pepiniereezavin.com\/en\/wp-json\/wp\/v2\/media\/30226"}],"wp:attachment":[{"href":"https:\/\/staging.pepiniereezavin.com\/en\/wp-json\/wp\/v2\/media?parent=30187"}],"wp:term":[{"taxonomy":"product_cat","embeddable":true,"href":"https:\/\/staging.pepiniereezavin.com\/en\/wp-json\/wp\/v2\/product_cat?post=30187"},{"taxonomy":"product_tag","embeddable":true,"href":"https:\/\/staging.pepiniereezavin.com\/en\/wp-json\/wp\/v2\/product_tag?post=30187"}],"curies":[{"name":"wp","href":"https:\/\/api.w.org\/{rel}","templated":true}]}}