{"id":30188,"date":"2021-12-09T22:48:17","date_gmt":"2021-12-09T21:48:17","guid":{"rendered":"https:\/\/pepiniereezavin.fr\/?post_type=product&#038;p=30188"},"modified":"2022-09-28T11:47:58","modified_gmt":"2022-09-28T09:47:58","slug":"deparia-japonica","status":"publish","type":"product","link":"https:\/\/staging.pepiniereezavin.com\/en\/product\/deparia-japonica\/","title":{"rendered":"Deparia japonica"},"content":{"rendered":"<p>(= <em>Lunathyrium japonicum<\/em>) Voici une foug\u00e8re basse \u00e0 rhizome ramifi\u00e9 et port tapissant. \u00a0Ses frondes sont couvertes de poils translucides vert tendre, ovales \u00e0 lanc\u00e9ol\u00e9es, effil\u00e9es \u00e0 l&rsquo;extr\u00e9mit\u00e9. La <strong>luxuriance de son feuillage<\/strong> et sa rusticit\u00e9 (env. -15\u00b0C) en font une bonne plante pour une rocaille ou un massif en sous-bois, avec un aspect \u00ab\u00a0sauvage et naturel\u00a0\u00bb.<\/p>\n<p>Culture facile en sol restant frais. Croissance rapide. Touffe dress\u00e9e.<\/p>\n<p><span style=\"text-decoration: underline;\">Hauteur adulte<\/span>\u00a0: 40\/60 (80) cm\u00a0.\u00a0<span style=\"text-decoration: underline;\">Origine g\u00e9ographique<\/span>\u00a0: Chine, Japon, Cor\u00e9e, Ta\u00efwan.\u00a0<span style=\"text-decoration: underline;\">Persistance hiver<\/span>\u00a0: Caduque. \u00a0<span style=\"text-decoration: underline;\">Rusticit\u00e9 USDA<\/span>\u00a0: Zone 7.<\/p>","protected":false},"excerpt":{"rendered":"<p>Nouveaut\u00e9 2017. (= <em>Lunathyrium japonicum<\/em>) Voici une foug\u00e8re basse \u00e0 rhizome ramifi\u00e9 et port tapissant. \u00a0Ses frondes sont couvertes de poils translucides vert tendre, ovales \u00e0 lanc\u00e9ol\u00e9es, effil\u00e9es \u00e0 l&rsquo;extr\u00e9mit\u00e9. La <strong>luxuriance de son feuillage<\/strong> et sa rusticit\u00e9 (env. -15\u00b0C) en font une bonne plante pour une rocaille ou un massif en sous-bois, avec un aspect \u00ab\u00a0sauvage et naturel\u00a0\u00bb.<\/p>\n<p>Culture facile en sol restant frais. Croissance rapide. Touffe dress\u00e9e.<\/p>\n<p><span style=\"text-decoration: underline;\">Hauteur adulte<\/span>\u00a0: 40\/60 (80) cm\u00a0.\u00a0<span style=\"text-decoration: underline;\">Origine g\u00e9ographique<\/span>\u00a0: Chine, Japon, Cor\u00e9e, Ta\u00efwan.\u00a0<span style=\"text-decoration: underline;\">Persistance hiver<\/span>\u00a0: Caduque. \u00a0<span style=\"text-decoration: underline;\">Rusticit\u00e9 USDA<\/span>\u00a0: Zone 7.<\/p>","protected":false},"featured_media":30229,"template":"","meta":{"site-sidebar-layout":"default","site-content-layout":"default","ast-global-header-display":"","ast-main-header-display":"","ast-hfb-above-header-display":"","ast-hfb-below-header-display":"","ast-hfb-mobile-header-display":"","site-post-title":"","ast-breadcrumbs-content":"","ast-featured-img":"","footer-sml-layout":"","theme-transparent-header-meta":"default","adv-header-id-meta":"","stick-header-meta":"default","header-above-stick-meta":"","header-main-stick-meta":"","header-below-stick-meta":""},"product_cat":[535,544,545],"product_tag":[529,558,533,557],"class_list":["post-30188","product","type-product","status-publish","has-post-thumbnail","hentry","product_cat-fougeres","product_cat-fougeres-terrarium","product_cat-fougeres-climat-doux","product_tag-plantes-origine-asiatique","product_tag-plantes-pour-climats-doux","product_tag-plantes-pour-mur-vegetaux","product_tag-plantes-pour-terrarium","pa_taille-du-pot-pot-12-14-cm-diametre","desktop-align-center","tablet-align-center","mobile-align-center","ast-product-gallery-layout-horizontal","ast-product-single-variable","ast-product-tabs-layout-horizontal","ast-qv-on-image"],"_links":{"self":[{"href":"https:\/\/staging.pepiniereezavin.com\/en\/wp-json\/wp\/v2\/product\/30188","targetHints":{"allow":["GET"]}}],"collection":[{"href":"https:\/\/staging.pepiniereezavin.com\/en\/wp-json\/wp\/v2\/product"}],"about":[{"href":"https:\/\/staging.pepiniereezavin.com\/en\/wp-json\/wp\/v2\/types\/product"}],"wp:featuredmedia":[{"embeddable":true,"href":"https:\/\/staging.pepiniereezavin.com\/en\/wp-json\/wp\/v2\/media\/30229"}],"wp:attachment":[{"href":"https:\/\/staging.pepiniereezavin.com\/en\/wp-json\/wp\/v2\/media?parent=30188"}],"wp:term":[{"taxonomy":"product_cat","embeddable":true,"href":"https:\/\/staging.pepiniereezavin.com\/en\/wp-json\/wp\/v2\/product_cat?post=30188"},{"taxonomy":"product_tag","embeddable":true,"href":"https:\/\/staging.pepiniereezavin.com\/en\/wp-json\/wp\/v2\/product_tag?post=30188"}],"curies":[{"name":"wp","href":"https:\/\/api.w.org\/{rel}","templated":true}]}}