{"id":30191,"date":"2021-12-09T22:48:18","date_gmt":"2021-12-09T21:48:18","guid":{"rendered":"https:\/\/pepiniereezavin.fr\/?post_type=product&#038;p=30191"},"modified":"2022-09-28T12:00:33","modified_gmt":"2022-09-28T10:00:33","slug":"diplazium-australe","status":"publish","type":"product","link":"https:\/\/staging.pepiniereezavin.com\/en\/product\/diplazium-australe\/","title":{"rendered":"Diplazium australe"},"content":{"rendered":"<p>La \u00ab\u00a0foug\u00e8re-femelle de l&rsquo;h\u00e9misph\u00e8re Sud\u00a0\u00bb est une <strong>g\u00e9ante<\/strong> \u00e0 port <strong>ample<\/strong> et une texture un peu charnue\u00a0caract\u00e9ristiques de cette esp\u00e8ce \u00e0 frondes vert clair.\u00a0Les\u00a0grandes <strong>frondes delto\u00efdes,<\/strong> jusqu&rsquo;\u00e0 2 m.,\u00a0ont les nervures saillantes sur la face sup\u00e9rieure. Persistant jusqu&rsquo;aux gel\u00e9es, qu&rsquo;elle n&rsquo;appr\u00e9cie pas trop, mais supporte tant qu&rsquo;elles sont br\u00e8ves (-3\u00b0C). C&rsquo;est un plante \u00e0 planter dehors seulement dans les endroits tr\u00e8s doux du littoral, ou alors pour v\u00e9randa ou un int\u00e9rieur lumineux (et spacieux!). Culture facile \u00a0et croissance rapide.<\/p>\n<p><span style=\"text-decoration: underline;\">Hauteur adulte<\/span>\u00a0: 100\/120 (200) cm\u00a0.\u00a0<span style=\"text-decoration: underline;\">Origine g\u00e9ographique<\/span>\u00a0: Oc\u00e9anie.\u00a0<span style=\"text-decoration: underline;\">Persistance hiver<\/span>\u00a0: Persistant si hors gel.\u00a0<span style=\"text-decoration: underline;\">Rusticit\u00e9 USDA<\/span>\u00a0: Zone 9.<\/p>","protected":false},"excerpt":{"rendered":"<p>La \u00ab\u00a0foug\u00e8re-femelle de l&rsquo;h\u00e9misph\u00e8re Sud\u00a0\u00bb est une\u00a0<strong>g\u00e9ante<\/strong>\u00a0\u00e0 port\u00a0<strong>ample<\/strong>\u00a0et une texture un peu charnue\u00a0caract\u00e9ristiques de cette esp\u00e8ce \u00e0 frondes vert clair.\u00a0Les\u00a0grandes\u00a0<strong>frondes delto\u00efdes,<\/strong>\u00a0jusqu&rsquo;\u00e0 2 m.,\u00a0ont les nervures saillantes sur la face sup\u00e9rieure. Persistant jusqu&rsquo;aux gel\u00e9es, qu&rsquo;elle n&rsquo;appr\u00e9cie pas trop, mais supporte tant qu&rsquo;elles sont br\u00e8ves (-3\u00b0C). C&rsquo;est un plante \u00e0 planter dehors seulement dans les endroits tr\u00e8s doux du littoral, ou alors pour v\u00e9randa ou un int\u00e9rieur lumineux (et spacieux!). Culture facile \u00a0et croissance rapide.<\/p>\n<p><span style=\"text-decoration: underline;\">Hauteur adulte<\/span>\u00a0: 100\/120 (200) cm\u00a0.\u00a0<span style=\"text-decoration: underline;\">Origine g\u00e9ographique<\/span>\u00a0: Oc\u00e9anie.\u00a0<span style=\"text-decoration: underline;\">Persistance hiver<\/span>\u00a0: Persistant si hors gel.\u00a0<span style=\"text-decoration: underline;\">Rusticit\u00e9 USDA<\/span>\u00a0: Zone 9.<\/p>","protected":false},"featured_media":30235,"template":"","meta":{"site-sidebar-layout":"default","site-content-layout":"default","ast-global-header-display":"","ast-main-header-display":"","ast-hfb-above-header-display":"","ast-hfb-below-header-display":"","ast-hfb-mobile-header-display":"","site-post-title":"","ast-breadcrumbs-content":"","ast-featured-img":"","footer-sml-layout":"","theme-transparent-header-meta":"default","adv-header-id-meta":"","stick-header-meta":"default","header-above-stick-meta":"","header-main-stick-meta":"","header-below-stick-meta":""},"product_cat":[535,543,545],"product_tag":[531,556,558,533],"class_list":["post-30191","product","type-product","status-publish","has-post-thumbnail","hentry","product_cat-fougeres","product_cat-fougeres-interieur","product_cat-fougeres-climat-doux","product_tag-plantes-origine-oceanienne","product_tag-plantes-pour-interieur","product_tag-plantes-pour-climats-doux","product_tag-plantes-pour-mur-vegetaux","pa_taille-du-pot-pot-15-18-cm-diametre","desktop-align-center","tablet-align-center","mobile-align-center","ast-product-gallery-layout-horizontal","ast-product-single-variable","ast-product-tabs-layout-horizontal","ast-qv-on-image"],"_links":{"self":[{"href":"https:\/\/staging.pepiniereezavin.com\/en\/wp-json\/wp\/v2\/product\/30191","targetHints":{"allow":["GET"]}}],"collection":[{"href":"https:\/\/staging.pepiniereezavin.com\/en\/wp-json\/wp\/v2\/product"}],"about":[{"href":"https:\/\/staging.pepiniereezavin.com\/en\/wp-json\/wp\/v2\/types\/product"}],"wp:featuredmedia":[{"embeddable":true,"href":"https:\/\/staging.pepiniereezavin.com\/en\/wp-json\/wp\/v2\/media\/30235"}],"wp:attachment":[{"href":"https:\/\/staging.pepiniereezavin.com\/en\/wp-json\/wp\/v2\/media?parent=30191"}],"wp:term":[{"taxonomy":"product_cat","embeddable":true,"href":"https:\/\/staging.pepiniereezavin.com\/en\/wp-json\/wp\/v2\/product_cat?post=30191"},{"taxonomy":"product_tag","embeddable":true,"href":"https:\/\/staging.pepiniereezavin.com\/en\/wp-json\/wp\/v2\/product_tag?post=30191"}],"curies":[{"name":"wp","href":"https:\/\/api.w.org\/{rel}","templated":true}]}}