{"id":30193,"date":"2021-12-09T22:48:18","date_gmt":"2021-12-09T21:48:18","guid":{"rendered":"https:\/\/pepiniereezavin.fr\/?post_type=product&#038;p=30193"},"modified":"2022-11-21T12:04:07","modified_gmt":"2022-11-21T11:04:07","slug":"deparia-lancea-pb-04-361","status":"publish","type":"product","link":"https:\/\/staging.pepiniereezavin.com\/en\/product\/deparia-lancea-pb-04-361\/","title":{"rendered":"Deparia lancea PB 04-361"},"content":{"rendered":"<p>(= <em>Diplazium subsinuatum<\/em>)\u00a0 Cette adorable petite foug\u00e8re acidophile pousse, dans son milieu naturel, sur des rochers humides en sous-bois. La souche que nous cultivons vient de la r\u00e9gion de Miyazaki au Japon. <strong>Ses frondes sont enti\u00e8res et dress\u00e9es<\/strong> (+-10 cm en culture), coriaces, et les sores sont dispos\u00e9s en lignes le long des nervures. <em>Deparia lancea<\/em> drageonne lentement pour former des colonies sur les rochers ou les souches humides. Croissance lente, donc disponibilit\u00e9 limit\u00e9e.<\/p>\n<p><span style=\"text-decoration: underline;\">Hauteur adulte<\/span>\u00a0: 10\/20 cm\u00a0.\u00a0<span style=\"text-decoration: underline;\">Origine g\u00e9ographique<\/span> : Japon \u00e0 Inde. <span style=\"text-decoration: underline;\">Persistance hiver<\/span>\u00a0: Persistant si hors gel.\u00a0<span style=\"text-decoration: underline;\">Rusticit\u00e9 USDA<\/span> : Zone 8 (-12.2\u00b0C\/-6.7\u00b0C). La rusticit\u00e9 varie avec l&rsquo;origine g\u00e9ographique de la souche cultiv\u00e9e.<\/p>","protected":false},"excerpt":{"rendered":"<p>(= <em>Diplazium subsinuatum<\/em>)\u00a0 Cette adorable petite foug\u00e8re acidophile pousse, dans son milieu naturel, sur des rochers humides en sous-bois. La souche que nous cultivons vient de la r\u00e9gion de Miyazaki au Japon. <strong>Ses frondes sont enti\u00e8res et dress\u00e9es<\/strong> (+-10 cm en culture), coriaces, et les sores sont dispos\u00e9s en lignes le long des nervures. <em>Deparia lancea<\/em> drageonne lentement pour former des colonies sur les rochers ou les souches humides. Croissance lente, donc disponibilit\u00e9 limit\u00e9e.<\/p>\n<p><span style=\"text-decoration: underline;\">Hauteur adulte<\/span>\u00a0: 10\/20 cm\u00a0.\u00a0<span style=\"text-decoration: underline;\">Origine g\u00e9ographique<\/span> : Japon \u00e0 Inde. <span style=\"text-decoration: underline;\">Persistance hiver<\/span>\u00a0: Persistant si hors gel.\u00a0<span style=\"text-decoration: underline;\">Rusticit\u00e9 USDA<\/span> : Zone 8 (-12.2\u00b0C\/-6.7\u00b0C). La rusticit\u00e9 varie avec l&rsquo;origine g\u00e9ographique de la souche cultiv\u00e9e.<\/p>","protected":false},"featured_media":30241,"template":"","meta":{"site-sidebar-layout":"default","site-content-layout":"default","ast-global-header-display":"","ast-main-header-display":"","ast-hfb-above-header-display":"","ast-hfb-below-header-display":"","ast-hfb-mobile-header-display":"","site-post-title":"","ast-breadcrumbs-content":"","ast-featured-img":"","footer-sml-layout":"","theme-transparent-header-meta":"default","adv-header-id-meta":"","stick-header-meta":"default","header-above-stick-meta":"","header-main-stick-meta":"","header-below-stick-meta":""},"product_cat":[535,543,544,545],"product_tag":[525,529,556,533,557],"class_list":["post-30193","product","type-product","status-publish","has-post-thumbnail","hentry","product_cat-fougeres","product_cat-fougeres-interieur","product_cat-fougeres-terrarium","product_cat-fougeres-climat-doux","product_tag-plantes-a-feuillage-coriace","product_tag-plantes-origine-asiatique","product_tag-plantes-pour-interieur","product_tag-plantes-pour-mur-vegetaux","product_tag-plantes-pour-terrarium","pa_taille-du-pot-pot-10-12-cm-diametre","desktop-align-center","tablet-align-center","mobile-align-center","ast-product-gallery-layout-horizontal","ast-product-single-variable","ast-product-tabs-layout-horizontal","ast-qv-on-image"],"_links":{"self":[{"href":"https:\/\/staging.pepiniereezavin.com\/en\/wp-json\/wp\/v2\/product\/30193","targetHints":{"allow":["GET"]}}],"collection":[{"href":"https:\/\/staging.pepiniereezavin.com\/en\/wp-json\/wp\/v2\/product"}],"about":[{"href":"https:\/\/staging.pepiniereezavin.com\/en\/wp-json\/wp\/v2\/types\/product"}],"wp:featuredmedia":[{"embeddable":true,"href":"https:\/\/staging.pepiniereezavin.com\/en\/wp-json\/wp\/v2\/media\/30241"}],"wp:attachment":[{"href":"https:\/\/staging.pepiniereezavin.com\/en\/wp-json\/wp\/v2\/media?parent=30193"}],"wp:term":[{"taxonomy":"product_cat","embeddable":true,"href":"https:\/\/staging.pepiniereezavin.com\/en\/wp-json\/wp\/v2\/product_cat?post=30193"},{"taxonomy":"product_tag","embeddable":true,"href":"https:\/\/staging.pepiniereezavin.com\/en\/wp-json\/wp\/v2\/product_tag?post=30193"}],"curies":[{"name":"wp","href":"https:\/\/api.w.org\/{rel}","templated":true}]}}