{"id":30194,"date":"2021-12-09T22:48:18","date_gmt":"2021-12-09T21:48:18","guid":{"rendered":"https:\/\/pepiniereezavin.fr\/?post_type=product&#038;p=30194"},"modified":"2022-12-04T22:36:38","modified_gmt":"2022-12-04T21:36:38","slug":"diplazium-wichurae","status":"publish","type":"product","link":"https:\/\/staging.pepiniereezavin.com\/en\/product\/diplazium-wichurae\/","title":{"rendered":"Diplazium wichurae"},"content":{"rendered":"<p>(=\u00a0<em>Allantodia wichurae).\u00a0<\/em>Cette foug\u00e8re asiatique forme une touffe basse au port souple, les frondes s&rsquo;arquant \u00e9l\u00e9gamment. Leur texture \u00ab\u00a0<strong>plastique<\/strong>\u00ab\u00a0, coupl\u00e9e \u00e0 une couleur <strong>vert sombre<\/strong>, est surprenante. Les <strong>nervures en creux<\/strong> \u00e0 la face sup\u00e9rieure de la fronde sont une caract\u00e9ristique de cette esp\u00e8ce. Sa croissance est lente, mais c&rsquo;est une plante magnifique. Elle forme une touffe qui s&rsquo;\u00e9tale lentement. Dans son environnement naturel, <em>Diplazium wichurae<\/em> pousse en <strong>sol calcaire,<\/strong> pr\u00e8s de ruisseaux. Et de fait, ici, les \u00e9claboussures calcaires ne semblent pas g\u00eaner la plante et le feuillage garde son aspect brillant. \u00a0Rustique\u00a0en r\u00e9gion parisienne.<\/p>\n<p><span style=\"text-decoration: underline;\">Hauteur adulte<\/span>\u00a0: 40\/60 cm.\u00a0<span style=\"text-decoration: underline;\">Origine g\u00e9ographique<\/span>\u00a0: Cor\u00e9e, Japon, Chine.\u00a0<span style=\"text-decoration: underline;\">Persistance hiver<\/span>\u00a0: Persistant.\u00a0<span style=\"text-decoration: underline;\">Rusticit\u00e9 USDA<\/span>\u00a0: Zone 7\/8.<\/p>","protected":false},"excerpt":{"rendered":"<p>(=\u00a0<em>Allantodia wichurae).\u00a0<\/em>Cette foug\u00e8re asiatique forme une touffe basse au port souple, les frondes s&rsquo;arquant \u00e9l\u00e9gamment. Leur texture \u00ab\u00a0<strong>plastique<\/strong>\u00ab\u00a0, coupl\u00e9e \u00e0 une couleur <strong>vert sombre<\/strong>, est surprenante. Les <strong>nervures en creux<\/strong> \u00e0 la face sup\u00e9rieure de la fronde sont une caract\u00e9ristique de cette esp\u00e8ce. Sa croissance est lente, mais c&rsquo;est une plante magnifique. Elle forme une touffe qui s&rsquo;\u00e9tale lentement. Dans son environnement naturel, <em>Diplazium wichurae<\/em> pousse en <strong>sol calcaire,<\/strong> pr\u00e8s de ruisseaux. Et de fait, ici, les \u00e9claboussures calcaires ne semblent pas g\u00eaner la plante et le feuillage garde son aspect brillant. \u00a0Rustique\u00a0en r\u00e9gion parisienne.<\/p>\n<p><span style=\"text-decoration: underline;\">Hauteur adulte<\/span>\u00a0: 40\/60 cm.\u00a0<span style=\"text-decoration: underline;\">Origine g\u00e9ographique<\/span>\u00a0: Cor\u00e9e, Japon, Chine.\u00a0<span style=\"text-decoration: underline;\">Persistance hiver<\/span>\u00a0: Persistant.\u00a0<span style=\"text-decoration: underline;\">Rusticit\u00e9 USDA<\/span>\u00a0: Zone 7\/8.<\/p>","protected":false},"featured_media":30243,"template":"","meta":{"site-sidebar-layout":"default","site-content-layout":"default","ast-global-header-display":"","ast-main-header-display":"","ast-hfb-above-header-display":"","ast-hfb-below-header-display":"","ast-hfb-mobile-header-display":"","site-post-title":"","ast-breadcrumbs-content":"","ast-featured-img":"","footer-sml-layout":"","theme-transparent-header-meta":"default","adv-header-id-meta":"","stick-header-meta":"default","header-above-stick-meta":"","header-main-stick-meta":"","header-below-stick-meta":""},"product_cat":[535,543,545],"product_tag":[525,529,556,533],"class_list":["post-30194","product","type-product","status-publish","has-post-thumbnail","hentry","product_cat-fougeres","product_cat-fougeres-interieur","product_cat-fougeres-climat-doux","product_tag-plantes-a-feuillage-coriace","product_tag-plantes-origine-asiatique","product_tag-plantes-pour-interieur","product_tag-plantes-pour-mur-vegetaux","pa_taille-du-pot-pot-12-14-cm-diametre","desktop-align-center","tablet-align-center","mobile-align-center","ast-product-gallery-layout-horizontal","ast-product-single-variable","ast-product-tabs-layout-horizontal","ast-qv-on-image"],"_links":{"self":[{"href":"https:\/\/staging.pepiniereezavin.com\/en\/wp-json\/wp\/v2\/product\/30194","targetHints":{"allow":["GET"]}}],"collection":[{"href":"https:\/\/staging.pepiniereezavin.com\/en\/wp-json\/wp\/v2\/product"}],"about":[{"href":"https:\/\/staging.pepiniereezavin.com\/en\/wp-json\/wp\/v2\/types\/product"}],"wp:featuredmedia":[{"embeddable":true,"href":"https:\/\/staging.pepiniereezavin.com\/en\/wp-json\/wp\/v2\/media\/30243"}],"wp:attachment":[{"href":"https:\/\/staging.pepiniereezavin.com\/en\/wp-json\/wp\/v2\/media?parent=30194"}],"wp:term":[{"taxonomy":"product_cat","embeddable":true,"href":"https:\/\/staging.pepiniereezavin.com\/en\/wp-json\/wp\/v2\/product_cat?post=30194"},{"taxonomy":"product_tag","embeddable":true,"href":"https:\/\/staging.pepiniereezavin.com\/en\/wp-json\/wp\/v2\/product_tag?post=30194"}],"curies":[{"name":"wp","href":"https:\/\/api.w.org\/{rel}","templated":true}]}}