{"id":30196,"date":"2021-12-09T22:48:18","date_gmt":"2021-12-09T21:48:18","guid":{"rendered":"https:\/\/pepiniereezavin.fr\/?post_type=product&#038;p=30196"},"modified":"2022-09-28T11:46:37","modified_gmt":"2022-09-28T09:46:37","slug":"drynaria-rigidula","status":"publish","type":"product","link":"https:\/\/staging.pepiniereezavin.com\/en\/product\/drynaria-rigidula\/","title":{"rendered":"Drynaria rigidula"},"content":{"rendered":"<p>Nous sommes tr\u00e8s heureux de vous proposer cette magnifique <strong>foug\u00e8re \u00e9piphyte<\/strong>. Elle poss\u00e8de deux types de frondes : de longues frondes vertes, penn\u00e9es, et de courtes frondes marron, profond\u00e9ment lob\u00e9es, \u00e0 la base de la plante. Dans la nature, les frondes vertes perdent leurs folioles pendant la saison s\u00e8che, et ne restent que les rachis (nervures centrales), en plus des frondes basales marron. Elle est cultiv\u00e9e juste hors gel ici, en stoppant les arrosages en hiver. Devrait tenir en bord de mer, elle forme un tr\u00e8s originale plante d&rsquo;int\u00e9rieur ou de v\u00e9randa.<\/p>\n<p><span style=\"text-decoration: underline;\">Hauteur adulte<\/span>\u00a0: 60\/80 cm\u00a0.\u00a0<span style=\"text-decoration: underline;\">Origine g\u00e9ographique<\/span>\u00a0: Asie du Sud-Est, Australie, Pacifique.\u00a0<span style=\"text-decoration: underline;\">Persistance hiver<\/span>\u00a0: Semi-persistant.\u00a0<span style=\"text-decoration: underline;\">Rusticit\u00e9 USDA<\/span> : Zone 10 (-1.1\u00b0C\/+4.4\u00b0C).<\/p>","protected":false},"excerpt":{"rendered":"<p>Nous sommes tr\u00e8s heureux de vous proposer cette magnifique <strong>foug\u00e8re \u00e9piphyte<\/strong>. Elle poss\u00e8de deux types de frondes : de longues frondes vertes, penn\u00e9es, et de courtes frondes marron, profond\u00e9ment lob\u00e9es, \u00e0 la base de la plante. Dans la nature, les frondes vertes perdent leurs folioles pendant la saison s\u00e8che, et ne restent que les rachis (nervures centrales), en plus des frondes basales marron. Elle est cultiv\u00e9e juste hors gel ici, en stoppant les arrosages en hiver. Devrait tenir en bord de mer, elle forme un tr\u00e8s originale plante d&rsquo;int\u00e9rieur ou de v\u00e9randa.<\/p>\n<p><span style=\"text-decoration: underline;\">Hauteur adulte<\/span>\u00a0: 60\/80 cm\u00a0.\u00a0<span style=\"text-decoration: underline;\">Origine g\u00e9ographique<\/span>\u00a0: Asie du Sud-Est, Australie, Pacifique.\u00a0<span style=\"text-decoration: underline;\">Persistance hiver<\/span>\u00a0: Semi-persistant.\u00a0<span style=\"text-decoration: underline;\">Rusticit\u00e9 USDA<\/span> : Zone 10 (-1.1\u00b0C\/+4.4\u00b0C).<\/p>","protected":false},"featured_media":30251,"template":"","meta":{"site-sidebar-layout":"default","site-content-layout":"default","ast-global-header-display":"","ast-main-header-display":"","ast-hfb-above-header-display":"","ast-hfb-below-header-display":"","ast-hfb-mobile-header-display":"","site-post-title":"","ast-breadcrumbs-content":"","ast-featured-img":"","footer-sml-layout":"","theme-transparent-header-meta":"default","adv-header-id-meta":"","stick-header-meta":"default","header-above-stick-meta":"","header-main-stick-meta":"","header-below-stick-meta":""},"product_cat":[535,543,544],"product_tag":[529,531,556,533,557],"class_list":["post-30196","product","type-product","status-publish","has-post-thumbnail","hentry","product_cat-fougeres","product_cat-fougeres-interieur","product_cat-fougeres-terrarium","product_tag-plantes-origine-asiatique","product_tag-plantes-origine-oceanienne","product_tag-plantes-pour-interieur","product_tag-plantes-pour-mur-vegetaux","product_tag-plantes-pour-terrarium","pa_taille-du-pot-pot-10-12-cm-diametre","desktop-align-center","tablet-align-center","mobile-align-center","ast-product-gallery-layout-horizontal","ast-product-single-variable","ast-product-tabs-layout-horizontal","ast-qv-on-image"],"_links":{"self":[{"href":"https:\/\/staging.pepiniereezavin.com\/en\/wp-json\/wp\/v2\/product\/30196","targetHints":{"allow":["GET"]}}],"collection":[{"href":"https:\/\/staging.pepiniereezavin.com\/en\/wp-json\/wp\/v2\/product"}],"about":[{"href":"https:\/\/staging.pepiniereezavin.com\/en\/wp-json\/wp\/v2\/types\/product"}],"wp:featuredmedia":[{"embeddable":true,"href":"https:\/\/staging.pepiniereezavin.com\/en\/wp-json\/wp\/v2\/media\/30251"}],"wp:attachment":[{"href":"https:\/\/staging.pepiniereezavin.com\/en\/wp-json\/wp\/v2\/media?parent=30196"}],"wp:term":[{"taxonomy":"product_cat","embeddable":true,"href":"https:\/\/staging.pepiniereezavin.com\/en\/wp-json\/wp\/v2\/product_cat?post=30196"},{"taxonomy":"product_tag","embeddable":true,"href":"https:\/\/staging.pepiniereezavin.com\/en\/wp-json\/wp\/v2\/product_tag?post=30196"}],"curies":[{"name":"wp","href":"https:\/\/api.w.org\/{rel}","templated":true}]}}