{"id":30197,"date":"2021-12-09T22:48:18","date_gmt":"2021-12-09T21:48:18","guid":{"rendered":"https:\/\/pepiniereezavin.fr\/?post_type=product&#038;p=30197"},"modified":"2022-10-13T19:53:11","modified_gmt":"2022-10-13T17:53:11","slug":"dryopteris-filix-mas-linearis-polydactyla","status":"publish","type":"product","link":"https:\/\/staging.pepiniereezavin.com\/en\/product\/dryopteris-filix-mas-linearis-polydactyla\/","title":{"rendered":"Dryopteris filix-mas &lsquo;Linearis Polydactyla&rsquo;"},"content":{"rendered":"<p>Cette <strong>vari\u00e9t\u00e9 de la foug\u00e8re-m\u00e2le<\/strong>,\u00a0d\u00e9crite au\u00a0XIX\u00e8me si\u00e8cle en Angleterre, poss\u00e8de des<strong> limbes r\u00e9duits<\/strong> en largeur et une texture plus \u00e9paisse que la foug\u00e8re-m\u00e2le. Les extr\u00e9mit\u00e9s des pennes sont <strong>crist\u00e9es<\/strong> (redivis\u00e9es) de fa\u00e7on irr\u00e9guli\u00e8re. L&rsquo;aspect de la plante est tr\u00e8s a\u00e9rien, et forme une touffe l\u00e9g\u00e8re de frondes \u00ab\u00a0transparentes\u00a0\u00bb, une beaut\u00e9! Ombre \u00e0 mi-ombre. Croissance plus <strong>vigoureuse<\/strong> que son allure finement d\u00e9coup\u00e9e ne le laisserait penser. Culture tr\u00e8s facile, \u00e0 installer en massif pour un effet vaporeux. Fonctionne aussi tr\u00e8s bien en pot en jardin de ville. Plante tr\u00e8s graphique.<\/p>\n<p><span style=\"text-decoration: underline;\">Hauteur adulte<\/span>\u00a0: 40\/60 cm\u00a0.\u00a0<span style=\"text-decoration: underline;\">Origine g\u00e9ographique<\/span>\u00a0: origine horticole \/ variation trouv\u00e9e dans la nature.\u00a0<span style=\"text-decoration: underline;\">Persistance hiver<\/span>\u00a0: Semi-persistant \u00e0 caduque.\u00a0<span style=\"text-decoration: underline;\">Rusticit\u00e9 USDA<\/span>\u00a0: Zone 4\/5.<\/p>","protected":false},"excerpt":{"rendered":"<p>Cette <strong>vari\u00e9t\u00e9 de la foug\u00e8re-m\u00e2le<\/strong>,\u00a0d\u00e9crite au\u00a0XIX\u00e8me si\u00e8cle en Angleterre, poss\u00e8de des<strong> limbes r\u00e9duits<\/strong> en largeur et une texture plus \u00e9paisse que la foug\u00e8re-m\u00e2le. Les extr\u00e9mit\u00e9s des pennes sont <strong>crist\u00e9es<\/strong> (redivis\u00e9es) de fa\u00e7on irr\u00e9guli\u00e8re. L&rsquo;aspect de la plante est tr\u00e8s a\u00e9rien, et forme une touffe l\u00e9g\u00e8re de frondes \u00ab\u00a0transparentes\u00a0\u00bb, une beaut\u00e9! Ombre \u00e0 mi-ombre. Croissance plus <strong>vigoureuse<\/strong> que son allure finement d\u00e9coup\u00e9e ne le laisserait penser. Culture tr\u00e8s facile, \u00e0 installer en massif pour un effet vaporeux. Fonctionne aussi tr\u00e8s bien en pot en jardin de ville. Plante tr\u00e8s graphique.<\/p>\n<p><span style=\"text-decoration: underline;\">Hauteur adulte<\/span>\u00a0: 40\/60 cm\u00a0.\u00a0<span style=\"text-decoration: underline;\">Origine g\u00e9ographique<\/span>\u00a0: origine horticole \/ variation trouv\u00e9e dans la nature.\u00a0<span style=\"text-decoration: underline;\">Persistance hiver<\/span>\u00a0: Semi-persistant \u00e0 caduque.\u00a0<span style=\"text-decoration: underline;\">Rusticit\u00e9 USDA<\/span>\u00a0: Zone 4\/5.<\/p>","protected":false},"featured_media":30267,"template":"","meta":{"site-sidebar-layout":"default","site-content-layout":"default","ast-global-header-display":"","ast-main-header-display":"","ast-hfb-above-header-display":"","ast-hfb-below-header-display":"","ast-hfb-mobile-header-display":"","site-post-title":"","ast-breadcrumbs-content":"","ast-featured-img":"","footer-sml-layout":"","theme-transparent-header-meta":"default","adv-header-id-meta":"","stick-header-meta":"default","header-above-stick-meta":"","header-main-stick-meta":"","header-below-stick-meta":""},"product_cat":[535,545,546],"product_tag":[530,558,559],"class_list":["post-30197","product","type-product","status-publish","has-post-thumbnail","hentry","product_cat-fougeres","product_cat-fougeres-climat-doux","product_cat-fougeres-climat-frais","product_tag-plantes-origine-europeenne","product_tag-plantes-pour-climats-doux","product_tag-plantes-pour-climats-frais","pa_taille-du-pot-pot-12-14-cm-diametre","desktop-align-center","tablet-align-center","mobile-align-center","ast-product-gallery-layout-horizontal","ast-product-gallery-with-no-image","ast-product-single-variable","ast-product-tabs-layout-horizontal","ast-qv-on-image"],"_links":{"self":[{"href":"https:\/\/staging.pepiniereezavin.com\/en\/wp-json\/wp\/v2\/product\/30197","targetHints":{"allow":["GET"]}}],"collection":[{"href":"https:\/\/staging.pepiniereezavin.com\/en\/wp-json\/wp\/v2\/product"}],"about":[{"href":"https:\/\/staging.pepiniereezavin.com\/en\/wp-json\/wp\/v2\/types\/product"}],"wp:featuredmedia":[{"embeddable":true,"href":"https:\/\/staging.pepiniereezavin.com\/en\/wp-json\/wp\/v2\/media\/30267"}],"wp:attachment":[{"href":"https:\/\/staging.pepiniereezavin.com\/en\/wp-json\/wp\/v2\/media?parent=30197"}],"wp:term":[{"taxonomy":"product_cat","embeddable":true,"href":"https:\/\/staging.pepiniereezavin.com\/en\/wp-json\/wp\/v2\/product_cat?post=30197"},{"taxonomy":"product_tag","embeddable":true,"href":"https:\/\/staging.pepiniereezavin.com\/en\/wp-json\/wp\/v2\/product_tag?post=30197"}],"curies":[{"name":"wp","href":"https:\/\/api.w.org\/{rel}","templated":true}]}}