{"id":30203,"date":"2021-12-09T22:48:19","date_gmt":"2021-12-09T21:48:19","guid":{"rendered":"https:\/\/pepiniereezavin.fr\/?post_type=product&#038;p=30203"},"modified":"2022-04-20T19:07:05","modified_gmt":"2022-04-20T17:07:05","slug":"dryopteris-filix-mas-crispa-cristata","status":"publish","type":"product","link":"https:\/\/staging.pepiniereezavin.com\/en\/product\/dryopteris-filix-mas-crispa-cristata\/","title":{"rendered":"Dryopteris filix-mas &lsquo;Crispa-cristata&rsquo;"},"content":{"rendered":"<p>Cette <strong>vari\u00e9t\u00e9 de la foug\u00e8re-m\u00e2le<\/strong> a des limbes aux extr\u00e9mit\u00e9s redivis\u00e9es, qui lui donnent un aspect tr\u00e8s dense, en gardant le m\u00eame vert que la foug\u00e8re m\u00e2le.\u00a0 Les extr\u00e9mit\u00e9s des pennes sont <strong>crist\u00e9es<\/strong> (redivis\u00e9es en cr\u00eates) de fa\u00e7on irr\u00e9guli\u00e8re. Ombre \u00e0 mi-ombre. Croissance <strong>vigoureuse<\/strong> Culture tr\u00e8s facile, \u00e0 installer en massif pour son effet luxuriant. Fonctionne aussi tr\u00e8s bien en pot en jardin de ville. Plante tr\u00e8s graphique.<\/p>\n<p><span style=\"text-decoration: underline;\">Hauteur adulte<\/span>\u00a0: 40\/60 cm.\u00a0<span style=\"text-decoration: underline;\">Origine g\u00e9ographique<\/span>\u00a0: origine horticole \/ variation trouv\u00e9e dans la nature.\u00a0P<span style=\"text-decoration: underline;\">ersistance hiver<\/span>\u00a0: Semi-persistant \u00e0 caduque.\u00a0<span style=\"text-decoration: underline;\">Rusticit\u00e9 USDA<\/span>\u00a0: Zone 4\/5.<\/p>","protected":false},"excerpt":{"rendered":"<p>Cette <strong>vari\u00e9t\u00e9 de la foug\u00e8re-m\u00e2le<\/strong> a des limbes aux extr\u00e9mit\u00e9s redivis\u00e9es, qui lui donnent un aspect tr\u00e8s dense, en gardant le m\u00eame vert que la foug\u00e8re m\u00e2le.\u00a0 Les extr\u00e9mit\u00e9s des pennes sont <strong>crist\u00e9es<\/strong> (redivis\u00e9es en cr\u00eates) de fa\u00e7on irr\u00e9guli\u00e8re. Ombre \u00e0 mi-ombre. Croissance <strong>vigoureuse<\/strong> Culture tr\u00e8s facile, \u00e0 installer en massif pour son effet luxuriant. Fonctionne aussi tr\u00e8s bien en pot en jardin de ville. Plante tr\u00e8s graphique.<\/p>\n<p><span style=\"text-decoration: underline;\">Hauteur adulte\u00a0<\/span>: 40\/60 cm.\u00a0<span style=\"text-decoration: underline;\">Origine g\u00e9ographique<\/span>\u00a0: origine horticole \/ variation trouv\u00e9e dans la nature.\u00a0<span style=\"text-decoration: underline;\">Persistance hiver\u00a0<\/span>: Semi-persistant \u00e0 caduque.\u00a0<span style=\"text-decoration: underline;\">Rusticit\u00e9 USDA<\/span>\u00a0: Zone 4\/5.<\/p>","protected":false},"featured_media":30279,"template":"","meta":{"site-sidebar-layout":"default","site-content-layout":"default","ast-global-header-display":"","ast-main-header-display":"","ast-hfb-above-header-display":"","ast-hfb-below-header-display":"","ast-hfb-mobile-header-display":"","site-post-title":"","ast-breadcrumbs-content":"","ast-featured-img":"","footer-sml-layout":"","theme-transparent-header-meta":"default","adv-header-id-meta":"","stick-header-meta":"default","header-above-stick-meta":"","header-main-stick-meta":"","header-below-stick-meta":""},"product_cat":[535,545,546],"product_tag":[528,530,558,559],"class_list":["post-30203","product","type-product","status-publish","has-post-thumbnail","hentry","product_cat-fougeres","product_cat-fougeres-climat-doux","product_cat-fougeres-climat-frais","product_tag-plantes-origine-americaine","product_tag-plantes-origine-europeenne","product_tag-plantes-pour-climats-doux","product_tag-plantes-pour-climats-frais","pa_taille-du-pot-pot-12-14-cm-diametre","desktop-align-center","tablet-align-center","mobile-align-center","ast-product-gallery-layout-horizontal","ast-product-single-variable","ast-product-tabs-layout-horizontal","ast-qv-on-image"],"_links":{"self":[{"href":"https:\/\/staging.pepiniereezavin.com\/en\/wp-json\/wp\/v2\/product\/30203","targetHints":{"allow":["GET"]}}],"collection":[{"href":"https:\/\/staging.pepiniereezavin.com\/en\/wp-json\/wp\/v2\/product"}],"about":[{"href":"https:\/\/staging.pepiniereezavin.com\/en\/wp-json\/wp\/v2\/types\/product"}],"wp:featuredmedia":[{"embeddable":true,"href":"https:\/\/staging.pepiniereezavin.com\/en\/wp-json\/wp\/v2\/media\/30279"}],"wp:attachment":[{"href":"https:\/\/staging.pepiniereezavin.com\/en\/wp-json\/wp\/v2\/media?parent=30203"}],"wp:term":[{"taxonomy":"product_cat","embeddable":true,"href":"https:\/\/staging.pepiniereezavin.com\/en\/wp-json\/wp\/v2\/product_cat?post=30203"},{"taxonomy":"product_tag","embeddable":true,"href":"https:\/\/staging.pepiniereezavin.com\/en\/wp-json\/wp\/v2\/product_tag?post=30203"}],"curies":[{"name":"wp","href":"https:\/\/api.w.org\/{rel}","templated":true}]}}