{"id":30205,"date":"2021-12-09T22:48:19","date_gmt":"2021-12-09T21:48:19","guid":{"rendered":"https:\/\/pepiniereezavin.fr\/?post_type=product&#038;p=30205"},"modified":"2022-08-26T07:25:04","modified_gmt":"2022-08-26T05:25:04","slug":"dryopteris-filix-mas","status":"publish","type":"product","link":"https:\/\/staging.pepiniereezavin.com\/en\/product\/dryopteris-filix-mas\/","title":{"rendered":"Dryopteris filix-mas"},"content":{"rendered":"<p><strong>La Foug\u00e8re-m\u00e2le<\/strong>. Vigoureuse herbac\u00e9e touffe\u00a0 jusqu&rsquo;\u00e0 1 m de haut. <strong>Culture facile partout<\/strong> en France. Tr\u00e8s r\u00e9pandue\u00a0 en for\u00eats bor\u00e9ales. Supporte mieux les endroits clairs que Dryopteris affinis. Drageonne du pied pour former une touffe imposante.<\/p>\n<p>Les d\u00e9nominations de \u00ab\u00a0m\u00e2le\u00a0\u00bb et \u00ab\u00a0femelle\u00a0\u00bb remontent au XVIII\u00e8me si\u00e8cle, et ne font r\u00e9f\u00e9rence qu&rsquo;\u00e0 l&rsquo;allure de la plante (\u00e9rig\u00e9e et \u00e0 texture \u00e9paisse, alors que la foug\u00e8re-femelle a un port souple et une texture fine&#8230;), et non \u00e0 sa biologie, qui n&rsquo;\u00e9tait pas comprise \u00e0 l&rsquo;\u00e9poque.<\/p>\n<p><span style=\"text-decoration: underline;\">Hauteur adulte<\/span>\u00a0: 80\/100 cm\u00a0.\u00a0<span style=\"text-decoration: underline;\">Origine g\u00e9ographique<\/span>\u00a0: Europe, Scandinavie, Am\u00e9rique du Nord, Asie, Afrique du Nord.\u00a0<span style=\"text-decoration: underline;\">Persistance hiver<\/span>\u00a0: Caduque.\u00a0<span style=\"text-decoration: underline;\">Rusticit\u00e9 USDA<\/span>\u00a0: Zone 4\/5.<\/p>","protected":false},"excerpt":{"rendered":"<p><strong>La Foug\u00e8re-m\u00e2le<\/strong>. Vigoureuse herbac\u00e9e touffe\u00a0 jusqu&rsquo;\u00e0 1 m de haut. <strong>Culture facile partout<\/strong> en France. Tr\u00e8s r\u00e9pandue\u00a0 en for\u00eats bor\u00e9ales. Supporte mieux les endroits clairs que Dryopteris affinis. Drageonne du pied pour former une touffe imposante.<\/p>\n<p>Les d\u00e9nominations de \u00ab\u00a0m\u00e2le\u00a0\u00bb et \u00ab\u00a0femelle\u00a0\u00bb remontent au XVIII\u00e8me si\u00e8cle, et ne font r\u00e9f\u00e9rence qu&rsquo;\u00e0 l&rsquo;allure de la plante (\u00e9rig\u00e9e et \u00e0 texture \u00e9paisse, alors que la foug\u00e8re-femelle a un port souple et une texture fine&#8230;), et non \u00e0 sa biologie, qui n&rsquo;\u00e9tait pas comprise \u00e0 l&rsquo;\u00e9poque.<\/p>\n<p><span style=\"text-decoration: underline;\">Hauteur adulte<\/span>\u00a0: 80\/100 cm\u00a0.\u00a0<span style=\"text-decoration: underline;\">Origine g\u00e9ographique<\/span>\u00a0: Europe, Scandinavie, Am\u00e9rique du Nord, Asie, Afrique du Nord.\u00a0<span style=\"text-decoration: underline;\">Persistance hiver<\/span>\u00a0: Caduque.\u00a0<span style=\"text-decoration: underline;\">Rusticit\u00e9 USDA<\/span>\u00a0: Zone 4\/5.<\/p>","protected":false},"featured_media":30283,"template":"","meta":{"site-sidebar-layout":"default","site-content-layout":"default","ast-global-header-display":"","ast-main-header-display":"","ast-hfb-above-header-display":"","ast-hfb-below-header-display":"","ast-hfb-mobile-header-display":"","site-post-title":"","ast-breadcrumbs-content":"","ast-featured-img":"","footer-sml-layout":"","theme-transparent-header-meta":"default","adv-header-id-meta":"","stick-header-meta":"default","header-above-stick-meta":"","header-main-stick-meta":"","header-below-stick-meta":""},"product_cat":[535,545,546],"product_tag":[527,528,529,530,558,559],"class_list":["post-30205","product","type-product","status-publish","has-post-thumbnail","hentry","product_cat-fougeres","product_cat-fougeres-climat-doux","product_cat-fougeres-climat-frais","product_tag-plantes-origine-africaine","product_tag-plantes-origine-americaine","product_tag-plantes-origine-asiatique","product_tag-plantes-origine-europeenne","product_tag-plantes-pour-climats-doux","product_tag-plantes-pour-climats-frais","pa_taille-du-pot-pot-12-14-cm-diametre","desktop-align-center","tablet-align-center","mobile-align-center","ast-product-gallery-layout-horizontal","ast-product-gallery-with-no-image","ast-product-single-variable","ast-product-tabs-layout-horizontal","ast-qv-on-image"],"_links":{"self":[{"href":"https:\/\/staging.pepiniereezavin.com\/en\/wp-json\/wp\/v2\/product\/30205","targetHints":{"allow":["GET"]}}],"collection":[{"href":"https:\/\/staging.pepiniereezavin.com\/en\/wp-json\/wp\/v2\/product"}],"about":[{"href":"https:\/\/staging.pepiniereezavin.com\/en\/wp-json\/wp\/v2\/types\/product"}],"wp:featuredmedia":[{"embeddable":true,"href":"https:\/\/staging.pepiniereezavin.com\/en\/wp-json\/wp\/v2\/media\/30283"}],"wp:attachment":[{"href":"https:\/\/staging.pepiniereezavin.com\/en\/wp-json\/wp\/v2\/media?parent=30205"}],"wp:term":[{"taxonomy":"product_cat","embeddable":true,"href":"https:\/\/staging.pepiniereezavin.com\/en\/wp-json\/wp\/v2\/product_cat?post=30205"},{"taxonomy":"product_tag","embeddable":true,"href":"https:\/\/staging.pepiniereezavin.com\/en\/wp-json\/wp\/v2\/product_tag?post=30205"}],"curies":[{"name":"wp","href":"https:\/\/api.w.org\/{rel}","templated":true}]}}