{"id":30211,"date":"2021-12-09T22:48:20","date_gmt":"2021-12-09T21:48:20","guid":{"rendered":"https:\/\/pepiniereezavin.fr\/?post_type=product&#038;p=30211"},"modified":"2022-04-20T19:23:29","modified_gmt":"2022-04-20T17:23:29","slug":"equisetum-hyemale","status":"publish","type":"product","link":"https:\/\/staging.pepiniereezavin.com\/en\/product\/equisetum-hyemale\/","title":{"rendered":"Equisetum hyemale"},"content":{"rendered":"<p><strong>La \u00ab\u00a0pr\u00eale d&rsquo;hiver\u00a0\u00bb<\/strong>\u00a0sans rameaux lat\u00e9raux a une allure g\u00e9om\u00e9trique tr\u00e8s \u00ab\u00a0design\u00a0\u00bb, et s&rsquo;accorde parfaitement aux courbes des foug\u00e8res. En milieux humides \u00e0 aquatiques, \u00a0au soleil ou \u00e0 mi-ombre, elle s&rsquo;\u00e9panouira et prolif\u00e9rera facilement. Comme toutes les pr\u00eales, elle a une capacit\u00e9 invasive assez grande! Possible en int\u00e9rieur (lumineux). Utilis\u00e9e en lutherie pour polir les bois (contient des cristaux de silice).<\/p>\n<p><span style=\"text-decoration: underline;\">Hauteur adulte<\/span>\u00a0: 80\/100 (150) cm\u00a0.\u00a0<span style=\"text-decoration: underline;\">Origine g\u00e9ographique<\/span>\u00a0:\u00a0Europe, Am\u00e9rique du Nord.\u00a0<span style=\"text-decoration: underline;\">Persistance hiver<\/span>\u00a0: Persistant.\u00a0<span style=\"text-decoration: underline;\">Rusticit\u00e9 USDA<\/span>\u00a0: Zone 2.<\/p>","protected":false},"excerpt":{"rendered":"<p><strong>La \u00ab\u00a0pr\u00eale d&rsquo;hiver\u00a0\u00bb<\/strong>\u00a0sans rameaux lat\u00e9raux a une allure g\u00e9om\u00e9trique tr\u00e8s \u00ab\u00a0design\u00a0\u00bb, et s&rsquo;accorde parfaitement aux courbes des foug\u00e8res. En milieux humides \u00e0 aquatiques, \u00a0au soleil ou \u00e0 mi-ombre, elle s&rsquo;\u00e9panouira et prolif\u00e9rera facilement. Comme toutes les pr\u00eales, elle a une capacit\u00e9 invasive assez grande! Possible en int\u00e9rieur (lumineux). Utilis\u00e9e en lutherie pour polir les bois (contient des cristaux de silice).<\/p>\n<p><span style=\"text-decoration: underline;\">Hauteur adulte<\/span>\u00a0: 80\/100 (150) cm\u00a0.\u00a0<span style=\"text-decoration: underline;\">Origine g\u00e9ographique<\/span>\u00a0:\u00a0Europe, Am\u00e9rique du Nord.\u00a0<span style=\"text-decoration: underline;\">Persistance hiver<\/span>\u00a0: Persistant.\u00a0<span style=\"text-decoration: underline;\">Rusticit\u00e9 USDA<\/span>\u00a0: Zone 2.<\/p>","protected":false},"featured_media":30292,"template":"","meta":{"site-sidebar-layout":"default","site-content-layout":"default","ast-global-header-display":"","ast-main-header-display":"","ast-hfb-above-header-display":"","ast-hfb-below-header-display":"","ast-hfb-mobile-header-display":"","site-post-title":"","ast-breadcrumbs-content":"","ast-featured-img":"","footer-sml-layout":"","theme-transparent-header-meta":"default","adv-header-id-meta":"","stick-header-meta":"default","header-above-stick-meta":"","header-main-stick-meta":"","header-below-stick-meta":""},"product_cat":[535,543,545,546],"product_tag":[528,530,532,556,558,559],"class_list":["post-30211","product","type-product","status-publish","has-post-thumbnail","hentry","product_cat-fougeres","product_cat-fougeres-interieur","product_cat-fougeres-climat-doux","product_cat-fougeres-climat-frais","product_tag-plantes-origine-americaine","product_tag-plantes-origine-europeenne","product_tag-plantes-pour-berges","product_tag-plantes-pour-interieur","product_tag-plantes-pour-climats-doux","product_tag-plantes-pour-climats-frais","pa_taille-du-pot-pot-12-14-cm-diametre","desktop-align-center","tablet-align-center","mobile-align-center","ast-product-gallery-layout-horizontal","ast-product-single-variable","ast-product-tabs-layout-horizontal","ast-qv-on-image"],"_links":{"self":[{"href":"https:\/\/staging.pepiniereezavin.com\/en\/wp-json\/wp\/v2\/product\/30211","targetHints":{"allow":["GET"]}}],"collection":[{"href":"https:\/\/staging.pepiniereezavin.com\/en\/wp-json\/wp\/v2\/product"}],"about":[{"href":"https:\/\/staging.pepiniereezavin.com\/en\/wp-json\/wp\/v2\/types\/product"}],"wp:featuredmedia":[{"embeddable":true,"href":"https:\/\/staging.pepiniereezavin.com\/en\/wp-json\/wp\/v2\/media\/30292"}],"wp:attachment":[{"href":"https:\/\/staging.pepiniereezavin.com\/en\/wp-json\/wp\/v2\/media?parent=30211"}],"wp:term":[{"taxonomy":"product_cat","embeddable":true,"href":"https:\/\/staging.pepiniereezavin.com\/en\/wp-json\/wp\/v2\/product_cat?post=30211"},{"taxonomy":"product_tag","embeddable":true,"href":"https:\/\/staging.pepiniereezavin.com\/en\/wp-json\/wp\/v2\/product_tag?post=30211"}],"curies":[{"name":"wp","href":"https:\/\/api.w.org\/{rel}","templated":true}]}}