{"id":30256,"date":"2021-12-09T22:48:43","date_gmt":"2021-12-09T21:48:43","guid":{"rendered":"https:\/\/pepiniereezavin.fr\/?post_type=product&#038;p=30256"},"modified":"2022-08-26T07:25:04","modified_gmt":"2022-08-26T05:25:04","slug":"marsilea-quadrifolia","status":"publish","type":"product","link":"https:\/\/staging.pepiniereezavin.com\/en\/product\/marsilea-quadrifolia\/","title":{"rendered":"Marsilea quadrifolia"},"content":{"rendered":"<p>Cette foug\u00e8re atypique est facilement reconnaissable par ses frondes \u00e0 quatre folioles, qui la font ressembler \u00e0 un <strong>\u00ab\u00a0tr\u00e8fle \u00e0 4 feuilles\u00a0\u00bb.<\/strong> Leur limbe est parsem\u00e9 de poils caract\u00e9ristiques. C&rsquo;est une <strong>plante de berges<\/strong> de bassins et de mar\u00e9cages saisonniers : elle peut supporter des ass\u00e8chements temporaires, elle devient caduque alors, et \u00e9met de nouvelles frondes quand le niveau de l&rsquo;eau remonte. Installez-la en zone humide, et au soleil si possible. Ses rhizomes drageonnants lui permettent de coloniser de grandes surfaces. Culture facile, et <strong>rusticit\u00e9<\/strong> jusqu&rsquo;\u00e0 environ -20\u00b0C.<\/p>\n<p><span style=\"text-decoration: underline;\">Hauteur adulte<\/span>\u00a0: 20\/30 cm.\u00a0<span style=\"text-decoration: underline;\">Origine g\u00e9ographique<\/span>\u00a0: Eurasie, Am\u00e9rique du Nord.\u00a0<span style=\"text-decoration: underline;\">Persistance hiver<\/span>\u00a0: Caduque.\u00a0<span style=\"text-decoration: underline;\">Rusticit\u00e9 USDA<\/span>\u00a0: Zone 6\/7.<\/p>","protected":false},"excerpt":{"rendered":"<p>Cette foug\u00e8re atypique est facilement reconnaissable par ses frondes \u00e0 quatre folioles, qui la font ressembler \u00e0 un <strong>\u00ab\u00a0tr\u00e8fle \u00e0 4 feuilles\u00a0\u00bb.<\/strong> Leur limbe est parsem\u00e9 de poils caract\u00e9ristiques. C&rsquo;est une <strong>plante de berges<\/strong> de bassins et de mar\u00e9cages saisonniers : elle peut supporter des ass\u00e8chements temporaires, elle devient caduque alors, et \u00e9met de nouvelles frondes quand le niveau de l&rsquo;eau remonte. Installez-la en zone humide, et au soleil si possible. Ses rhizomes drageonnants lui permettent de coloniser de grandes surfaces. Culture facile, et <strong>rusticit\u00e9<\/strong> jusqu&rsquo;\u00e0 environ -20\u00b0C.<\/p>\n<p><span style=\"text-decoration: underline;\">Hauteur adulte<\/span>\u00a0: 20\/30 cm.\u00a0<span style=\"text-decoration: underline;\">Origine g\u00e9ographique<\/span>\u00a0: Eurasie, Am\u00e9rique du Nord.\u00a0<span style=\"text-decoration: underline;\">Persistance hiver<\/span>\u00a0: Caduque.\u00a0<span style=\"text-decoration: underline;\">Rusticit\u00e9 USDA<\/span>\u00a0: Zone 6\/7.<\/p>","protected":false},"featured_media":30323,"template":"","meta":{"site-sidebar-layout":"default","site-content-layout":"default","ast-global-header-display":"","ast-main-header-display":"","ast-hfb-above-header-display":"","ast-hfb-below-header-display":"","ast-hfb-mobile-header-display":"","site-post-title":"","ast-breadcrumbs-content":"","ast-featured-img":"","footer-sml-layout":"","theme-transparent-header-meta":"default","adv-header-id-meta":"","stick-header-meta":"default","header-above-stick-meta":"","header-main-stick-meta":"","header-below-stick-meta":""},"product_cat":[535,545,546],"product_tag":[528,529,530,532,558,559],"class_list":["post-30256","product","type-product","status-publish","has-post-thumbnail","hentry","product_cat-fougeres","product_cat-fougeres-climat-doux","product_cat-fougeres-climat-frais","product_tag-plantes-origine-americaine","product_tag-plantes-origine-asiatique","product_tag-plantes-origine-europeenne","product_tag-plantes-pour-berges","product_tag-plantes-pour-climats-doux","product_tag-plantes-pour-climats-frais","pa_taille-du-pot-pot-12-14-cm-diametre","desktop-align-center","tablet-align-center","mobile-align-center","ast-product-gallery-layout-horizontal","ast-product-single-variable","ast-product-tabs-layout-horizontal","ast-qv-on-image"],"_links":{"self":[{"href":"https:\/\/staging.pepiniereezavin.com\/en\/wp-json\/wp\/v2\/product\/30256","targetHints":{"allow":["GET"]}}],"collection":[{"href":"https:\/\/staging.pepiniereezavin.com\/en\/wp-json\/wp\/v2\/product"}],"about":[{"href":"https:\/\/staging.pepiniereezavin.com\/en\/wp-json\/wp\/v2\/types\/product"}],"wp:featuredmedia":[{"embeddable":true,"href":"https:\/\/staging.pepiniereezavin.com\/en\/wp-json\/wp\/v2\/media\/30323"}],"wp:attachment":[{"href":"https:\/\/staging.pepiniereezavin.com\/en\/wp-json\/wp\/v2\/media?parent=30256"}],"wp:term":[{"taxonomy":"product_cat","embeddable":true,"href":"https:\/\/staging.pepiniereezavin.com\/en\/wp-json\/wp\/v2\/product_cat?post=30256"},{"taxonomy":"product_tag","embeddable":true,"href":"https:\/\/staging.pepiniereezavin.com\/en\/wp-json\/wp\/v2\/product_tag?post=30256"}],"curies":[{"name":"wp","href":"https:\/\/api.w.org\/{rel}","templated":true}]}}