{"id":30257,"date":"2021-12-09T22:48:43","date_gmt":"2021-12-09T21:48:43","guid":{"rendered":"https:\/\/pepiniereezavin.fr\/?post_type=product&#038;p=30257"},"modified":"2022-11-01T16:00:32","modified_gmt":"2022-11-01T15:00:32","slug":"microgramma-vacciniifolia","status":"publish","type":"product","link":"https:\/\/staging.pepiniereezavin.com\/en\/product\/microgramma-vacciniifolia\/","title":{"rendered":"Microgramma vacciniifolia"},"content":{"rendered":"<p>Cette petite foug\u00e8re \u00e0 rhizome tra\u00e7ant fait des <strong>frondes enti\u00e8res ovales dress\u00e9es<\/strong>. C&rsquo;est un excellent <strong>couvre sol de rocaille<\/strong> en climat doux, ou plante d&rsquo;int\u00e9rieur ou de <strong>terrarium<\/strong>, en raison de sa petite taille. Semi-persistant ici en ext\u00e9rieur. Croissance lente. Originaire d&rsquo;Am\u00e9rique du Sud, nous l&rsquo;avons r\u00e9cup\u00e9r\u00e9e sur des stipes de palmiers import\u00e9s et plant\u00e9s en bord de mer, sur la C\u00f4te d&rsquo;Azur.<\/p>\n<p><span style=\"text-decoration: underline;\">Hauteur adulte<\/span>\u00a0: 2\/4 cm.\u00a0<span style=\"text-decoration: underline;\">Origine g\u00e9ographique<\/span>\u00a0: Am\u00e9rique du Sud.\u00a0<span style=\"text-decoration: underline;\">Persistance hiver<\/span>\u00a0: Persistant \u00a0semi-persistant.\u00a0<span style=\"text-decoration: underline;\">Rusticit\u00e9 USDA<\/span>\u00a0: Zone 8\/9.<\/p>","protected":false},"excerpt":{"rendered":"<p>Cette petite foug\u00e8re \u00e0 rhizome tra\u00e7ant fait des <strong>frondes enti\u00e8res ovales dress\u00e9es<\/strong>. C&rsquo;est un excellent <strong>couvre sol de rocaille<\/strong> en climat doux, ou plante d&rsquo;int\u00e9rieur ou de <strong>terrarium<\/strong>, en raison de sa petite taille. Semi-persistant ici en ext\u00e9rieur. Croissance lente. Originaire d&rsquo;Am\u00e9rique du Sud, nous l&rsquo;avons r\u00e9cup\u00e9r\u00e9e sur des stipes de palmiers import\u00e9s et plant\u00e9s en bord de mer, sur la C\u00f4te d&rsquo;Azur.<\/p>\n<p><span style=\"text-decoration: underline;\">Hauteur adulte<\/span>\u00a0: 2\/4 cm.\u00a0<span style=\"text-decoration: underline;\">Origine g\u00e9ographique<\/span>\u00a0: Am\u00e9rique du Sud.\u00a0<span style=\"text-decoration: underline;\">Persistance hiver<\/span>\u00a0: Persistant \u00a0semi-persistant.\u00a0<span style=\"text-decoration: underline;\">Rusticit\u00e9 USDA<\/span>\u00a0: Zone 8\/9.<\/p>","protected":false},"featured_media":30325,"template":"","meta":{"site-sidebar-layout":"default","site-content-layout":"default","ast-global-header-display":"","ast-main-header-display":"","ast-hfb-above-header-display":"","ast-hfb-below-header-display":"","ast-hfb-mobile-header-display":"","site-post-title":"","ast-breadcrumbs-content":"","ast-featured-img":"","footer-sml-layout":"","theme-transparent-header-meta":"default","adv-header-id-meta":"","stick-header-meta":"default","header-above-stick-meta":"","header-main-stick-meta":"","header-below-stick-meta":""},"product_cat":[535,543,544,545],"product_tag":[525,528,556,558,533,557],"class_list":["post-30257","product","type-product","status-publish","has-post-thumbnail","hentry","product_cat-fougeres","product_cat-fougeres-interieur","product_cat-fougeres-terrarium","product_cat-fougeres-climat-doux","product_tag-plantes-a-feuillage-coriace","product_tag-plantes-origine-americaine","product_tag-plantes-pour-interieur","product_tag-plantes-pour-climats-doux","product_tag-plantes-pour-mur-vegetaux","product_tag-plantes-pour-terrarium","pa_taille-du-pot-pot-10-cm-diametre","desktop-align-center","tablet-align-center","mobile-align-center","ast-product-gallery-layout-horizontal","ast-product-gallery-with-no-image","ast-product-single-variable","ast-product-tabs-layout-horizontal","ast-qv-on-image"],"_links":{"self":[{"href":"https:\/\/staging.pepiniereezavin.com\/en\/wp-json\/wp\/v2\/product\/30257","targetHints":{"allow":["GET"]}}],"collection":[{"href":"https:\/\/staging.pepiniereezavin.com\/en\/wp-json\/wp\/v2\/product"}],"about":[{"href":"https:\/\/staging.pepiniereezavin.com\/en\/wp-json\/wp\/v2\/types\/product"}],"wp:featuredmedia":[{"embeddable":true,"href":"https:\/\/staging.pepiniereezavin.com\/en\/wp-json\/wp\/v2\/media\/30325"}],"wp:attachment":[{"href":"https:\/\/staging.pepiniereezavin.com\/en\/wp-json\/wp\/v2\/media?parent=30257"}],"wp:term":[{"taxonomy":"product_cat","embeddable":true,"href":"https:\/\/staging.pepiniereezavin.com\/en\/wp-json\/wp\/v2\/product_cat?post=30257"},{"taxonomy":"product_tag","embeddable":true,"href":"https:\/\/staging.pepiniereezavin.com\/en\/wp-json\/wp\/v2\/product_tag?post=30257"}],"curies":[{"name":"wp","href":"https:\/\/api.w.org\/{rel}","templated":true}]}}