{"id":30259,"date":"2021-12-09T22:48:43","date_gmt":"2021-12-09T21:48:43","guid":{"rendered":"https:\/\/pepiniereezavin.fr\/?post_type=product&#038;p=30259"},"modified":"2022-04-21T09:08:33","modified_gmt":"2022-04-21T07:08:33","slug":"microlepia-marginata-oe-951","status":"publish","type":"product","link":"https:\/\/staging.pepiniereezavin.com\/en\/product\/microlepia-marginata-oe-951\/","title":{"rendered":"Microlepia marginata OE 951"},"content":{"rendered":"<p>Voici une esp\u00e8ce au <strong>port \u00e9tal\u00e9<\/strong>\u00a0assez unique dans notre gamme. Elle forme des touffes qui grossissent lentement. Le limbe large est\u00a0 caract\u00e9ris\u00e9 par les sores marginaux tr\u00e8s visibles m\u00eame par dessus. Le feuillage est original par sa forme allong\u00e9e et les pennes arrondis, <strong>ondul\u00e9s sur les bords<\/strong>. Rustique dans le sud de la France.<\/p>\n<p><span style=\"text-decoration: underline;\">Hauteur adulte<\/span>\u00a0: 40\/60 cm.\u00a0<span style=\"text-decoration: underline;\">Origine g\u00e9ographique<\/span>\u00a0: Chine (Zhejiang).\u00a0<span style=\"text-decoration: underline;\">Persistance hiver<\/span>\u00a0: Semi-persistant.\u00a0<span style=\"text-decoration: underline;\">Rusticit\u00e9 USDA<\/span>\u00a0: Zone 8.<\/p>","protected":false},"excerpt":{"rendered":"<p>Voici une esp\u00e8ce au\u00a0<strong>port\u00a0\u00e9tal\u00e9<\/strong>\u00a0assez unique dans notre gamme. Elle forme des touffes qui grossissent lentement. Le limbe large est\u00a0 caract\u00e9ris\u00e9 par les sores marginaux tr\u00e8s visibles m\u00eame par dessus. Le feuillage est original par sa forme allong\u00e9e et les pennes arrondis,\u00a0<strong>ondul\u00e9s sur les bords<\/strong>. Rustique\u00a0dans le sud de la France.<\/p>\n<p><span style=\"text-decoration: underline;\">Hauteur adulte<\/span>\u00a0: 40\/60 cm.\u00a0<span style=\"text-decoration: underline;\">Origine g\u00e9ographique<\/span>\u00a0: Chine (Zhejiang).\u00a0<span style=\"text-decoration: underline;\">Persistance hiver<\/span>\u00a0: Semi-persistant.\u00a0<span style=\"text-decoration: underline;\">Rusticit\u00e9 USDA<\/span>\u00a0: Zone 8.<\/p>","protected":false},"featured_media":30330,"template":"","meta":{"site-sidebar-layout":"default","site-content-layout":"default","ast-global-header-display":"","ast-main-header-display":"","ast-hfb-above-header-display":"","ast-hfb-below-header-display":"","ast-hfb-mobile-header-display":"","site-post-title":"","ast-breadcrumbs-content":"","ast-featured-img":"","footer-sml-layout":"","theme-transparent-header-meta":"default","adv-header-id-meta":"","stick-header-meta":"default","header-above-stick-meta":"","header-main-stick-meta":"","header-below-stick-meta":""},"product_cat":[535,543,545],"product_tag":[529,556,558],"class_list":["post-30259","product","type-product","status-publish","has-post-thumbnail","hentry","product_cat-fougeres","product_cat-fougeres-interieur","product_cat-fougeres-climat-doux","product_tag-plantes-origine-asiatique","product_tag-plantes-pour-interieur","product_tag-plantes-pour-climats-doux","pa_taille-du-pot-pot-12-14-cm-diametre","desktop-align-center","tablet-align-center","mobile-align-center","ast-product-gallery-layout-horizontal","ast-product-single-variable","ast-product-tabs-layout-horizontal","ast-qv-on-image"],"_links":{"self":[{"href":"https:\/\/staging.pepiniereezavin.com\/en\/wp-json\/wp\/v2\/product\/30259","targetHints":{"allow":["GET"]}}],"collection":[{"href":"https:\/\/staging.pepiniereezavin.com\/en\/wp-json\/wp\/v2\/product"}],"about":[{"href":"https:\/\/staging.pepiniereezavin.com\/en\/wp-json\/wp\/v2\/types\/product"}],"wp:featuredmedia":[{"embeddable":true,"href":"https:\/\/staging.pepiniereezavin.com\/en\/wp-json\/wp\/v2\/media\/30330"}],"wp:attachment":[{"href":"https:\/\/staging.pepiniereezavin.com\/en\/wp-json\/wp\/v2\/media?parent=30259"}],"wp:term":[{"taxonomy":"product_cat","embeddable":true,"href":"https:\/\/staging.pepiniereezavin.com\/en\/wp-json\/wp\/v2\/product_cat?post=30259"},{"taxonomy":"product_tag","embeddable":true,"href":"https:\/\/staging.pepiniereezavin.com\/en\/wp-json\/wp\/v2\/product_tag?post=30259"}],"curies":[{"name":"wp","href":"https:\/\/api.w.org\/{rel}","templated":true}]}}