{"id":30260,"date":"2021-12-09T22:48:44","date_gmt":"2021-12-09T21:48:44","guid":{"rendered":"https:\/\/pepiniereezavin.fr\/?post_type=product&#038;p=30260"},"modified":"2022-10-13T19:41:38","modified_gmt":"2022-10-13T17:41:38","slug":"microlepia-platyphylla","status":"publish","type":"product","link":"https:\/\/staging.pepiniereezavin.com\/en\/product\/microlepia-platyphylla\/","title":{"rendered":"Microlepia platyphylla"},"content":{"rendered":"<p>Cette foug\u00e8re \u00e0<strong> port tr\u00e8s dress\u00e9<\/strong> a des segments foliaires larges et de couleur vert clair\u00a0bien particuli\u00e8re. C&rsquo;est une magnifique plante d&rsquo;allure exotique pour\u00a0une <strong>v\u00e9randa<\/strong> ou en int\u00e9rieur. Garder hors gel. Tr\u00e8s graphique en haut d&rsquo;un mur v\u00e9g\u00e9tal. Petites quantit\u00e9s disponibles.<\/p>\n<p><span style=\"text-decoration: underline;\">Hauteur adulte<\/span>\u00a0: 40\/60 (80) cm.\u00a0<span style=\"text-decoration: underline;\">Origine g\u00e9ographique<\/span>\u00a0: Chine, Inde, Philippines.\u00a0<span style=\"text-decoration: underline;\">Persistance hiver<\/span>\u00a0: Persistant. <span style=\"text-decoration: underline;\">Rusticit\u00e9 USDA<\/span>\u00a0: Zone 9.<\/p>","protected":false},"excerpt":{"rendered":"<p>Cette foug\u00e8re \u00e0<strong> port tr\u00e8s dress\u00e9<\/strong> a des segments foliaires larges et de couleur vert clair\u00a0bien particuli\u00e8re. C&rsquo;est une magnifique plante d&rsquo;allure exotique pour\u00a0une <strong>v\u00e9randa<\/strong> ou en int\u00e9rieur. Garder hors gel. Tr\u00e8s graphique en haut d&rsquo;un mur v\u00e9g\u00e9tal. Petites quantit\u00e9s disponibles.<\/p>\n<p><span style=\"text-decoration: underline;\">Hauteur adulte<\/span>\u00a0: 40\/60 (80) cm.\u00a0<span style=\"text-decoration: underline;\">Origine g\u00e9ographique<\/span>\u00a0: Chine, Inde, Philippines.\u00a0<span style=\"text-decoration: underline;\">Persistance hiver<\/span>\u00a0: Persistant. <span style=\"text-decoration: underline;\">Rusticit\u00e9 USDA<\/span>\u00a0: Zone 9.<\/p>","protected":false},"featured_media":30334,"template":"","meta":{"site-sidebar-layout":"default","site-content-layout":"default","ast-global-header-display":"","ast-main-header-display":"","ast-hfb-above-header-display":"","ast-hfb-below-header-display":"","ast-hfb-mobile-header-display":"","site-post-title":"","ast-breadcrumbs-content":"","ast-featured-img":"","footer-sml-layout":"","theme-transparent-header-meta":"default","adv-header-id-meta":"","stick-header-meta":"default","header-above-stick-meta":"","header-main-stick-meta":"","header-below-stick-meta":""},"product_cat":[535,543],"product_tag":[529,556,533],"class_list":["post-30260","product","type-product","status-publish","has-post-thumbnail","hentry","product_cat-fougeres","product_cat-fougeres-interieur","product_tag-plantes-origine-asiatique","product_tag-plantes-pour-interieur","product_tag-plantes-pour-mur-vegetaux","pa_taille-du-pot-pot-12-14-cm-diametre","desktop-align-center","tablet-align-center","mobile-align-center","ast-product-gallery-layout-horizontal","ast-product-single-variable","ast-product-tabs-layout-horizontal","ast-qv-on-image"],"_links":{"self":[{"href":"https:\/\/staging.pepiniereezavin.com\/en\/wp-json\/wp\/v2\/product\/30260","targetHints":{"allow":["GET"]}}],"collection":[{"href":"https:\/\/staging.pepiniereezavin.com\/en\/wp-json\/wp\/v2\/product"}],"about":[{"href":"https:\/\/staging.pepiniereezavin.com\/en\/wp-json\/wp\/v2\/types\/product"}],"wp:featuredmedia":[{"embeddable":true,"href":"https:\/\/staging.pepiniereezavin.com\/en\/wp-json\/wp\/v2\/media\/30334"}],"wp:attachment":[{"href":"https:\/\/staging.pepiniereezavin.com\/en\/wp-json\/wp\/v2\/media?parent=30260"}],"wp:term":[{"taxonomy":"product_cat","embeddable":true,"href":"https:\/\/staging.pepiniereezavin.com\/en\/wp-json\/wp\/v2\/product_cat?post=30260"},{"taxonomy":"product_tag","embeddable":true,"href":"https:\/\/staging.pepiniereezavin.com\/en\/wp-json\/wp\/v2\/product_tag?post=30260"}],"curies":[{"name":"wp","href":"https:\/\/api.w.org\/{rel}","templated":true}]}}