{"id":30261,"date":"2021-12-09T22:48:44","date_gmt":"2021-12-09T21:48:44","guid":{"rendered":"https:\/\/pepiniereezavin.fr\/?post_type=product&#038;p=30261"},"modified":"2022-08-03T07:44:58","modified_gmt":"2022-08-03T05:44:58","slug":"microlepia-strigosa","status":"publish","type":"product","link":"https:\/\/staging.pepiniereezavin.com\/en\/product\/microlepia-strigosa\/","title":{"rendered":"Microlepia strigosa"},"content":{"rendered":"<p>La <strong>\u00ab\u00a0Foug\u00e8re de la Tranquillit\u00e9\u00a0\u00bb<\/strong> forme une touffe de frondes dress\u00e9es <strong>duveteuses<\/strong>. Elle se plait en int\u00e9rieur lumineux et est persistante. En ext\u00e9rieur, elle est caduque aux premiers gels. Rustique jusqu&rsquo;\u00e0 environ -5\u00b0C. Son port vertical en fait une foug\u00e8re tr\u00e8s gracieuse. Culture facile en sol frais et humif\u00e8re.<\/p>\n<p><span style=\"text-decoration: underline;\">Hauteur adulte<\/span>\u00a0: 40\/60 (80) cm.\u00a0<span style=\"text-decoration: underline;\">Origine g\u00e9ographique<\/span>\u00a0: Asie du Sud-Est, Japon.\u00a0<span style=\"text-decoration: underline;\">Persistance hiver<\/span>\u00a0: Persistant.\u00a0<span style=\"text-decoration: underline;\">Rusticit\u00e9 USDA<\/span> : Zone 9 (-6.7\u00b0C\/-1.1\u00b0C).<\/p>","protected":false},"excerpt":{"rendered":"<p>La <strong>\u00ab\u00a0Foug\u00e8re de la Tranquillit\u00e9\u00a0\u00bb<\/strong> forme une touffe de frondes dress\u00e9es <strong>duveteuses<\/strong>. Elle se plait en int\u00e9rieur lumineux et est persistante. En ext\u00e9rieur, elle est caduque aux premiers gels. Rustique jusqu&rsquo;\u00e0 environ -5\u00b0C. Son port vertical en fait une foug\u00e8re tr\u00e8s gracieuse. Culture facile en sol frais et humif\u00e8re.<\/p>\n<p><span style=\"text-decoration: underline;\">Hauteur adulte<\/span>\u00a0: 40\/60 (80) cm.\u00a0<span style=\"text-decoration: underline;\">Origine g\u00e9ographique<\/span>\u00a0: Asie du Sud-Est, Japon.\u00a0<span style=\"text-decoration: underline;\">Persistance hiver<\/span>\u00a0: Persistant.\u00a0<span style=\"text-decoration: underline;\">Rusticit\u00e9 USDA<\/span> : Zone 9 (-6.7\u00b0C\/-1.1\u00b0C).<\/p>","protected":false},"featured_media":30336,"template":"","meta":{"site-sidebar-layout":"default","site-content-layout":"default","ast-global-header-display":"","ast-main-header-display":"","ast-hfb-above-header-display":"","ast-hfb-below-header-display":"","ast-hfb-mobile-header-display":"","site-post-title":"","ast-breadcrumbs-content":"","ast-featured-img":"","footer-sml-layout":"","theme-transparent-header-meta":"default","adv-header-id-meta":"","stick-header-meta":"default","header-above-stick-meta":"","header-main-stick-meta":"","header-below-stick-meta":""},"product_cat":[535,543,544,545],"product_tag":[529,556,533,557],"class_list":["post-30261","product","type-product","status-publish","has-post-thumbnail","hentry","product_cat-fougeres","product_cat-fougeres-interieur","product_cat-fougeres-terrarium","product_cat-fougeres-climat-doux","product_tag-plantes-origine-asiatique","product_tag-plantes-pour-interieur","product_tag-plantes-pour-mur-vegetaux","product_tag-plantes-pour-terrarium","pa_taille-du-pot-pot-15-18-cm-diametre","desktop-align-center","tablet-align-center","mobile-align-center","ast-product-gallery-layout-horizontal","ast-product-single-variable","ast-product-tabs-layout-horizontal","ast-qv-on-image"],"_links":{"self":[{"href":"https:\/\/staging.pepiniereezavin.com\/en\/wp-json\/wp\/v2\/product\/30261","targetHints":{"allow":["GET"]}}],"collection":[{"href":"https:\/\/staging.pepiniereezavin.com\/en\/wp-json\/wp\/v2\/product"}],"about":[{"href":"https:\/\/staging.pepiniereezavin.com\/en\/wp-json\/wp\/v2\/types\/product"}],"wp:featuredmedia":[{"embeddable":true,"href":"https:\/\/staging.pepiniereezavin.com\/en\/wp-json\/wp\/v2\/media\/30336"}],"wp:attachment":[{"href":"https:\/\/staging.pepiniereezavin.com\/en\/wp-json\/wp\/v2\/media?parent=30261"}],"wp:term":[{"taxonomy":"product_cat","embeddable":true,"href":"https:\/\/staging.pepiniereezavin.com\/en\/wp-json\/wp\/v2\/product_cat?post=30261"},{"taxonomy":"product_tag","embeddable":true,"href":"https:\/\/staging.pepiniereezavin.com\/en\/wp-json\/wp\/v2\/product_tag?post=30261"}],"curies":[{"name":"wp","href":"https:\/\/api.w.org\/{rel}","templated":true}]}}