{"id":30305,"date":"2021-12-09T22:49:05","date_gmt":"2021-12-09T21:49:05","guid":{"rendered":"https:\/\/pepiniereezavin.fr\/?post_type=product&#038;p=30305"},"modified":"2022-09-28T11:58:04","modified_gmt":"2022-09-28T09:58:04","slug":"nephrolepis-cordifolia","status":"publish","type":"product","link":"https:\/\/staging.pepiniereezavin.com\/en\/product\/nephrolepis-cordifolia\/","title":{"rendered":"Nephrolepis cordifolia"},"content":{"rendered":"<p>(= <em>N. cordata = N. tuberosa<\/em>, ainsi nomm\u00e9e pour ses tubercules souterrains). <strong>Longues frondes (1 \u00e0 2 m)<\/strong> penn\u00e9es, dress\u00e9es \u00e0 retombantes. Plante envahissante par ses stolons, formant d&rsquo;\u00e9normes touffes en quelques ann\u00e9es. Cette foug\u00e8re se plait \u00e0 mi-ombre ou au\u00a0soleil (une fois implant\u00e9e). Prot\u00e9ger des gels longs, mais supporte quelques jours \u00e0 -8\u00b0, en devenant caduque (dans le jardin : avec paillage naturel de <em>Bergenia<\/em>). Naturalis\u00e9 sur les littoraux Sud et Ouest de la France. Possible en int\u00e9rieur : c&rsquo;est une<strong> incontournable plante de la maison<\/strong> ou de la v\u00e9randa, par sa solidit\u00e9 et sa sobri\u00e9t\u00e9 (les tubercules sont des r\u00e9serves d&rsquo;eau).\u00a0 <span style=\"text-decoration: underline;\">A ne pas confondre avec la foug\u00e8re de Boston, au port plus ramass\u00e9, ne poss\u00e9dant pas de tubercule.<\/span><\/p>\n<p><span style=\"text-decoration: underline;\">Hauteur adulte<\/span>\u00a0: 60\/80 (100) cm.\u00a0<span style=\"text-decoration: underline;\">Origine g\u00e9ographique<\/span>\u00a0: Pantropical.\u00a0<span style=\"text-decoration: underline;\">Persistance hiver<\/span>\u00a0: Semi-persistant.\u00a0<span style=\"text-decoration: underline;\">Rusticit\u00e9 USDA<\/span>\u00a0: Zone 8\/9.<\/p>","protected":false},"excerpt":{"rendered":"<p>(= <em>N. cordata = N. tuberosa<\/em>, ainsi nomm\u00e9e pour ses tubercules souterrains). <strong>Longues frondes (1 \u00e0 2 m)<\/strong> penn\u00e9es, dress\u00e9es \u00e0 retombantes. Plante envahissante par ses stolons, formant d&rsquo;\u00e9normes touffes en quelques ann\u00e9es. Cette foug\u00e8re se plait \u00e0 mi-ombre ou au\u00a0soleil (une fois implant\u00e9e). Prot\u00e9ger des gels longs, mais supporte quelques jours \u00e0 -8\u00b0, en devenant caduque (dans le jardin : avec paillage naturel de <em>Bergenia<\/em>). Naturalis\u00e9 sur les littoraux Sud et Ouest de la France. Possible en int\u00e9rieur : c&rsquo;est une<strong> incontournable plante de la maison<\/strong> ou de la v\u00e9randa, par sa solidit\u00e9 et sa sobri\u00e9t\u00e9 (les tubercules sont des r\u00e9serves d&rsquo;eau).\u00a0 <span style=\"text-decoration: underline;\">A ne pas confondre avec la foug\u00e8re de Boston, au port plus ramass\u00e9, ne poss\u00e9dant pas de tubercule.<\/span><\/p>\n<p><span style=\"text-decoration: underline;\">Hauteur adulte<\/span>\u00a0: 60\/80 (100) cm.\u00a0<span style=\"text-decoration: underline;\">Origine g\u00e9ographique<\/span>\u00a0: Pantropical.\u00a0<span style=\"text-decoration: underline;\">Persistance hiver<\/span>\u00a0: Semi-persistant.\u00a0<span style=\"text-decoration: underline;\">Rusticit\u00e9 USDA<\/span>\u00a0: Zone 8\/9.<\/p>","protected":false},"featured_media":30342,"template":"","meta":{"site-sidebar-layout":"default","site-content-layout":"default","ast-global-header-display":"","ast-main-header-display":"","ast-hfb-above-header-display":"","ast-hfb-below-header-display":"","ast-hfb-mobile-header-display":"","site-post-title":"","ast-breadcrumbs-content":"","ast-featured-img":"","footer-sml-layout":"","theme-transparent-header-meta":"default","adv-header-id-meta":"","stick-header-meta":"default","header-above-stick-meta":"","header-main-stick-meta":"","header-below-stick-meta":""},"product_cat":[535,543,545],"product_tag":[526,527,528,529,531,556,558,533],"class_list":["post-30305","product","type-product","status-publish","has-post-thumbnail","hentry","product_cat-fougeres","product_cat-fougeres-interieur","product_cat-fougeres-climat-doux","product_tag-plantes-couvre-sol","product_tag-plantes-origine-africaine","product_tag-plantes-origine-americaine","product_tag-plantes-origine-asiatique","product_tag-plantes-origine-oceanienne","product_tag-plantes-pour-interieur","product_tag-plantes-pour-climats-doux","product_tag-plantes-pour-mur-vegetaux","pa_taille-du-pot-pot-12-14-cm-diametre","pa_taille-du-pot-pot-15-18-cm-diametre","desktop-align-center","tablet-align-center","mobile-align-center","ast-product-gallery-layout-horizontal","ast-product-single-variable","ast-product-tabs-layout-horizontal","ast-qv-on-image"],"_links":{"self":[{"href":"https:\/\/staging.pepiniereezavin.com\/en\/wp-json\/wp\/v2\/product\/30305","targetHints":{"allow":["GET"]}}],"collection":[{"href":"https:\/\/staging.pepiniereezavin.com\/en\/wp-json\/wp\/v2\/product"}],"about":[{"href":"https:\/\/staging.pepiniereezavin.com\/en\/wp-json\/wp\/v2\/types\/product"}],"wp:featuredmedia":[{"embeddable":true,"href":"https:\/\/staging.pepiniereezavin.com\/en\/wp-json\/wp\/v2\/media\/30342"}],"wp:attachment":[{"href":"https:\/\/staging.pepiniereezavin.com\/en\/wp-json\/wp\/v2\/media?parent=30305"}],"wp:term":[{"taxonomy":"product_cat","embeddable":true,"href":"https:\/\/staging.pepiniereezavin.com\/en\/wp-json\/wp\/v2\/product_cat?post=30305"},{"taxonomy":"product_tag","embeddable":true,"href":"https:\/\/staging.pepiniereezavin.com\/en\/wp-json\/wp\/v2\/product_tag?post=30305"}],"curies":[{"name":"wp","href":"https:\/\/api.w.org\/{rel}","templated":true}]}}